{"id":899,"date":"2025-07-28T08:15:03","date_gmt":"2025-07-28T08:15:03","guid":{"rendered":"https:\/\/drcuneytunsal.com\/tr\/?page_id=899"},"modified":"2025-10-27T12:40:21","modified_gmt":"2025-10-27T12:40:21","slug":"hakkimda","status":"publish","type":"page","link":"https:\/\/drcuneytunsal.com\/tr\/hakkimda\/","title":{"rendered":"Hakk\u0131mda"},"content":{"rendered":"<div id=\"pl-899\"  class=\"panel-layout\" ><div id=\"pg-899-0\"  class=\"panel-grid panel-no-style\" ><div id=\"pgc-899-0-0\"  class=\"panel-grid-cell\" ><div id=\"panel-899-0-0-0\" class=\"so-panel widget widget_sow-editor panel-first-child panel-last-child\" data-index=\"0\" ><div\n\t\t\t\n\t\t\tclass=\"so-widget-sow-editor so-widget-sow-editor-base\"\n\t\t\t\n\t\t>\n<div class=\"siteorigin-widget-tinymce textwidget\">\n\t<p><strong><img loading=\"lazy\" decoding=\"async\" class=\"alignright size-full wp-image-1099 img_mobile\" src=\"https:\/\/drcuneytunsal.com\/tr\/wp-content\/uploads\/cuneyt-unsal-2.jpg\" alt=\"\" width=\"199\" height=\"300\" \/>1988<\/strong> y\u0131l\u0131nda \u0130stanbul Pertevniyal Lisesi\u2019nden mezun olduktan sonra, 1988-1994 y\u0131llar\u0131 aras\u0131nda \u00c7ukurova \u00dcniversitesi\u2019nde t\u0131p e\u011fitimimi tamamlad\u0131m.<\/p>\n<p>Pratisyen hekim olarak mecburi hizmetimi <strong>1994 -1995<\/strong> y\u0131llar\u0131nda Ardahan Devlet Hastanesi Acil Poliklini\u011fi\u2019nde ve <strong>1995-1996<\/strong> y\u0131llar\u0131nda Ardahan Ana \u00c7ocuk Sa\u011fl\u0131\u011f\u0131 ve Aile Planlamas\u0131 Merkezi\u2019nde ger\u00e7ekle\u015ftirdim.<\/p>\n<p><strong>1996 - 1998<\/strong> y\u0131llar\u0131nda Adana Karata\u015f Y\u00fczba\u015f\u0131 Sa\u011fl\u0131k Oca\u011f\u0131\u2019nda pratisyen hekim olarak g\u00f6rev yapt\u0131m.<\/p>\n<p><strong>1998 - 2000<\/strong> y\u0131llar\u0131 aras\u0131nda \u0130stanbul Ko\u015fuyolu Kalp Hastanesi Anestezi ve Reanimasyon Klini\u011fi\u2019nde asistan olarak \u00e7al\u0131\u015ft\u0131m.<\/p>\n<p><strong>2000 - 2002<\/strong> y\u0131llar\u0131nda \u0130stanbul Haydarpa\u015fa Numune E\u011fitim ve Ara\u015ft\u0131rma Hastanesi Acil Poliklini\u011fi\u2019nde g\u00f6rev ald\u0131m.<\/p>\n<p><strong>2002 - 2007<\/strong> y\u0131llar\u0131 aras\u0131nda \u0130stanbul Haydarpa\u015fa Numune E\u011fitim ve Ara\u015ft\u0131rma Hastanesi Psikiyatri Klini\u011fi\u2019nde psikiyatri uzmanl\u0131k e\u011fitimimi tamamlad\u0131m. <em><strong>\u201cYayg\u0131n Anksiyete Bozuklu\u011fu Tan\u0131s\u0131 Alan Hastalar\u0131n Elektrokardiyografilerindeki P-Dalga Dispersiyonu ve QT Dispersiyonu\u201d<\/strong> <\/em>ba\u015fl\u0131kl\u0131 tez \u00e7al\u0131\u015fmamla, \u00f6zellikle yayg\u0131n anksiyete bozuklu\u011funda kalp ritim de\u011fi\u015fikliklerini ara\u015ft\u0131rd\u0131m.<\/p>\n<p><strong>2008 - 2010<\/strong> y\u0131llar\u0131 aras\u0131nda \u0130stanbul Erenk\u00f6y Ruh ve Sinir Hastal\u0131klar\u0131 E\u011fitim ve Ara\u015ft\u0131rma Hastanesi\u2019nde Psikiyatri Uzman\u0131 ve Ba\u015fhekim Yard\u0131mc\u0131s\u0131 olarak g\u00f6rev yapt\u0131m.<\/p>\n<p><strong>2010<\/strong> y\u0131l\u0131nda Beykent \u00dcniversitesi Sosyal Bilimler Enstit\u00fcs\u00fc\u2019nde <strong><em>\u201cHastane ve Sa\u011fl\u0131k Kurumlar\u0131 Y\u00f6netimi\u201d<\/em><\/strong> y\u00fcksek lisans e\u011fitimimi tamamlad\u0131m.<\/p>\n<p><strong>2010 - 2014<\/strong> y\u0131llar\u0131 aras\u0131nda Tekirda\u011f Nam\u0131k Kemal \u00dcniversitesi T\u0131p Fak\u00fcltesi Ruh Sa\u011fl\u0131\u011f\u0131 ve Hastal\u0131klar\u0131 Anabilim Dal\u0131\u2019nda Yrd. Do\u00e7. Dr. unvan\u0131 ile \u00e7al\u0131\u015ft\u0131m. Bu s\u00fcre zarf\u0131nda T\u0131p Fak\u00fcltesi\u2019nde Davran\u0131\u015f Bilimleri, Ruh Sa\u011fl\u0131\u011f\u0131 ve Hastal\u0131klar\u0131, Ya\u015fam Becerileri ve Sosyal Etkinlik derslerini; Sa\u011fl\u0131k Meslek Y\u00fcksekokulu\u2019nda Geriatrik Psikiyatri derslerini; Sa\u011fl\u0131k Y\u00fcksekokulu Hem\u015firelik B\u00f6l\u00fcm\u00fc\u2019nde Psikiyatri Hem\u015fireli\u011fi ve Hem\u015firelikte Y\u00f6netim derslerini; Sosyal Bilimler Enstit\u00fcs\u00fc\u2019nde ise Sa\u011fl\u0131k Kurumlar\u0131 Y\u00f6neticili\u011fi y\u00fcksek lisans derslerini verdim.<\/p>\n<p><strong>2014<\/strong> y\u0131l\u0131nda Do\u00e7ent Doktor unvan\u0131n\u0131 ald\u0131m.<\/p>\n<p><strong>2015 - 2016<\/strong> y\u0131llar\u0131nda K\u0131rklareli \u0130li Kamu Hastaneleri Birli\u011fi Genel Sekreterli\u011fi\u2019nde T\u0131bbi Hizmetler Ba\u015fkan\u0131 olarak g\u00f6rev yapt\u0131m.<\/p>\n<p><strong>2016 - 2017<\/strong> y\u0131llar\u0131 aras\u0131nda \u0130stanbul\u2019da \u00f6zel bir hastanede Psikiyatrist olarak \u00e7al\u0131\u015ft\u0131m.<\/p>\n<p>\u00d6zellikle <strong>\u015fizofreni, anksiyete bozukluklar\u0131, psikokardiyoloji, psikodermatoloji, depresyon, t\u00fckenmi\u015flik sendromu ve psikofarmakoloji<\/strong> konular\u0131nda ulusal ve uluslararas\u0131 bilimsel ara\u015ft\u0131rmalar\u0131m bulunmaktad\u0131r.<\/p>\n<p>H\u00e2len Psikiyatrist-Psikoterapist olarak \u0130stanbul Kad\u0131k\u00f6y Ba\u011fdat Caddesi\u2019ndeki \u00f6zel muayenehanemde dan\u0131\u015fanlar\u0131ma hizmet vermekteyim.<\/p>\n<\/div>\n<\/div><\/div><\/div><\/div><\/div>","protected":false},"excerpt":{"rendered":"<p>1988 y\u0131l\u0131nda \u0130stanbul Pertevniyal Lisesi\u2019nden mezun olduktan sonra, 1988-1994 y\u0131llar\u0131 aras\u0131nda \u00c7ukurova \u00dcniversitesi\u2019nde t\u0131p e\u011fitimimi tamamlad\u0131m. Pratisyen hekim olarak mecburi hizmetimi 1994 -1995 y\u0131llar\u0131nda Ardahan Devlet Hastanesi Acil Poliklini\u011fi\u2019nde ve 1995-1996 y\u0131llar\u0131nda Ardahan Ana \u00c7ocuk Sa\u011fl\u0131\u011f\u0131 ve Aile Planlamas\u0131 Merkezi\u2019nde ger\u00e7ekle\u015ftirdim. 1996 &#8211; 1998 y\u0131llar\u0131nda Adana Karata\u015f Y\u00fczba\u015f\u0131 Sa\u011fl\u0131k Oca\u011f\u0131\u2019nda pratisyen hekim olarak g\u00f6rev yapt\u0131m. &hellip;<\/p>\n","protected":false},"author":1,"featured_media":1079,"parent":0,"menu_order":0,"comment_status":"closed","ping_status":"closed","template":"","meta":{"_acf_changed":false,"footnotes":""},"class_list":["post-899","page","type-page","status-publish","has-post-thumbnail","hentry"],"acf":[],"yoast_head":"<!-- This site is optimized with the Yoast SEO plugin v25.1 - https:\/\/yoast.com\/wordpress\/plugins\/seo\/ -->\n<title>Hakk\u0131mda - Do\u00e7. Dr. C\u00fcneyt \u00dcnsal<\/title>\n<meta name=\"description\" content=\"Muayenehane G\u00f6r\u00fc\u015fmesi &amp; Online Terapi Randevusu -- Fenerbah\u00e7e Mh. Ba\u011fdat Cd. Temel Apt. No:146\/7 Kad\u0131k\u00f6y, \u0130STANBUL\" \/>\n<meta name=\"robots\" content=\"index, follow, max-snippet:-1, max-image-preview:large, max-video-preview:-1\" \/>\n<link rel=\"canonical\" href=\"https:\/\/drcuneytunsal.com\/tr\/hakkimda\/\" \/>\n<meta property=\"og:locale\" content=\"tr_TR\" \/>\n<meta property=\"og:type\" content=\"article\" \/>\n<meta property=\"og:title\" content=\"Hakk\u0131mda - Do\u00e7. Dr. C\u00fcneyt \u00dcnsal\" \/>\n<meta property=\"og:description\" content=\"Muayenehane G\u00f6r\u00fc\u015fmesi &amp; Online Terapi Randevusu -- Fenerbah\u00e7e Mh. Ba\u011fdat Cd. Temel Apt. No:146\/7 Kad\u0131k\u00f6y, \u0130STANBUL\" \/>\n<meta property=\"og:url\" content=\"https:\/\/drcuneytunsal.com\/tr\/hakkimda\/\" \/>\n<meta property=\"og:site_name\" content=\"Do\u00e7. Dr. C\u00fcneyt \u00dcnsal\" \/>\n<meta property=\"article:modified_time\" content=\"2025-10-27T12:40:21+00:00\" \/>\n<meta property=\"og:image\" content=\"https:\/\/drcuneytunsal.com\/tr\/wp-content\/uploads\/cuneyt-unsal.jpg\" \/>\n\t<meta property=\"og:image:width\" content=\"850\" \/>\n\t<meta property=\"og:image:height\" content=\"400\" \/>\n\t<meta property=\"og:image:type\" content=\"image\/jpeg\" \/>\n<meta name=\"twitter:card\" content=\"summary_large_image\" \/>\n<meta name=\"twitter:label1\" content=\"Tahmini okuma s\u00fcresi\" \/>\n\t<meta name=\"twitter:data1\" content=\"3 dakika\" \/>\n<script type=\"application\/ld+json\" class=\"yoast-schema-graph\">{\"@context\":\"https:\/\/schema.org\",\"@graph\":[{\"@type\":\"WebPage\",\"@id\":\"https:\/\/drcuneytunsal.com\/tr\/hakkimda\/\",\"url\":\"https:\/\/drcuneytunsal.com\/tr\/hakkimda\/\",\"name\":\"Hakk\u0131mda - Do\u00e7. Dr. C\u00fcneyt \u00dcnsal\",\"isPartOf\":{\"@id\":\"https:\/\/drcuneytunsal.com\/tr\/#website\"},\"primaryImageOfPage\":{\"@id\":\"https:\/\/drcuneytunsal.com\/tr\/hakkimda\/#primaryimage\"},\"image\":{\"@id\":\"https:\/\/drcuneytunsal.com\/tr\/hakkimda\/#primaryimage\"},\"thumbnailUrl\":\"https:\/\/drcuneytunsal.com\/tr\/wp-content\/uploads\/cuneyt-unsal.jpg\",\"datePublished\":\"2025-07-28T08:15:03+00:00\",\"dateModified\":\"2025-10-27T12:40:21+00:00\",\"description\":\"Muayenehane G\u00f6r\u00fc\u015fmesi & Online Terapi Randevusu -- Fenerbah\u00e7e Mh. Ba\u011fdat Cd. Temel Apt. No:146\/7 Kad\u0131k\u00f6y, \u0130STANBUL\",\"breadcrumb\":{\"@id\":\"https:\/\/drcuneytunsal.com\/tr\/hakkimda\/#breadcrumb\"},\"inLanguage\":\"tr\",\"potentialAction\":[{\"@type\":\"ReadAction\",\"target\":[\"https:\/\/drcuneytunsal.com\/tr\/hakkimda\/\"]}]},{\"@type\":\"ImageObject\",\"inLanguage\":\"tr\",\"@id\":\"https:\/\/drcuneytunsal.com\/tr\/hakkimda\/#primaryimage\",\"url\":\"https:\/\/drcuneytunsal.com\/tr\/wp-content\/uploads\/cuneyt-unsal.jpg\",\"contentUrl\":\"https:\/\/drcuneytunsal.com\/tr\/wp-content\/uploads\/cuneyt-unsal.jpg\",\"width\":850,\"height\":400},{\"@type\":\"BreadcrumbList\",\"@id\":\"https:\/\/drcuneytunsal.com\/tr\/hakkimda\/#breadcrumb\",\"itemListElement\":[{\"@type\":\"ListItem\",\"position\":1,\"name\":\"Anasayfa\",\"item\":\"https:\/\/drcuneytunsal.com\/tr\/\"},{\"@type\":\"ListItem\",\"position\":2,\"name\":\"Hakk\u0131mda\"}]},{\"@type\":\"WebSite\",\"@id\":\"https:\/\/drcuneytunsal.com\/tr\/#website\",\"url\":\"https:\/\/drcuneytunsal.com\/tr\/\",\"name\":\"Do\u00e7. Dr. C\u00fcneyt \u00dcnsal\",\"description\":\"Psikiyatrist - Psikoterapist\",\"potentialAction\":[{\"@type\":\"SearchAction\",\"target\":{\"@type\":\"EntryPoint\",\"urlTemplate\":\"https:\/\/drcuneytunsal.com\/tr\/?s={search_term_string}\"},\"query-input\":{\"@type\":\"PropertyValueSpecification\",\"valueRequired\":true,\"valueName\":\"search_term_string\"}}],\"inLanguage\":\"tr\"}]}<\/script>\n<!-- \/ Yoast SEO plugin. -->","yoast_head_json":{"title":"Hakk\u0131mda - Do\u00e7. Dr. C\u00fcneyt \u00dcnsal","description":"Muayenehane G\u00f6r\u00fc\u015fmesi & Online Terapi Randevusu -- Fenerbah\u00e7e Mh. Ba\u011fdat Cd. Temel Apt. No:146\/7 Kad\u0131k\u00f6y, \u0130STANBUL","robots":{"index":"index","follow":"follow","max-snippet":"max-snippet:-1","max-image-preview":"max-image-preview:large","max-video-preview":"max-video-preview:-1"},"canonical":"https:\/\/drcuneytunsal.com\/tr\/hakkimda\/","og_locale":"tr_TR","og_type":"article","og_title":"Hakk\u0131mda - Do\u00e7. Dr. C\u00fcneyt \u00dcnsal","og_description":"Muayenehane G\u00f6r\u00fc\u015fmesi & Online Terapi Randevusu -- Fenerbah\u00e7e Mh. Ba\u011fdat Cd. Temel Apt. No:146\/7 Kad\u0131k\u00f6y, \u0130STANBUL","og_url":"https:\/\/drcuneytunsal.com\/tr\/hakkimda\/","og_site_name":"Do\u00e7. Dr. C\u00fcneyt \u00dcnsal","article_modified_time":"2025-10-27T12:40:21+00:00","og_image":[{"width":850,"height":400,"url":"https:\/\/drcuneytunsal.com\/tr\/wp-content\/uploads\/cuneyt-unsal.jpg","type":"image\/jpeg"}],"twitter_card":"summary_large_image","twitter_misc":{"Tahmini okuma s\u00fcresi":"3 dakika"},"schema":{"@context":"https:\/\/schema.org","@graph":[{"@type":"WebPage","@id":"https:\/\/drcuneytunsal.com\/tr\/hakkimda\/","url":"https:\/\/drcuneytunsal.com\/tr\/hakkimda\/","name":"Hakk\u0131mda - Do\u00e7. Dr. C\u00fcneyt \u00dcnsal","isPartOf":{"@id":"https:\/\/drcuneytunsal.com\/tr\/#website"},"primaryImageOfPage":{"@id":"https:\/\/drcuneytunsal.com\/tr\/hakkimda\/#primaryimage"},"image":{"@id":"https:\/\/drcuneytunsal.com\/tr\/hakkimda\/#primaryimage"},"thumbnailUrl":"https:\/\/drcuneytunsal.com\/tr\/wp-content\/uploads\/cuneyt-unsal.jpg","datePublished":"2025-07-28T08:15:03+00:00","dateModified":"2025-10-27T12:40:21+00:00","description":"Muayenehane G\u00f6r\u00fc\u015fmesi & Online Terapi Randevusu -- Fenerbah\u00e7e Mh. Ba\u011fdat Cd. Temel Apt. No:146\/7 Kad\u0131k\u00f6y, \u0130STANBUL","breadcrumb":{"@id":"https:\/\/drcuneytunsal.com\/tr\/hakkimda\/#breadcrumb"},"inLanguage":"tr","potentialAction":[{"@type":"ReadAction","target":["https:\/\/drcuneytunsal.com\/tr\/hakkimda\/"]}]},{"@type":"ImageObject","inLanguage":"tr","@id":"https:\/\/drcuneytunsal.com\/tr\/hakkimda\/#primaryimage","url":"https:\/\/drcuneytunsal.com\/tr\/wp-content\/uploads\/cuneyt-unsal.jpg","contentUrl":"https:\/\/drcuneytunsal.com\/tr\/wp-content\/uploads\/cuneyt-unsal.jpg","width":850,"height":400},{"@type":"BreadcrumbList","@id":"https:\/\/drcuneytunsal.com\/tr\/hakkimda\/#breadcrumb","itemListElement":[{"@type":"ListItem","position":1,"name":"Anasayfa","item":"https:\/\/drcuneytunsal.com\/tr\/"},{"@type":"ListItem","position":2,"name":"Hakk\u0131mda"}]},{"@type":"WebSite","@id":"https:\/\/drcuneytunsal.com\/tr\/#website","url":"https:\/\/drcuneytunsal.com\/tr\/","name":"Do\u00e7. Dr. C\u00fcneyt \u00dcnsal","description":"Psikiyatrist - Psikoterapist","potentialAction":[{"@type":"SearchAction","target":{"@type":"EntryPoint","urlTemplate":"https:\/\/drcuneytunsal.com\/tr\/?s={search_term_string}"},"query-input":{"@type":"PropertyValueSpecification","valueRequired":true,"valueName":"search_term_string"}}],"inLanguage":"tr"}]}},"_links":{"self":[{"href":"https:\/\/drcuneytunsal.com\/tr\/wp-json\/wp\/v2\/pages\/899","targetHints":{"allow":["GET"]}}],"collection":[{"href":"https:\/\/drcuneytunsal.com\/tr\/wp-json\/wp\/v2\/pages"}],"about":[{"href":"https:\/\/drcuneytunsal.com\/tr\/wp-json\/wp\/v2\/types\/page"}],"author":[{"embeddable":true,"href":"https:\/\/drcuneytunsal.com\/tr\/wp-json\/wp\/v2\/users\/1"}],"replies":[{"embeddable":true,"href":"https:\/\/drcuneytunsal.com\/tr\/wp-json\/wp\/v2\/comments?post=899"}],"version-history":[{"count":10,"href":"https:\/\/drcuneytunsal.com\/tr\/wp-json\/wp\/v2\/pages\/899\/revisions"}],"predecessor-version":[{"id":1340,"href":"https:\/\/drcuneytunsal.com\/tr\/wp-json\/wp\/v2\/pages\/899\/revisions\/1340"}],"wp:featuredmedia":[{"embeddable":true,"href":"https:\/\/drcuneytunsal.com\/tr\/wp-json\/wp\/v2\/media\/1079"}],"wp:attachment":[{"href":"https:\/\/drcuneytunsal.com\/tr\/wp-json\/wp\/v2\/media?parent=899"}],"curies":[{"name":"wp","href":"https:\/\/api.w.org\/{rel}","templated":true}]}}