{"id":1614,"date":"2025-10-27T12:53:42","date_gmt":"2025-10-27T12:53:42","guid":{"rendered":"https:\/\/drcuneytunsal.com\/tr\/?page_id=1614"},"modified":"2025-12-17T11:46:11","modified_gmt":"2025-12-17T11:46:11","slug":"sikca-sorulan-sorular","status":"publish","type":"page","link":"https:\/\/drcuneytunsal.com\/tr\/sikca-sorulan-sorular\/","title":{"rendered":"S\u0131k\u00e7a Sorulan Sorular"},"content":{"rendered":"<div id=\"pl-1614\"  class=\"panel-layout\" ><div id=\"pg-1614-0\"  class=\"panel-grid panel-no-style\" ><div id=\"pgc-1614-0-0\"  class=\"panel-grid-cell\" ><div id=\"panel-1614-0-0-0\" class=\"so-panel widget widget_sow-editor panel-first-child panel-last-child\" data-index=\"0\" ><div\n\t\t\t\n\t\t\tclass=\"so-widget-sow-editor so-widget-sow-editor-base\"\n\t\t\t\n\t\t>\n<div class=\"siteorigin-widget-tinymce textwidget\">\n\t<div class=\"bdpp-wrap bdpp-lite bdpp-post-grid-wrap bdpp-post-data-wrap bdpp-design-2 bdpp-grid-2  bdpp-clearfix\" id=\"bdpp-post-grid-1\">\r\n\t<div class=\"bdpp-post-grid-inr-wrap bdpp-post-data-inr-wrap bdpp-clearfix\"><div class=\"bdpp-post-grid bdpp-col-2 bdpp-columns bdpp-post-1403 bdpp-post-standard bdpp-first bdpp-has-thumb\">\r\n\t<div class=\"bdpp-post-grid-content\">\r\n\t\t\t\t<div class=\"bdpp-post-img-bg\">\r\n\t\t\t<a href=\"https:\/\/drcuneytunsal.com\/tr\/panik-atak-ve-panik-bozukluk\/\">\r\n\t\t\t\t<img decoding=\"async\" src=\"https:\/\/drcuneytunsal.com\/tr\/wp-content\/uploads\/10_panik-bozukluk-768x512.jpg\" class=\"bdpp-img bdpp-post-feat-img\" alt=\"Panik Atak ve Panik Bozukluk Fark\u0131\" \/>\r\n\t\t\t<\/a>\r\n\t\t<\/div>\r\n\t\t\r\n\t\t<div class=\"bdpp-post-margin-content\">\r\n\t\t\t\r\n\t\t\t<h2 class=\"bdpp-post-title\">\r\n\t\t\t\t<a href=\"https:\/\/drcuneytunsal.com\/tr\/panik-atak-ve-panik-bozukluk\/\">Panik Atak ve Panik Bozukluk Fark\u0131<\/a>\r\n\t\t\t<\/h2>\r\n\r\n\t\t\t\t\t\t<div class=\"bdpp-post-content\">\r\n\t\t\t\t<div class=\"bdpp-post-desc\">Panik atak, aniden ba\u015flayan, \u015fiddetli korku veya rahats\u0131zl\u0131k duygusuyla birlikte \u00e7arp\u0131nt\u0131, nefes darl\u0131\u011f\u0131, terleme, ba\u015f d\u00f6nmesi gibi yo\u011fun bedensel belirtilerin e\u015flik etti\u011fi bir durumdur. Tek ba\u015f\u0131na ya\u015fand\u0131\u011f\u0131nda panik atak, her...<\/div>\r\n\t\t\t\t\t\t\t\t\t<a href=\"https:\/\/drcuneytunsal.com\/tr\/panik-atak-ve-panik-bozukluk\/\" class=\"bdpp-rdmr-btn\">Devam\u0131n\u0131 Oku<\/a>\r\n\t\t\t\t\t\t\t<\/div>\r\n\t\t\t\t\t<\/div>\r\n\t<\/div>\r\n<\/div><div class=\"bdpp-post-grid bdpp-col-2 bdpp-columns bdpp-post-1394 bdpp-post-standard bdpp-has-thumb\">\r\n\t<div class=\"bdpp-post-grid-content\">\r\n\t\t\t\t<div class=\"bdpp-post-img-bg\">\r\n\t\t\t<a href=\"https:\/\/drcuneytunsal.com\/tr\/major-depresif-bozukluk-ve-depresyon\/\">\r\n\t\t\t\t<img decoding=\"async\" src=\"https:\/\/drcuneytunsal.com\/tr\/wp-content\/uploads\/6_major-depresif-bozukluk-768x512.jpg\" class=\"bdpp-img bdpp-post-feat-img\" alt=\"Maj\u00f6r Depresif Bozukluk ve Depresyon Fark\u0131\" \/>\r\n\t\t\t<\/a>\r\n\t\t<\/div>\r\n\t\t\r\n\t\t<div class=\"bdpp-post-margin-content\">\r\n\t\t\t\r\n\t\t\t<h2 class=\"bdpp-post-title\">\r\n\t\t\t\t<a href=\"https:\/\/drcuneytunsal.com\/tr\/major-depresif-bozukluk-ve-depresyon\/\">Maj\u00f6r Depresif Bozukluk ve Depresyon Fark\u0131<\/a>\r\n\t\t\t<\/h2>\r\n\r\n\t\t\t\t\t\t<div class=\"bdpp-post-content\">\r\n\t\t\t\t<div class=\"bdpp-post-desc\">Depresyon, halk aras\u0131nda genellikle \u00fcz\u00fcnt\u00fc, isteksizlik veya moral bozuklu\u011fu anlam\u0131nda kullan\u0131lan geni\u015f bir kavramd\u0131r. Bu durum k\u0131sa s\u00fcreli ya\u015fanabilir ve g\u00fcndelik ya\u015fam olaylar\u0131yla ili\u015fkili olabilir. Maj\u00f6r Depresif Bozukluk ise psikiyatride...<\/div>\r\n\t\t\t\t\t\t\t\t\t<a href=\"https:\/\/drcuneytunsal.com\/tr\/major-depresif-bozukluk-ve-depresyon\/\" class=\"bdpp-rdmr-btn\">Devam\u0131n\u0131 Oku<\/a>\r\n\t\t\t\t\t\t\t<\/div>\r\n\t\t\t\t\t<\/div>\r\n\t<\/div>\r\n<\/div>\t<\/div>\r\n\t<\/div>\n<\/div>\n<\/div><\/div><\/div><\/div><\/div>","protected":false},"excerpt":{"rendered":"<p>Depresyon, halk aras\u0131nda genellikle \u00fcz\u00fcnt\u00fc, isteksizlik veya moral bozuklu\u011fu anlam\u0131nda kullan\u0131lan geni\u015f bir kavramd\u0131r. Bu durum k\u0131sa s\u00fcreli ya\u015fanabilir ve g\u00fcndelik ya\u015fam olaylar\u0131yla ili\u015fkili olabilir. Maj\u00f6r Depresif Bozukluk ise psikiyatride tan\u0131mlanm\u0131\u015f klinik bir tan\u0131d\u0131r ve belirli tan\u0131 kriterlerine g\u00f6re de\u011ferlendirilir. Maj\u00f6r Depresif Bozukluk\u2019ta en az iki hafta s\u00fcren yo\u011fun \u00e7\u00f6kk\u00fcnl\u00fck hali, hayattan zevk alamama, i\u015flevsellikte &hellip;<\/p>\n","protected":false},"author":1,"featured_media":1079,"parent":0,"menu_order":0,"comment_status":"closed","ping_status":"closed","template":"","meta":{"_acf_changed":false,"footnotes":""},"class_list":["post-1614","page","type-page","status-publish","has-post-thumbnail","hentry"],"acf":[],"yoast_head":"<!-- This site is optimized with the Yoast SEO plugin v25.1 - https:\/\/yoast.com\/wordpress\/plugins\/seo\/ -->\n<title>S\u0131k\u00e7a Sorulan Sorular - Do\u00e7. Dr. C\u00fcneyt \u00dcnsal<\/title>\n<meta name=\"description\" content=\"Muayenehane G\u00f6r\u00fc\u015fmesi &amp; Online Terapi Randevusu -- Fenerbah\u00e7e Mh. Ba\u011fdat Cd. Temel Apt. No:146\/7 Kad\u0131k\u00f6y, \u0130STANBUL\" \/>\n<meta name=\"robots\" content=\"index, follow, max-snippet:-1, max-image-preview:large, max-video-preview:-1\" \/>\n<link rel=\"canonical\" href=\"https:\/\/drcuneytunsal.com\/tr\/sikca-sorulan-sorular\/\" \/>\n<meta property=\"og:locale\" content=\"tr_TR\" \/>\n<meta property=\"og:type\" content=\"article\" \/>\n<meta property=\"og:title\" content=\"S\u0131k\u00e7a Sorulan Sorular - Do\u00e7. Dr. C\u00fcneyt \u00dcnsal\" \/>\n<meta property=\"og:description\" content=\"Muayenehane G\u00f6r\u00fc\u015fmesi &amp; Online Terapi Randevusu -- Fenerbah\u00e7e Mh. Ba\u011fdat Cd. Temel Apt. No:146\/7 Kad\u0131k\u00f6y, \u0130STANBUL\" \/>\n<meta property=\"og:url\" content=\"https:\/\/drcuneytunsal.com\/tr\/sikca-sorulan-sorular\/\" \/>\n<meta property=\"og:site_name\" content=\"Do\u00e7. Dr. C\u00fcneyt \u00dcnsal\" \/>\n<meta property=\"article:modified_time\" content=\"2025-12-17T11:46:11+00:00\" \/>\n<meta property=\"og:image\" content=\"https:\/\/drcuneytunsal.com\/tr\/wp-content\/uploads\/cuneyt-unsal.jpg\" \/>\n\t<meta property=\"og:image:width\" content=\"850\" \/>\n\t<meta property=\"og:image:height\" content=\"400\" \/>\n\t<meta property=\"og:image:type\" content=\"image\/jpeg\" \/>\n<meta name=\"twitter:card\" content=\"summary_large_image\" \/>\n<meta name=\"twitter:label1\" content=\"Tahmini okuma s\u00fcresi\" \/>\n\t<meta name=\"twitter:data1\" content=\"2 dakika\" \/>\n<script type=\"application\/ld+json\" class=\"yoast-schema-graph\">{\"@context\":\"https:\/\/schema.org\",\"@graph\":[{\"@type\":\"WebPage\",\"@id\":\"https:\/\/drcuneytunsal.com\/tr\/sikca-sorulan-sorular\/\",\"url\":\"https:\/\/drcuneytunsal.com\/tr\/sikca-sorulan-sorular\/\",\"name\":\"S\u0131k\u00e7a Sorulan Sorular - Do\u00e7. Dr. C\u00fcneyt \u00dcnsal\",\"isPartOf\":{\"@id\":\"https:\/\/drcuneytunsal.com\/tr\/#website\"},\"primaryImageOfPage\":{\"@id\":\"https:\/\/drcuneytunsal.com\/tr\/sikca-sorulan-sorular\/#primaryimage\"},\"image\":{\"@id\":\"https:\/\/drcuneytunsal.com\/tr\/sikca-sorulan-sorular\/#primaryimage\"},\"thumbnailUrl\":\"https:\/\/drcuneytunsal.com\/tr\/wp-content\/uploads\/cuneyt-unsal.jpg\",\"datePublished\":\"2025-10-27T12:53:42+00:00\",\"dateModified\":\"2025-12-17T11:46:11+00:00\",\"description\":\"Muayenehane G\u00f6r\u00fc\u015fmesi & Online Terapi Randevusu -- Fenerbah\u00e7e Mh. Ba\u011fdat Cd. Temel Apt. No:146\/7 Kad\u0131k\u00f6y, \u0130STANBUL\",\"breadcrumb\":{\"@id\":\"https:\/\/drcuneytunsal.com\/tr\/sikca-sorulan-sorular\/#breadcrumb\"},\"inLanguage\":\"tr\",\"potentialAction\":[{\"@type\":\"ReadAction\",\"target\":[\"https:\/\/drcuneytunsal.com\/tr\/sikca-sorulan-sorular\/\"]}]},{\"@type\":\"ImageObject\",\"inLanguage\":\"tr\",\"@id\":\"https:\/\/drcuneytunsal.com\/tr\/sikca-sorulan-sorular\/#primaryimage\",\"url\":\"https:\/\/drcuneytunsal.com\/tr\/wp-content\/uploads\/cuneyt-unsal.jpg\",\"contentUrl\":\"https:\/\/drcuneytunsal.com\/tr\/wp-content\/uploads\/cuneyt-unsal.jpg\",\"width\":850,\"height\":400},{\"@type\":\"BreadcrumbList\",\"@id\":\"https:\/\/drcuneytunsal.com\/tr\/sikca-sorulan-sorular\/#breadcrumb\",\"itemListElement\":[{\"@type\":\"ListItem\",\"position\":1,\"name\":\"Anasayfa\",\"item\":\"https:\/\/drcuneytunsal.com\/tr\/\"},{\"@type\":\"ListItem\",\"position\":2,\"name\":\"S\u0131k\u00e7a Sorulan Sorular\"}]},{\"@type\":\"WebSite\",\"@id\":\"https:\/\/drcuneytunsal.com\/tr\/#website\",\"url\":\"https:\/\/drcuneytunsal.com\/tr\/\",\"name\":\"Do\u00e7. Dr. C\u00fcneyt \u00dcnsal\",\"description\":\"Psikiyatrist - Psikoterapist\",\"potentialAction\":[{\"@type\":\"SearchAction\",\"target\":{\"@type\":\"EntryPoint\",\"urlTemplate\":\"https:\/\/drcuneytunsal.com\/tr\/?s={search_term_string}\"},\"query-input\":{\"@type\":\"PropertyValueSpecification\",\"valueRequired\":true,\"valueName\":\"search_term_string\"}}],\"inLanguage\":\"tr\"}]}<\/script>\n<!-- \/ Yoast SEO plugin. -->","yoast_head_json":{"title":"S\u0131k\u00e7a Sorulan Sorular - Do\u00e7. Dr. C\u00fcneyt \u00dcnsal","description":"Muayenehane G\u00f6r\u00fc\u015fmesi & Online Terapi Randevusu -- Fenerbah\u00e7e Mh. Ba\u011fdat Cd. Temel Apt. No:146\/7 Kad\u0131k\u00f6y, \u0130STANBUL","robots":{"index":"index","follow":"follow","max-snippet":"max-snippet:-1","max-image-preview":"max-image-preview:large","max-video-preview":"max-video-preview:-1"},"canonical":"https:\/\/drcuneytunsal.com\/tr\/sikca-sorulan-sorular\/","og_locale":"tr_TR","og_type":"article","og_title":"S\u0131k\u00e7a Sorulan Sorular - Do\u00e7. Dr. C\u00fcneyt \u00dcnsal","og_description":"Muayenehane G\u00f6r\u00fc\u015fmesi & Online Terapi Randevusu -- Fenerbah\u00e7e Mh. Ba\u011fdat Cd. Temel Apt. No:146\/7 Kad\u0131k\u00f6y, \u0130STANBUL","og_url":"https:\/\/drcuneytunsal.com\/tr\/sikca-sorulan-sorular\/","og_site_name":"Do\u00e7. Dr. C\u00fcneyt \u00dcnsal","article_modified_time":"2025-12-17T11:46:11+00:00","og_image":[{"width":850,"height":400,"url":"https:\/\/drcuneytunsal.com\/tr\/wp-content\/uploads\/cuneyt-unsal.jpg","type":"image\/jpeg"}],"twitter_card":"summary_large_image","twitter_misc":{"Tahmini okuma s\u00fcresi":"2 dakika"},"schema":{"@context":"https:\/\/schema.org","@graph":[{"@type":"WebPage","@id":"https:\/\/drcuneytunsal.com\/tr\/sikca-sorulan-sorular\/","url":"https:\/\/drcuneytunsal.com\/tr\/sikca-sorulan-sorular\/","name":"S\u0131k\u00e7a Sorulan Sorular - Do\u00e7. Dr. C\u00fcneyt \u00dcnsal","isPartOf":{"@id":"https:\/\/drcuneytunsal.com\/tr\/#website"},"primaryImageOfPage":{"@id":"https:\/\/drcuneytunsal.com\/tr\/sikca-sorulan-sorular\/#primaryimage"},"image":{"@id":"https:\/\/drcuneytunsal.com\/tr\/sikca-sorulan-sorular\/#primaryimage"},"thumbnailUrl":"https:\/\/drcuneytunsal.com\/tr\/wp-content\/uploads\/cuneyt-unsal.jpg","datePublished":"2025-10-27T12:53:42+00:00","dateModified":"2025-12-17T11:46:11+00:00","description":"Muayenehane G\u00f6r\u00fc\u015fmesi & Online Terapi Randevusu -- Fenerbah\u00e7e Mh. Ba\u011fdat Cd. Temel Apt. No:146\/7 Kad\u0131k\u00f6y, \u0130STANBUL","breadcrumb":{"@id":"https:\/\/drcuneytunsal.com\/tr\/sikca-sorulan-sorular\/#breadcrumb"},"inLanguage":"tr","potentialAction":[{"@type":"ReadAction","target":["https:\/\/drcuneytunsal.com\/tr\/sikca-sorulan-sorular\/"]}]},{"@type":"ImageObject","inLanguage":"tr","@id":"https:\/\/drcuneytunsal.com\/tr\/sikca-sorulan-sorular\/#primaryimage","url":"https:\/\/drcuneytunsal.com\/tr\/wp-content\/uploads\/cuneyt-unsal.jpg","contentUrl":"https:\/\/drcuneytunsal.com\/tr\/wp-content\/uploads\/cuneyt-unsal.jpg","width":850,"height":400},{"@type":"BreadcrumbList","@id":"https:\/\/drcuneytunsal.com\/tr\/sikca-sorulan-sorular\/#breadcrumb","itemListElement":[{"@type":"ListItem","position":1,"name":"Anasayfa","item":"https:\/\/drcuneytunsal.com\/tr\/"},{"@type":"ListItem","position":2,"name":"S\u0131k\u00e7a Sorulan Sorular"}]},{"@type":"WebSite","@id":"https:\/\/drcuneytunsal.com\/tr\/#website","url":"https:\/\/drcuneytunsal.com\/tr\/","name":"Do\u00e7. Dr. C\u00fcneyt \u00dcnsal","description":"Psikiyatrist - Psikoterapist","potentialAction":[{"@type":"SearchAction","target":{"@type":"EntryPoint","urlTemplate":"https:\/\/drcuneytunsal.com\/tr\/?s={search_term_string}"},"query-input":{"@type":"PropertyValueSpecification","valueRequired":true,"valueName":"search_term_string"}}],"inLanguage":"tr"}]}},"_links":{"self":[{"href":"https:\/\/drcuneytunsal.com\/tr\/wp-json\/wp\/v2\/pages\/1614","targetHints":{"allow":["GET"]}}],"collection":[{"href":"https:\/\/drcuneytunsal.com\/tr\/wp-json\/wp\/v2\/pages"}],"about":[{"href":"https:\/\/drcuneytunsal.com\/tr\/wp-json\/wp\/v2\/types\/page"}],"author":[{"embeddable":true,"href":"https:\/\/drcuneytunsal.com\/tr\/wp-json\/wp\/v2\/users\/1"}],"replies":[{"embeddable":true,"href":"https:\/\/drcuneytunsal.com\/tr\/wp-json\/wp\/v2\/comments?post=1614"}],"version-history":[{"count":2,"href":"https:\/\/drcuneytunsal.com\/tr\/wp-json\/wp\/v2\/pages\/1614\/revisions"}],"predecessor-version":[{"id":1616,"href":"https:\/\/drcuneytunsal.com\/tr\/wp-json\/wp\/v2\/pages\/1614\/revisions\/1616"}],"wp:featuredmedia":[{"embeddable":true,"href":"https:\/\/drcuneytunsal.com\/tr\/wp-json\/wp\/v2\/media\/1079"}],"wp:attachment":[{"href":"https:\/\/drcuneytunsal.com\/tr\/wp-json\/wp\/v2\/media?parent=1614"}],"curies":[{"name":"wp","href":"https:\/\/api.w.org\/{rel}","templated":true}]}}