{"id":1492,"date":"2025-09-29T06:52:30","date_gmt":"2025-09-29T06:52:30","guid":{"rendered":"https:\/\/drcuneytunsal.com\/tr\/?page_id=1492"},"modified":"2025-10-01T13:15:49","modified_gmt":"2025-10-01T13:15:49","slug":"online-terapi-deneyimimiz","status":"publish","type":"page","link":"https:\/\/drcuneytunsal.com\/tr\/online-terapi-deneyimimiz\/","title":{"rendered":"Online Terapi Deneyimimiz"},"content":{"rendered":"<div id=\"pl-1492\"  class=\"panel-layout\" ><div id=\"pg-1492-0\"  class=\"panel-grid panel-no-style\" ><div id=\"pgc-1492-0-0\"  class=\"panel-grid-cell\" ><div id=\"panel-1492-0-0-0\" class=\"so-panel widget widget_sow-editor panel-first-child panel-last-child\" data-index=\"0\" ><div\n\t\t\t\n\t\t\tclass=\"so-widget-sow-editor so-widget-sow-editor-base\"\n\t\t\t\n\t\t>\n<div class=\"siteorigin-widget-tinymce textwidget\">\n\t<h2>Online Terapiye \u0130lk Ad\u0131mlar\u0131m\u0131z<\/h2>\n<p><strong>Online terapi uygulamas\u0131na y\u00f6nelik ilk deneyimlerimiz, 2017 y\u0131l\u0131nda muayenehane hekimli\u011fi ile birlikte ortaya \u00e7\u0131kmaya ba\u015flad\u0131. Yakla\u015f\u0131k sekiz y\u0131ll\u0131k s\u00fcre\u00e7te, \u00f6zellikle yurt d\u0131\u015f\u0131nda ya\u015fayan T\u00fcrk dan\u0131\u015fanlar\u0131n ana dilinde psikolojik destek aray\u0131\u015f\u0131 dikkat \u00e7ekti. Bulunduklar\u0131 \u00fclkelerde bu ihtiyaca kolayca kar\u015f\u0131l\u0131k bulamayan bireylerin \u00e7evrim i\u00e7i terapiye y\u00f6neldi\u011fini g\u00f6zlemledik.<\/strong><\/p>\n<p><strong><img loading=\"lazy\" decoding=\"async\" class=\"alignright wp-image-1496\" src=\"https:\/\/drcuneytunsal.com\/tr\/wp-content\/uploads\/online-terapi.jpg\" alt=\"online terapi\" width=\"325\" height=\"488\" srcset=\"https:\/\/drcuneytunsal.com\/tr\/wp-content\/uploads\/online-terapi.jpg 1280w, https:\/\/drcuneytunsal.com\/tr\/wp-content\/uploads\/online-terapi-200x300.jpg 200w, https:\/\/drcuneytunsal.com\/tr\/wp-content\/uploads\/online-terapi-683x1024.jpg 683w, https:\/\/drcuneytunsal.com\/tr\/wp-content\/uploads\/online-terapi-768x1152.jpg 768w, https:\/\/drcuneytunsal.com\/tr\/wp-content\/uploads\/online-terapi-1024x1536.jpg 1024w\" sizes=\"auto, (max-width: 325px) 100vw, 325px\" \/><\/strong><\/p>\n<p>Benzer \u015fekilde, T\u00fcrkiye\u2019nin farkl\u0131 illerinde ya\u015fay\u0131p \u0130stanbul\u2019a gelme imk\u00e2n\u0131 olmayan dan\u0131\u015fanlar\u0131n da online terapi talep ettikleri g\u00f6r\u00fcld\u00fc. <strong>Hatta baz\u0131 dan\u0131\u015fanlar, s\u00fcrece y\u00fcz y\u00fcze ba\u015flay\u0131p devam\u0131nda online platformlar \u00fczerinden s\u00fcrd\u00fcrmeyi tercih ettiler.<\/strong><\/p>\n<p>O d\u00f6nemde online terapi, hen\u00fcz \u00e7ok yayg\u0131n bir y\u00f6ntem de\u011fildi. \u00c7o\u011funlukla y\u00fcz y\u00fcze g\u00f6r\u00fc\u015fmelerin yerini tutamayaca\u011f\u0131 d\u00fc\u015f\u00fcn\u00fcl\u00fcyordu. Ancak zaman i\u00e7inde, teknolojik imk\u00e2nlar sayesinde dan\u0131\u015fanlar\u0131n etkili ve d\u00fczenli bir \u015fekilde destek alabildikleri deneyimlendi. <strong>\u00d6zellikle ev ortam\u0131ndan ba\u011flanabilmek, zaman ve yol masraf\u0131n\u0131 ortadan kald\u0131rd\u0131\u011f\u0131 i\u00e7in s\u00fcrecin uyum a\u00e7\u0131s\u0131ndan kolayla\u015ft\u0131r\u0131c\u0131 bir i\u015flevi oldu\u011fu g\u00f6zlendi.<\/strong><\/p>\n<p>Bu d\u00f6nem, yaln\u0131zca dan\u0131\u015fanlara y\u00f6nelik hizmet sunumunu de\u011fil, ayn\u0131 zamanda \u00e7evrim i\u00e7i terapinin s\u0131n\u0131rlar\u0131n\u0131 ve olanaklar\u0131n\u0131 daha iyi anlamam\u0131za da katk\u0131 sa\u011flad\u0131. B\u00f6ylece online terapi, zamanla istikrarl\u0131 ve dan\u0131\u015fanlar taraf\u0131ndan tercih edilir bir se\u00e7enek olarak yerle\u015fti.<\/p>\n<p>Dan\u0131\u015fanlar\u0131n ba\u015fvuru gerek\u00e7eleri incelendi\u011finde; <strong>depresyon, kayg\u0131 bozukluklar\u0131, yeni bir \u00fclkeye uyum g\u00fc\u00e7l\u00fckleri, i\u015f ile ilgili sorunlar, aile i\u00e7i sorunlar ve yurtd\u0131\u015f\u0131nda ya\u015fayan e\u015flerin ya\u015fad\u0131\u011f\u0131 zorluklar\u0131n<\/strong> \u00f6ne \u00e7\u0131kt\u0131\u011f\u0131 g\u00f6r\u00fcld\u00fc. Ayr\u0131ca, i\u015f ya\u015fam\u0131nda ko\u00e7luk ve ment\u00f6rl\u00fck deste\u011fi aray\u0131\u015f\u0131n\u0131n yan\u0131 s\u0131ra, \u00e7ocuklarla ileti\u015fim problemleri de s\u0131k\u00e7a dile getirilen konular aras\u0131ndayd\u0131.<\/p>\n<h2>Pandemi ve Online Terapi Uygulamas\u0131n\u0131n Yayg\u0131nla\u015fmas\u0131<\/h2>\n<p>2020\u2019de ba\u015flayan COVID-19 pandemisi, yaln\u0131zca g\u00fcnl\u00fck ya\u015fam\u0131 de\u011fil, ruh sa\u011fl\u0131\u011f\u0131 hizmetlerinin sunum bi\u00e7imini de k\u00f6kl\u00fc bir \u015fekilde de\u011fi\u015ftirdi. Karantina ko\u015fullar\u0131 ve seyahat k\u0131s\u0131tlamalar\u0131, y\u00fcz y\u00fcze terapilerin b\u00fcy\u00fck \u00f6l\u00e7\u00fcde durmas\u0131na neden oldu. Bu s\u00fcre\u00e7te online terapi, bir\u00e7ok dan\u0131\u015fan i\u00e7in tek se\u00e7enek haline geldi.<\/p>\n<p>Ba\u015flang\u0131\u00e7ta \u00e7evrim i\u00e7i g\u00f6r\u00fc\u015fmelerin y\u00fcz y\u00fcze terapiler kadar etkili olmayabilece\u011fi d\u00fc\u015f\u00fcn\u00fcl\u00fcyordu.<strong> Ancak hem klinik g\u00f6zlemlerimiz hem de literat\u00fcrdeki ara\u015ft\u0131rmalar, online terapinin \u00f6zellikle depresyon, anksiyete ve stresle ba\u015fa \u00e7\u0131kma s\u00fcre\u00e7lerinde y\u00fcz y\u00fcze terapilere benzer d\u00fczeyde etkili oldu\u011funu ortaya koydu.<\/strong><\/p>\n<p>Dan\u0131\u015fanlar a\u00e7\u0131s\u0131ndan en dikkat \u00e7ekici y\u00f6nler, eri\u015filebilirlik ve konfor oldu. Evden ba\u011flanabilmek, ula\u015f\u0131m ve zaman kayb\u0131 ya\u015famadan terapiye kat\u0131labilmek, \u00f6zellikle yurtd\u0131\u015f\u0131nda ya\u015fayan bireyler i\u00e7in \u00f6nemli bir avantaj sa\u011flad\u0131. Zaman i\u00e7inde \u201cmecburi\u201d bir \u00e7\u00f6z\u00fcm gibi g\u00f6r\u00fclen online terapi, pek \u00e7ok ki\u015fi i\u00e7in tercih edilen bir y\u00f6ntem haline geldi.<\/p>\n<p>Pandemi \u00f6ncesinde ba\u015flayan deneyimlerimiz, bu d\u00f6nemde daha da \u00e7e\u015fitlendi. <strong>Avrupa\u2019dan (\u0130ngiltere, Almanya, Fransa, Hollanda, \u0130svi\u00e7re, \u0130talya, \u0130sve\u00e7, Norve\u00e7, Bulgaristan, Kosova, Arnavutluk), Orta Do\u011fu\u2019dan (Dubai) ve Amerika\u2019dan (ABD, Kanada) dan\u0131\u015fanlarla yap\u0131lan seanslar,<\/strong> \u00e7evrim i\u00e7i terapinin co\u011frafi s\u0131n\u0131rlar\u0131 a\u015farak s\u00fcrd\u00fcr\u00fclebilir bir destek modeli haline geldi\u011fini ve dan\u0131\u015fanlar taraf\u0131ndan da memnun olundu\u011funu bizlerin de farketme \u015fans\u0131m\u0131z oldu.<\/p>\n<h2>Sonu\u00e7<\/h2>\n<p>Bizim deneyimlerimiz de, literat\u00fcrde de yava\u015f yava\u015f yerini bulmaya ba\u015flayan online terapinin dan\u0131\u015fanlara hem kendi dillerinde ula\u015fma imk\u00e2n\u0131 hem de zaman ve mek\u00e2n k\u0131s\u0131tlamalar\u0131 olmadan ve psikoterapotik bir destek sundu\u011funu g\u00f6stermektedir. Bu durumun bir sonucu olarak da online terapi yapan psikoterpistlerin say\u0131s\u0131 her ge\u00e7en g\u00fcn artmaktad\u0131r.<\/p>\n<\/div>\n<\/div><\/div><\/div><\/div><\/div>","protected":false},"excerpt":{"rendered":"<p>Online Terapiye \u0130lk Ad\u0131mlar\u0131m\u0131z Online terapi uygulamas\u0131na y\u00f6nelik ilk deneyimlerimiz, 2017 y\u0131l\u0131nda muayenehane hekimli\u011fi ile birlikte ortaya \u00e7\u0131kmaya ba\u015flad\u0131. Yakla\u015f\u0131k sekiz y\u0131ll\u0131k s\u00fcre\u00e7te, \u00f6zellikle yurt d\u0131\u015f\u0131nda ya\u015fayan T\u00fcrk dan\u0131\u015fanlar\u0131n ana dilinde psikolojik destek aray\u0131\u015f\u0131 dikkat \u00e7ekti. Bulunduklar\u0131 \u00fclkelerde bu ihtiyaca kolayca kar\u015f\u0131l\u0131k bulamayan bireylerin \u00e7evrim i\u00e7i terapiye y\u00f6neldi\u011fini g\u00f6zlemledik. Benzer \u015fekilde, T\u00fcrkiye\u2019nin farkl\u0131 illerinde ya\u015fay\u0131p &hellip;<\/p>\n","protected":false},"author":1,"featured_media":1496,"parent":0,"menu_order":0,"comment_status":"closed","ping_status":"closed","template":"","meta":{"_acf_changed":false,"footnotes":""},"class_list":["post-1492","page","type-page","status-publish","has-post-thumbnail","hentry"],"acf":[],"yoast_head":"<!-- This site is optimized with the Yoast SEO plugin v25.1 - https:\/\/yoast.com\/wordpress\/plugins\/seo\/ -->\n<title>Online Terapi Deneyimimiz - Do\u00e7. Dr. C\u00fcneyt \u00dcnsal<\/title>\n<meta name=\"description\" content=\"Online terapi uygulamas\u0131na y\u00f6nelik ilk deneyimlerimiz, 2017 y\u0131l\u0131nda muayenehane hekimli\u011fi ile birlikte ortaya \u00e7\u0131kmaya ba\u015flad\u0131...\" \/>\n<meta name=\"robots\" content=\"index, follow, max-snippet:-1, max-image-preview:large, max-video-preview:-1\" \/>\n<link rel=\"canonical\" href=\"https:\/\/drcuneytunsal.com\/tr\/online-terapi-deneyimimiz\/\" \/>\n<meta property=\"og:locale\" content=\"tr_TR\" \/>\n<meta property=\"og:type\" content=\"article\" \/>\n<meta property=\"og:title\" content=\"Online Terapi Deneyimimiz - Do\u00e7. Dr. C\u00fcneyt \u00dcnsal\" \/>\n<meta property=\"og:description\" content=\"Online terapi uygulamas\u0131na y\u00f6nelik ilk deneyimlerimiz, 2017 y\u0131l\u0131nda muayenehane hekimli\u011fi ile birlikte ortaya \u00e7\u0131kmaya ba\u015flad\u0131...\" \/>\n<meta property=\"og:url\" content=\"https:\/\/drcuneytunsal.com\/tr\/online-terapi-deneyimimiz\/\" \/>\n<meta property=\"og:site_name\" content=\"Do\u00e7. Dr. C\u00fcneyt \u00dcnsal\" \/>\n<meta property=\"article:modified_time\" content=\"2025-10-01T13:15:49+00:00\" \/>\n<meta property=\"og:image\" content=\"https:\/\/drcuneytunsal.com\/tr\/wp-content\/uploads\/online-terapi.jpg\" \/>\n\t<meta property=\"og:image:width\" content=\"1280\" \/>\n\t<meta property=\"og:image:height\" content=\"1920\" \/>\n\t<meta property=\"og:image:type\" content=\"image\/jpeg\" \/>\n<meta name=\"twitter:card\" content=\"summary_large_image\" \/>\n<meta name=\"twitter:label1\" content=\"Tahmini okuma s\u00fcresi\" \/>\n\t<meta name=\"twitter:data1\" content=\"4 dakika\" \/>\n<script type=\"application\/ld+json\" class=\"yoast-schema-graph\">{\"@context\":\"https:\/\/schema.org\",\"@graph\":[{\"@type\":\"WebPage\",\"@id\":\"https:\/\/drcuneytunsal.com\/tr\/online-terapi-deneyimimiz\/\",\"url\":\"https:\/\/drcuneytunsal.com\/tr\/online-terapi-deneyimimiz\/\",\"name\":\"Online Terapi Deneyimimiz - Do\u00e7. Dr. C\u00fcneyt \u00dcnsal\",\"isPartOf\":{\"@id\":\"https:\/\/drcuneytunsal.com\/tr\/#website\"},\"primaryImageOfPage\":{\"@id\":\"https:\/\/drcuneytunsal.com\/tr\/online-terapi-deneyimimiz\/#primaryimage\"},\"image\":{\"@id\":\"https:\/\/drcuneytunsal.com\/tr\/online-terapi-deneyimimiz\/#primaryimage\"},\"thumbnailUrl\":\"https:\/\/drcuneytunsal.com\/tr\/wp-content\/uploads\/online-terapi.jpg\",\"datePublished\":\"2025-09-29T06:52:30+00:00\",\"dateModified\":\"2025-10-01T13:15:49+00:00\",\"description\":\"Online terapi uygulamas\u0131na y\u00f6nelik ilk deneyimlerimiz, 2017 y\u0131l\u0131nda muayenehane hekimli\u011fi ile birlikte ortaya \u00e7\u0131kmaya ba\u015flad\u0131...\",\"breadcrumb\":{\"@id\":\"https:\/\/drcuneytunsal.com\/tr\/online-terapi-deneyimimiz\/#breadcrumb\"},\"inLanguage\":\"tr\",\"potentialAction\":[{\"@type\":\"ReadAction\",\"target\":[\"https:\/\/drcuneytunsal.com\/tr\/online-terapi-deneyimimiz\/\"]}]},{\"@type\":\"ImageObject\",\"inLanguage\":\"tr\",\"@id\":\"https:\/\/drcuneytunsal.com\/tr\/online-terapi-deneyimimiz\/#primaryimage\",\"url\":\"https:\/\/drcuneytunsal.com\/tr\/wp-content\/uploads\/online-terapi.jpg\",\"contentUrl\":\"https:\/\/drcuneytunsal.com\/tr\/wp-content\/uploads\/online-terapi.jpg\",\"width\":1280,\"height\":1920},{\"@type\":\"BreadcrumbList\",\"@id\":\"https:\/\/drcuneytunsal.com\/tr\/online-terapi-deneyimimiz\/#breadcrumb\",\"itemListElement\":[{\"@type\":\"ListItem\",\"position\":1,\"name\":\"Anasayfa\",\"item\":\"https:\/\/drcuneytunsal.com\/tr\/\"},{\"@type\":\"ListItem\",\"position\":2,\"name\":\"Online Terapi Deneyimimiz\"}]},{\"@type\":\"WebSite\",\"@id\":\"https:\/\/drcuneytunsal.com\/tr\/#website\",\"url\":\"https:\/\/drcuneytunsal.com\/tr\/\",\"name\":\"Do\u00e7. Dr. C\u00fcneyt \u00dcnsal\",\"description\":\"Psikiyatrist - Psikoterapist\",\"potentialAction\":[{\"@type\":\"SearchAction\",\"target\":{\"@type\":\"EntryPoint\",\"urlTemplate\":\"https:\/\/drcuneytunsal.com\/tr\/?s={search_term_string}\"},\"query-input\":{\"@type\":\"PropertyValueSpecification\",\"valueRequired\":true,\"valueName\":\"search_term_string\"}}],\"inLanguage\":\"tr\"}]}<\/script>\n<!-- \/ Yoast SEO plugin. -->","yoast_head_json":{"title":"Online Terapi Deneyimimiz - Do\u00e7. Dr. C\u00fcneyt \u00dcnsal","description":"Online terapi uygulamas\u0131na y\u00f6nelik ilk deneyimlerimiz, 2017 y\u0131l\u0131nda muayenehane hekimli\u011fi ile birlikte ortaya \u00e7\u0131kmaya ba\u015flad\u0131...","robots":{"index":"index","follow":"follow","max-snippet":"max-snippet:-1","max-image-preview":"max-image-preview:large","max-video-preview":"max-video-preview:-1"},"canonical":"https:\/\/drcuneytunsal.com\/tr\/online-terapi-deneyimimiz\/","og_locale":"tr_TR","og_type":"article","og_title":"Online Terapi Deneyimimiz - Do\u00e7. Dr. C\u00fcneyt \u00dcnsal","og_description":"Online terapi uygulamas\u0131na y\u00f6nelik ilk deneyimlerimiz, 2017 y\u0131l\u0131nda muayenehane hekimli\u011fi ile birlikte ortaya \u00e7\u0131kmaya ba\u015flad\u0131...","og_url":"https:\/\/drcuneytunsal.com\/tr\/online-terapi-deneyimimiz\/","og_site_name":"Do\u00e7. Dr. C\u00fcneyt \u00dcnsal","article_modified_time":"2025-10-01T13:15:49+00:00","og_image":[{"width":1280,"height":1920,"url":"https:\/\/drcuneytunsal.com\/tr\/wp-content\/uploads\/online-terapi.jpg","type":"image\/jpeg"}],"twitter_card":"summary_large_image","twitter_misc":{"Tahmini okuma s\u00fcresi":"4 dakika"},"schema":{"@context":"https:\/\/schema.org","@graph":[{"@type":"WebPage","@id":"https:\/\/drcuneytunsal.com\/tr\/online-terapi-deneyimimiz\/","url":"https:\/\/drcuneytunsal.com\/tr\/online-terapi-deneyimimiz\/","name":"Online Terapi Deneyimimiz - Do\u00e7. Dr. C\u00fcneyt \u00dcnsal","isPartOf":{"@id":"https:\/\/drcuneytunsal.com\/tr\/#website"},"primaryImageOfPage":{"@id":"https:\/\/drcuneytunsal.com\/tr\/online-terapi-deneyimimiz\/#primaryimage"},"image":{"@id":"https:\/\/drcuneytunsal.com\/tr\/online-terapi-deneyimimiz\/#primaryimage"},"thumbnailUrl":"https:\/\/drcuneytunsal.com\/tr\/wp-content\/uploads\/online-terapi.jpg","datePublished":"2025-09-29T06:52:30+00:00","dateModified":"2025-10-01T13:15:49+00:00","description":"Online terapi uygulamas\u0131na y\u00f6nelik ilk deneyimlerimiz, 2017 y\u0131l\u0131nda muayenehane hekimli\u011fi ile birlikte ortaya \u00e7\u0131kmaya ba\u015flad\u0131...","breadcrumb":{"@id":"https:\/\/drcuneytunsal.com\/tr\/online-terapi-deneyimimiz\/#breadcrumb"},"inLanguage":"tr","potentialAction":[{"@type":"ReadAction","target":["https:\/\/drcuneytunsal.com\/tr\/online-terapi-deneyimimiz\/"]}]},{"@type":"ImageObject","inLanguage":"tr","@id":"https:\/\/drcuneytunsal.com\/tr\/online-terapi-deneyimimiz\/#primaryimage","url":"https:\/\/drcuneytunsal.com\/tr\/wp-content\/uploads\/online-terapi.jpg","contentUrl":"https:\/\/drcuneytunsal.com\/tr\/wp-content\/uploads\/online-terapi.jpg","width":1280,"height":1920},{"@type":"BreadcrumbList","@id":"https:\/\/drcuneytunsal.com\/tr\/online-terapi-deneyimimiz\/#breadcrumb","itemListElement":[{"@type":"ListItem","position":1,"name":"Anasayfa","item":"https:\/\/drcuneytunsal.com\/tr\/"},{"@type":"ListItem","position":2,"name":"Online Terapi Deneyimimiz"}]},{"@type":"WebSite","@id":"https:\/\/drcuneytunsal.com\/tr\/#website","url":"https:\/\/drcuneytunsal.com\/tr\/","name":"Do\u00e7. Dr. C\u00fcneyt \u00dcnsal","description":"Psikiyatrist - Psikoterapist","potentialAction":[{"@type":"SearchAction","target":{"@type":"EntryPoint","urlTemplate":"https:\/\/drcuneytunsal.com\/tr\/?s={search_term_string}"},"query-input":{"@type":"PropertyValueSpecification","valueRequired":true,"valueName":"search_term_string"}}],"inLanguage":"tr"}]}},"_links":{"self":[{"href":"https:\/\/drcuneytunsal.com\/tr\/wp-json\/wp\/v2\/pages\/1492","targetHints":{"allow":["GET"]}}],"collection":[{"href":"https:\/\/drcuneytunsal.com\/tr\/wp-json\/wp\/v2\/pages"}],"about":[{"href":"https:\/\/drcuneytunsal.com\/tr\/wp-json\/wp\/v2\/types\/page"}],"author":[{"embeddable":true,"href":"https:\/\/drcuneytunsal.com\/tr\/wp-json\/wp\/v2\/users\/1"}],"replies":[{"embeddable":true,"href":"https:\/\/drcuneytunsal.com\/tr\/wp-json\/wp\/v2\/comments?post=1492"}],"version-history":[{"count":6,"href":"https:\/\/drcuneytunsal.com\/tr\/wp-json\/wp\/v2\/pages\/1492\/revisions"}],"predecessor-version":[{"id":1508,"href":"https:\/\/drcuneytunsal.com\/tr\/wp-json\/wp\/v2\/pages\/1492\/revisions\/1508"}],"wp:featuredmedia":[{"embeddable":true,"href":"https:\/\/drcuneytunsal.com\/tr\/wp-json\/wp\/v2\/media\/1496"}],"wp:attachment":[{"href":"https:\/\/drcuneytunsal.com\/tr\/wp-json\/wp\/v2\/media?parent=1492"}],"curies":[{"name":"wp","href":"https:\/\/api.w.org\/{rel}","templated":true}]}}