{"id":1217,"date":"2025-08-13T07:13:08","date_gmt":"2025-08-13T07:13:08","guid":{"rendered":"https:\/\/drcuneytunsal.com\/tr\/?page_id=1217"},"modified":"2025-10-27T12:42:18","modified_gmt":"2025-10-27T12:42:18","slug":"iletisim","status":"publish","type":"page","link":"https:\/\/drcuneytunsal.com\/tr\/iletisim\/","title":{"rendered":"\u0130leti\u015fim"},"content":{"rendered":"<div id=\"pl-1217\"  class=\"panel-layout\" ><div id=\"pg-1217-0\"  class=\"panel-grid panel-no-style\" ><div id=\"pgc-1217-0-0\"  class=\"panel-grid-cell\" ><div id=\"panel-1217-0-0-0\" class=\"so-panel widget widget_sow-editor panel-first-child panel-last-child\" data-index=\"0\" ><div\n\t\t\t\n\t\t\tclass=\"so-widget-sow-editor so-widget-sow-editor-base\"\n\t\t\t\n\t\t>\n<div class=\"siteorigin-widget-tinymce textwidget\">\n\t<noscript class=\"ninja-forms-noscript-message\">\n\tBildirim: Bu i\u00e7erik i\u00e7in bir JavaScript gereklidir.<\/noscript>\n<div id=\"nf-form-3-cont\" class=\"nf-form-cont\" aria-live=\"polite\" aria-labelledby=\"nf-form-title-3\" aria-describedby=\"nf-form-errors-3\" role=\"form\">\n\n    <div class=\"nf-loading-spinner\"><\/div>\n\n<\/div>\n        <!-- That data is being printed as a workaround to page builders reordering the order of the scripts loaded-->\n        <script>var formDisplay=1;var nfForms=nfForms||[];var form=[];form.id='3';form.settings={\"objectType\":\"Form Setting\",\"editActive\":true,\"title\":\"\\u0130leti\\u015fim \",\"show_title\":0,\"allow_public_link\":0,\"embed_form\":\"\",\"clear_complete\":0,\"hide_complete\":0,\"default_label_pos\":\"above\",\"wrapper_class\":\"\",\"element_class\":\"\",\"form_title_heading_level\":\"3\",\"key\":\"\",\"add_submit\":0,\"currency\":\"\",\"unique_field_error\":\"A form with this value has already been submitted.\",\"logged_in\":false,\"not_logged_in_msg\":\"\",\"sub_limit_msg\":\"The form has reached its submission limit.\",\"calculations\":[],\"formContentData\":[\"adiniz_1756730460375\",\"e-posta_1756730502853\",\"mesajiniz_1756792217933\",\"gonder_1756730406793\"],\"changeEmailErrorMsg\":\"L\\u00fctfen ge\\u00e7erli bir e-posta adresi girin!\",\"changeDateErrorMsg\":\"Please enter a valid date!\",\"confirmFieldErrorMsg\":\"Bu alanlar e\\u015fle\\u015fmelidir!\",\"fieldNumberNumMinError\":\"Minimum Say\\u0131 Hatas\\u0131\",\"fieldNumberNumMaxError\":\"Maksimum Say\\u0131 Hatas\\u0131\",\"fieldNumberIncrementBy\":\"L\\u00fctfen \\u015funa g\\u00f6re art\\u0131r\\u0131n: \",\"formErrorsCorrectErrors\":\"L\\u00fctfen bu formu g\\u00f6ndermeden \\u00f6nce hatalar\\u0131 d\\u00fczeltin.\",\"validateRequiredField\":\"Bu zorunlu bir aland\\u0131r.\",\"honeypotHoneypotError\":\"Honeypot Hatas\\u0131\",\"fieldsMarkedRequired\":\"<span class=\\\"ninja-forms-req-symbol\\\">*<\\\/span> i\\u015fareti olan alanlar zorunludur\",\"objectDomain\":\"display\",\"drawerDisabled\":false,\"ninjaForms\":\"Ninja Forms\",\"fieldTextareaRTEInsertLink\":\"Ba\\u011flant\\u0131 Yerle\\u015ftir\",\"fieldTextareaRTEInsertMedia\":\"Medya Yerle\\u015ftir\",\"fieldTextareaRTESelectAFile\":\"Dosya se\\u00e7in\",\"formHoneypot\":\"Bir insan olarak bu alan\\u0131 g\\u00f6rebiliyorsan\\u0131z, l\\u00fctfen bo\\u015f b\\u0131rak\\u0131n.\",\"fileUploadOldCodeFileUploadInProgress\":\"Dosya Y\\u00fckleme \\u0130\\u015flemi Devam Ediyor.\",\"fileUploadOldCodeFileUpload\":\"DOSYA Y\\u00dcKLEME\",\"currencySymbol\":\"&#36;\",\"thousands_sep\":\".\",\"decimal_point\":\",\",\"siteLocale\":\"tr_TR\",\"dateFormat\":\"m\\\/d\\\/Y\",\"startOfWeek\":\"1\",\"of\":\"\\\/\",\"previousMonth\":\"Previous Month\",\"nextMonth\":\"Next Month\",\"months\":[\"January\",\"February\",\"March\",\"April\",\"May\",\"June\",\"July\",\"August\",\"September\",\"October\",\"November\",\"December\"],\"monthsShort\":[\"Jan\",\"Feb\",\"Mar\",\"Apr\",\"May\",\"Jun\",\"Jul\",\"Aug\",\"Sep\",\"Oct\",\"Nov\",\"Dec\"],\"weekdays\":[\"Sunday\",\"Monday\",\"Tuesday\",\"Wednesday\",\"Thursday\",\"Friday\",\"Saturday\"],\"weekdaysShort\":[\"Sun\",\"Mon\",\"Tue\",\"Wed\",\"Thu\",\"Fri\",\"Sat\"],\"weekdaysMin\":[\"Su\",\"Mo\",\"Tu\",\"We\",\"Th\",\"Fr\",\"Sa\"],\"recaptchaConsentMissing\":\"reCaptcha validation couldn&#039;t load.\",\"recaptchaMissingCookie\":\"reCaptcha v3 validation couldn&#039;t load the cookie needed to submit the form.\",\"recaptchaConsentEvent\":\"Accept reCaptcha cookies before sending the form.\",\"currency_symbol\":\"\",\"beforeForm\":\"\",\"beforeFields\":\"\",\"afterFields\":\"\",\"afterForm\":\"\"};form.fields=[{\"objectType\":\"Field\",\"objectDomain\":\"fields\",\"editActive\":false,\"order\":1,\"idAttribute\":\"id\",\"label\":\"Ad\\u0131n\\u0131z:\",\"type\":\"textbox\",\"key\":\"adiniz_1756730460375\",\"label_pos\":\"above\",\"required\":1,\"default\":\"\",\"placeholder\":\"\",\"container_class\":\"\",\"element_class\":\"\",\"input_limit\":\"\",\"input_limit_type\":\"characters\",\"input_limit_msg\":\"Kalan karakterler\",\"manual_key\":false,\"admin_label\":\"\",\"help_text\":\"\",\"mask\":\"\",\"custom_mask\":\"\",\"custom_name_attribute\":\"\",\"personally_identifiable\":\"\",\"value\":\"\",\"drawerDisabled\":false,\"id\":11,\"beforeField\":\"\",\"afterField\":\"\",\"parentType\":\"textbox\",\"element_templates\":[\"textbox\",\"input\"],\"old_classname\":\"\",\"wrap_template\":\"wrap\"},{\"objectType\":\"Field\",\"objectDomain\":\"fields\",\"editActive\":false,\"order\":2,\"idAttribute\":\"id\",\"label\":\"E-Posta:\",\"type\":\"email\",\"key\":\"e-posta_1756730502853\",\"label_pos\":\"above\",\"required\":1,\"default\":\"\",\"placeholder\":\"\",\"container_class\":\"\",\"element_class\":\"\",\"admin_label\":\"\",\"help_text\":\"\",\"custom_name_attribute\":\"email\",\"personally_identifiable\":1,\"value\":\"\",\"drawerDisabled\":false,\"id\":12,\"beforeField\":\"\",\"afterField\":\"\",\"parentType\":\"email\",\"element_templates\":[\"email\",\"input\"],\"old_classname\":\"\",\"wrap_template\":\"wrap\"},{\"objectType\":\"Field\",\"objectDomain\":\"fields\",\"editActive\":false,\"order\":3,\"idAttribute\":\"id\",\"label\":\"Mesaj\\u0131n\\u0131z:\",\"type\":\"textarea\",\"key\":\"mesajiniz_1756792217933\",\"label_pos\":\"above\",\"required\":1,\"default\":\"\",\"placeholder\":\"\",\"container_class\":\"\",\"element_class\":\"\",\"input_limit\":\"\",\"input_limit_type\":\"characters\",\"input_limit_msg\":\"Kalan karakterler\",\"manual_key\":false,\"admin_label\":\"\",\"help_text\":\"\",\"textarea_rte\":\"\",\"disable_rte_mobile\":\"\",\"textarea_media\":\"\",\"value\":\"\",\"drawerDisabled\":false,\"id\":13,\"beforeField\":\"\",\"afterField\":\"\",\"parentType\":\"textarea\",\"element_templates\":[\"textarea\",\"input\"],\"old_classname\":\"\",\"wrap_template\":\"wrap\"},{\"objectType\":\"Field\",\"objectDomain\":\"fields\",\"editActive\":false,\"order\":4,\"idAttribute\":\"id\",\"label\":\"G\\u00d6NDER\",\"type\":\"submit\",\"processing_label\":\"L\\u00dcTFEN BEKLEY\\u0130N...\",\"container_class\":\"\",\"element_class\":\"\",\"key\":\"gonder_1756730406793\",\"admin_label\":\"\",\"drawerDisabled\":false,\"id\":14,\"beforeField\":\"\",\"afterField\":\"\",\"value\":\"\",\"label_pos\":\"above\",\"parentType\":\"textbox\",\"element_templates\":[\"submit\",\"button\",\"input\"],\"old_classname\":\"\",\"wrap_template\":\"wrap-no-label\"}];nfForms.push(form);<\/script>\n        \n<\/div>\n<\/div><\/div><\/div><div id=\"pgc-1217-0-1\"  class=\"panel-grid-cell\" ><div id=\"panel-1217-0-1-0\" class=\"so-panel widget widget_sow-editor panel-first-child\" data-index=\"1\" ><div\n\t\t\t\n\t\t\tclass=\"so-widget-sow-editor so-widget-sow-editor-base\"\n\t\t\t\n\t\t>\n<div class=\"siteorigin-widget-tinymce textwidget\">\n\t<p style=\"text-align: center; font-size: 19px; margin-top: 10px;\"><span style=\"color: #000000;\">Fenerbah\u00e7e Mah. Ba\u011fdat Cad.<\/span><br \/>\n<span style=\"color: #000000;\">Temel Apt. No: 146 \/ 7<\/span><br \/>\n<span style=\"color: #000000;\"><strong>Kad\u0131k\u00f6y \/ \u0130STANBUL<\/strong><\/span><\/p>\n<\/div>\n<\/div><\/div><div id=\"panel-1217-0-1-1\" class=\"so-panel widget widget_sow-editor\" data-index=\"2\" ><div\n\t\t\t\n\t\t\tclass=\"so-widget-sow-editor so-widget-sow-editor-base\"\n\t\t\t\n\t\t>\n<div class=\"siteorigin-widget-tinymce textwidget\">\n\t<p style=\"text-align: center; font-size: 30px;\"><strong><a href=\"tel:+9054241586230\">0 (542) 415 86 23<\/a><\/strong><\/p>\n<p style=\"text-align: center; font-size: 30px;\"><strong><a href=\"tel:+9021641586230\">0 (216) 415 86 23<\/a><\/strong><\/p>\n<\/div>\n<\/div><\/div><div id=\"panel-1217-0-1-2\" class=\"widget_text so-panel widget widget_custom_html panel-last-child\" data-index=\"3\" ><div class=\"widget_text panel-widget-style panel-widget-style-for-1217-0-1-2\" ><div class=\"textwidget custom-html-widget\"><a style=\"color: #ffffff; background: green; padding: 14px; font-size: 15px; border-radius: 18px; font-family: 'Montserrat', Helvetica, Arial, sans-serif !important;\" href=\"https:\/\/wa.me\/905424158623\"><i style=\"font-size: 27px; padding-right: 5px; position: relative; top: 3px;\" class=\"fa fa-whatsapp\" aria-hidden=\"true\"><\/i> G\u00d6R\u00dc\u015eME TALEB\u0130<\/a><\/div><\/div><\/div><\/div><\/div><div id=\"pg-1217-1\"  class=\"panel-grid panel-no-style\" ><div id=\"pgc-1217-1-0\"  class=\"panel-grid-cell\" ><div id=\"panel-1217-1-0-0\" class=\"so-panel widget widget_sow-editor panel-first-child panel-last-child\" data-index=\"4\" ><div\n\t\t\t\n\t\t\tclass=\"so-widget-sow-editor so-widget-sow-editor-base\"\n\t\t\t\n\t\t>\n<div class=\"siteorigin-widget-tinymce textwidget\">\n\t<div id=\"wpgmza_map_1\" class=\"wpgmza_map wpgmza-auto-center\" style=\"display:block;width:100%;height:400px;overflow:hidden;position:relative;\" data-map-id=\"1\" data-maps-engine=\"google-maps\" data-build-engine=\"atlas-novus\" data-shortcode-attributes=\"{&quot;id&quot;:&quot;1&quot;,&quot;zoom&quot;:false,&quot;width&quot;:false,&quot;height&quot;:false,&quot;marker&quot;:false,&quot;classname&quot;:false}\" data-settings=\"{&quot;map_title&quot;:&quot;\\u0130lk haritam&quot;,&quot;map_width&quot;:&quot;100&quot;,&quot;map_height&quot;:&quot;400&quot;,&quot;map_start_lat&quot;:&quot;40.97684169248893&quot;,&quot;map_start_lng&quot;:&quot;29.04775745392894&quot;,&quot;map_start_location&quot;:&quot;45.950464398418106,-109.81550500000003&quot;,&quot;map_start_zoom&quot;:&quot;18&quot;,&quot;default_marker&quot;:&quot;&quot;,&quot;type&quot;:&quot;1&quot;,&quot;alignment&quot;:&quot;4&quot;,&quot;directions_enabled&quot;:&quot;0&quot;,&quot;styling_enabled&quot;:&quot;0&quot;,&quot;styling_json&quot;:&quot;&quot;,&quot;active&quot;:&quot;0&quot;,&quot;kml&quot;:&quot;&quot;,&quot;bicycle&quot;:&quot;0&quot;,&quot;traffic&quot;:&quot;0&quot;,&quot;dbox&quot;:&quot;0&quot;,&quot;dbox_width&quot;:&quot;&quot;,&quot;listmarkers&quot;:&quot;0&quot;,&quot;listmarkers_advanced&quot;:&quot;0&quot;,&quot;filterbycat&quot;:&quot;0&quot;,&quot;ugm_enabled&quot;:&quot;0&quot;,&quot;ugm_category_enabled&quot;:&quot;0&quot;,&quot;fusion&quot;:&quot;&quot;,&quot;map_width_type&quot;:&quot;%&quot;,&quot;map_height_type&quot;:&quot;px&quot;,&quot;mass_marker_support&quot;:&quot;0&quot;,&quot;ugm_access&quot;:&quot;0&quot;,&quot;order_markers_by&quot;:&quot;0&quot;,&quot;order_markers_choice&quot;:&quot;0&quot;,&quot;show_user_location&quot;:&quot;0&quot;,&quot;default_to&quot;:&quot;&quot;,&quot;map_type&quot;:1,&quot;sl_stroke_color&quot;:&quot;&quot;,&quot;sl_fill_color&quot;:&quot;&quot;,&quot;sl_stroke_opacity&quot;:&quot;&quot;,&quot;sl_fill_opacity&quot;:&quot;&quot;,&quot;transport_layer&quot;:false,&quot;action&quot;:&quot;wpgmza_save_map&quot;,&quot;redirect_to&quot;:&quot;\\\/tr\\\/wp-admin\\\/admin-post.php&quot;,&quot;map_id&quot;:&quot;1&quot;,&quot;wpgmza_savemap&quot;:&quot;Haritay\\u0131 Kaydet&quot;,&quot;http_referer&quot;:&quot;\\\/tr\\\/wp-admin\\\/admin.php?page=wp-google-maps-menu&amp;amp;action=edit&amp;amp;map_id=1&quot;,&quot;wpgmza_id&quot;:&quot;1&quot;,&quot;wpgmza_start_location&quot;:&quot;40.97684169248893,29.04775745392894&quot;,&quot;wpgmza_start_zoom&quot;:&quot;18&quot;,&quot;wpgmza_map_align&quot;:&quot;2&quot;,&quot;store_locator_enabled&quot;:false,&quot;store_locator_distance&quot;:false,&quot;store_locator_search_area&quot;:&quot;radial&quot;,&quot;wpgmza_store_locator_default_radius&quot;:&quot;10&quot;,&quot;store_locator_auto_area_max_zoom&quot;:&quot;&quot;,&quot;wpgmza_store_locator_radius_style&quot;:&quot;legacy&quot;,&quot;store_locator_component_anchor&quot;:&quot;0&quot;,&quot;wpgmza_store_locator_bounce&quot;:false,&quot;wpgmza_sl_animation&quot;:null,&quot;store_locator_query_string&quot;:&quot;&quot;,&quot;store_locator_location_placeholder&quot;:&quot;&quot;,&quot;store_locator_default_address&quot;:&quot;&quot;,&quot;store_locator_name_search&quot;:false,&quot;store_locator_name_string&quot;:&quot;&quot;,&quot;store_locator_not_found_message&quot;:&quot;&quot;,&quot;store_locator_show_distance&quot;:false,&quot;store_locator_category&quot;:false,&quot;wpgmza_store_locator_use_their_location&quot;:false,&quot;wpgmza_store_locator_hide_before_search&quot;:false,&quot;store_locator_nearby_searches&quot;:false,&quot;wpgmza_theme_data&quot;:&quot;&quot;,&quot;custom_tile_enabled&quot;:false,&quot;custom_tile_image&quot;:&quot;&quot;,&quot;custom_tile_image_width&quot;:&quot;&quot;,&quot;custom_tile_image_height&quot;:&quot;&quot;,&quot;custom_tile_image_attribution&quot;:&quot;&quot;,&quot;iw_primary_color&quot;:&quot;#000000&quot;,&quot;iw_accent_color&quot;:&quot;#000000&quot;,&quot;iw_text_color&quot;:&quot;#000000&quot;,&quot;close_infowindow_on_map_click&quot;:false,&quot;marker_share_links&quot;:false,&quot;wpgmza_listmarkers_by&quot;:&quot;0&quot;,&quot;marker_listing_component_anchor&quot;:null,&quot;marker_listing_component_auto_open&quot;:false,&quot;category_filter_component_anchor&quot;:null,&quot;zoom_level_on_marker_listing_override&quot;:false,&quot;zoom_level_on_marker_listing_click&quot;:&quot;&quot;,&quot;marker_listing_disable_zoom&quot;:false,&quot;dataTable_pagination_style&quot;:null,&quot;datatable_no_result_message&quot;:&quot;&quot;,&quot;remove_search_box_datables&quot;:false,&quot;datatable_search_string&quot;:&quot;&quot;,&quot;datatable_result_start&quot;:&quot;&quot;,&quot;datatable_result_of&quot;:&quot;&quot;,&quot;datatable_result_to&quot;:&quot;&quot;,&quot;datatable_result_total&quot;:&quot;&quot;,&quot;datatable_result_show&quot;:&quot;&quot;,&quot;datatable_result_entries&quot;:&quot;&quot;,&quot;category_legends_enabled&quot;:false,&quot;category_legends_component_anchor&quot;:null,&quot;jump_to_nearest_marker_on_initialization&quot;:false,&quot;click_open_link&quot;:false,&quot;wpgmza_zoom_on_marker_click&quot;:false,&quot;wpgmza_zoom_on_marker_click_slider&quot;:&quot;&quot;,&quot;enable_marker_labels&quot;:false,&quot;polygon_labels&quot;:false,&quot;disable_polygon_info_windows&quot;:false,&quot;fit_maps_bounds_to_markers&quot;:false,&quot;fit_maps_bounds_to_markers_after_filtering&quot;:false,&quot;automatically_pan_to_users_location&quot;:false,&quot;override_users_location_zoom_level&quot;:false,&quot;override_users_location_zoom_levels&quot;:&quot;&quot;,&quot;show_distance_from_location&quot;:false,&quot;map_starts_in_streetview&quot;:false,&quot;map_starts_in_streetview_location&quot;:&quot;&quot;,&quot;map_starts_in_streetview_heading&quot;:&quot;&quot;,&quot;map_starts_in_streetview_pitch&quot;:&quot;&quot;,&quot;map_max_zoom&quot;:&quot;21&quot;,&quot;map_min_zoom&quot;:&quot;0&quot;,&quot;zoom_level_mobile_override_enabled&quot;:false,&quot;zoom_level_mobile_override&quot;:&quot;&quot;,&quot;hide_point_of_interest&quot;:false,&quot;disable_lightbox_images&quot;:false,&quot;use_Raw_Jpeg_Coordinates&quot;:false,&quot;enable_marker_ratings&quot;:false,&quot;only_load_markers_within_viewport&quot;:false,&quot;id&quot;:1}\" ><\/div>\n<\/div>\n<\/div><\/div><\/div><\/div><\/div>","protected":false},"excerpt":{"rendered":"<p>Fenerbah\u00e7e Mah. Ba\u011fdat Cad. Temel Apt. No: 146 \/ 7 Kad\u0131k\u00f6y \/ \u0130STANBUL 0 (542) 415 86 23 0 (216) 415 86 23<\/p>\n","protected":false},"author":1,"featured_media":1079,"parent":0,"menu_order":0,"comment_status":"closed","ping_status":"closed","template":"","meta":{"_acf_changed":false,"footnotes":""},"class_list":["post-1217","page","type-page","status-publish","has-post-thumbnail","hentry"],"acf":[],"yoast_head":"<!-- This site is optimized with the Yoast SEO plugin v25.1 - https:\/\/yoast.com\/wordpress\/plugins\/seo\/ -->\n<title>\u0130leti\u015fim - Do\u00e7. Dr. C\u00fcneyt \u00dcnsal<\/title>\n<meta name=\"description\" content=\"Muayenehane G\u00f6r\u00fc\u015fmesi &amp; Online Terapi Randevusu -- Fenerbah\u00e7e Mh. Ba\u011fdat Cd. Temel Apt. No:146\/7 Kad\u0131k\u00f6y, \u0130STANBUL\" \/>\n<meta name=\"robots\" content=\"index, follow, max-snippet:-1, max-image-preview:large, max-video-preview:-1\" \/>\n<link rel=\"canonical\" href=\"https:\/\/drcuneytunsal.com\/tr\/iletisim\/\" \/>\n<meta property=\"og:locale\" content=\"tr_TR\" \/>\n<meta property=\"og:type\" content=\"article\" \/>\n<meta property=\"og:title\" content=\"\u0130leti\u015fim - Do\u00e7. Dr. C\u00fcneyt \u00dcnsal\" \/>\n<meta property=\"og:description\" content=\"Muayenehane G\u00f6r\u00fc\u015fmesi &amp; Online Terapi Randevusu -- Fenerbah\u00e7e Mh. Ba\u011fdat Cd. Temel Apt. No:146\/7 Kad\u0131k\u00f6y, \u0130STANBUL\" \/>\n<meta property=\"og:url\" content=\"https:\/\/drcuneytunsal.com\/tr\/iletisim\/\" \/>\n<meta property=\"og:site_name\" content=\"Do\u00e7. Dr. C\u00fcneyt \u00dcnsal\" \/>\n<meta property=\"article:modified_time\" content=\"2025-10-27T12:42:18+00:00\" \/>\n<meta property=\"og:image\" content=\"https:\/\/drcuneytunsal.com\/tr\/wp-content\/uploads\/cuneyt-unsal.jpg\" \/>\n\t<meta property=\"og:image:width\" content=\"850\" \/>\n\t<meta property=\"og:image:height\" content=\"400\" \/>\n\t<meta property=\"og:image:type\" content=\"image\/jpeg\" \/>\n<meta name=\"twitter:card\" content=\"summary_large_image\" \/>\n<meta name=\"twitter:label1\" content=\"Tahmini okuma s\u00fcresi\" \/>\n\t<meta name=\"twitter:data1\" content=\"1 dakika\" \/>\n<script type=\"application\/ld+json\" class=\"yoast-schema-graph\">{\"@context\":\"https:\/\/schema.org\",\"@graph\":[{\"@type\":\"WebPage\",\"@id\":\"https:\/\/drcuneytunsal.com\/tr\/iletisim\/\",\"url\":\"https:\/\/drcuneytunsal.com\/tr\/iletisim\/\",\"name\":\"\u0130leti\u015fim - Do\u00e7. Dr. C\u00fcneyt \u00dcnsal\",\"isPartOf\":{\"@id\":\"https:\/\/drcuneytunsal.com\/tr\/#website\"},\"primaryImageOfPage\":{\"@id\":\"https:\/\/drcuneytunsal.com\/tr\/iletisim\/#primaryimage\"},\"image\":{\"@id\":\"https:\/\/drcuneytunsal.com\/tr\/iletisim\/#primaryimage\"},\"thumbnailUrl\":\"https:\/\/drcuneytunsal.com\/tr\/wp-content\/uploads\/cuneyt-unsal.jpg\",\"datePublished\":\"2025-08-13T07:13:08+00:00\",\"dateModified\":\"2025-10-27T12:42:18+00:00\",\"description\":\"Muayenehane G\u00f6r\u00fc\u015fmesi & Online Terapi Randevusu -- Fenerbah\u00e7e Mh. Ba\u011fdat Cd. Temel Apt. No:146\/7 Kad\u0131k\u00f6y, \u0130STANBUL\",\"breadcrumb\":{\"@id\":\"https:\/\/drcuneytunsal.com\/tr\/iletisim\/#breadcrumb\"},\"inLanguage\":\"tr\",\"potentialAction\":[{\"@type\":\"ReadAction\",\"target\":[\"https:\/\/drcuneytunsal.com\/tr\/iletisim\/\"]}]},{\"@type\":\"ImageObject\",\"inLanguage\":\"tr\",\"@id\":\"https:\/\/drcuneytunsal.com\/tr\/iletisim\/#primaryimage\",\"url\":\"https:\/\/drcuneytunsal.com\/tr\/wp-content\/uploads\/cuneyt-unsal.jpg\",\"contentUrl\":\"https:\/\/drcuneytunsal.com\/tr\/wp-content\/uploads\/cuneyt-unsal.jpg\",\"width\":850,\"height\":400},{\"@type\":\"BreadcrumbList\",\"@id\":\"https:\/\/drcuneytunsal.com\/tr\/iletisim\/#breadcrumb\",\"itemListElement\":[{\"@type\":\"ListItem\",\"position\":1,\"name\":\"Anasayfa\",\"item\":\"https:\/\/drcuneytunsal.com\/tr\/\"},{\"@type\":\"ListItem\",\"position\":2,\"name\":\"\u0130leti\u015fim\"}]},{\"@type\":\"WebSite\",\"@id\":\"https:\/\/drcuneytunsal.com\/tr\/#website\",\"url\":\"https:\/\/drcuneytunsal.com\/tr\/\",\"name\":\"Do\u00e7. Dr. C\u00fcneyt \u00dcnsal\",\"description\":\"Psikiyatrist - Psikoterapist\",\"potentialAction\":[{\"@type\":\"SearchAction\",\"target\":{\"@type\":\"EntryPoint\",\"urlTemplate\":\"https:\/\/drcuneytunsal.com\/tr\/?s={search_term_string}\"},\"query-input\":{\"@type\":\"PropertyValueSpecification\",\"valueRequired\":true,\"valueName\":\"search_term_string\"}}],\"inLanguage\":\"tr\"}]}<\/script>\n<!-- \/ Yoast SEO plugin. -->","yoast_head_json":{"title":"\u0130leti\u015fim - Do\u00e7. Dr. C\u00fcneyt \u00dcnsal","description":"Muayenehane G\u00f6r\u00fc\u015fmesi & Online Terapi Randevusu -- Fenerbah\u00e7e Mh. Ba\u011fdat Cd. Temel Apt. No:146\/7 Kad\u0131k\u00f6y, \u0130STANBUL","robots":{"index":"index","follow":"follow","max-snippet":"max-snippet:-1","max-image-preview":"max-image-preview:large","max-video-preview":"max-video-preview:-1"},"canonical":"https:\/\/drcuneytunsal.com\/tr\/iletisim\/","og_locale":"tr_TR","og_type":"article","og_title":"\u0130leti\u015fim - Do\u00e7. Dr. C\u00fcneyt \u00dcnsal","og_description":"Muayenehane G\u00f6r\u00fc\u015fmesi & Online Terapi Randevusu -- Fenerbah\u00e7e Mh. Ba\u011fdat Cd. Temel Apt. No:146\/7 Kad\u0131k\u00f6y, \u0130STANBUL","og_url":"https:\/\/drcuneytunsal.com\/tr\/iletisim\/","og_site_name":"Do\u00e7. Dr. C\u00fcneyt \u00dcnsal","article_modified_time":"2025-10-27T12:42:18+00:00","og_image":[{"width":850,"height":400,"url":"https:\/\/drcuneytunsal.com\/tr\/wp-content\/uploads\/cuneyt-unsal.jpg","type":"image\/jpeg"}],"twitter_card":"summary_large_image","twitter_misc":{"Tahmini okuma s\u00fcresi":"1 dakika"},"schema":{"@context":"https:\/\/schema.org","@graph":[{"@type":"WebPage","@id":"https:\/\/drcuneytunsal.com\/tr\/iletisim\/","url":"https:\/\/drcuneytunsal.com\/tr\/iletisim\/","name":"\u0130leti\u015fim - Do\u00e7. Dr. C\u00fcneyt \u00dcnsal","isPartOf":{"@id":"https:\/\/drcuneytunsal.com\/tr\/#website"},"primaryImageOfPage":{"@id":"https:\/\/drcuneytunsal.com\/tr\/iletisim\/#primaryimage"},"image":{"@id":"https:\/\/drcuneytunsal.com\/tr\/iletisim\/#primaryimage"},"thumbnailUrl":"https:\/\/drcuneytunsal.com\/tr\/wp-content\/uploads\/cuneyt-unsal.jpg","datePublished":"2025-08-13T07:13:08+00:00","dateModified":"2025-10-27T12:42:18+00:00","description":"Muayenehane G\u00f6r\u00fc\u015fmesi & Online Terapi Randevusu -- Fenerbah\u00e7e Mh. Ba\u011fdat Cd. Temel Apt. No:146\/7 Kad\u0131k\u00f6y, \u0130STANBUL","breadcrumb":{"@id":"https:\/\/drcuneytunsal.com\/tr\/iletisim\/#breadcrumb"},"inLanguage":"tr","potentialAction":[{"@type":"ReadAction","target":["https:\/\/drcuneytunsal.com\/tr\/iletisim\/"]}]},{"@type":"ImageObject","inLanguage":"tr","@id":"https:\/\/drcuneytunsal.com\/tr\/iletisim\/#primaryimage","url":"https:\/\/drcuneytunsal.com\/tr\/wp-content\/uploads\/cuneyt-unsal.jpg","contentUrl":"https:\/\/drcuneytunsal.com\/tr\/wp-content\/uploads\/cuneyt-unsal.jpg","width":850,"height":400},{"@type":"BreadcrumbList","@id":"https:\/\/drcuneytunsal.com\/tr\/iletisim\/#breadcrumb","itemListElement":[{"@type":"ListItem","position":1,"name":"Anasayfa","item":"https:\/\/drcuneytunsal.com\/tr\/"},{"@type":"ListItem","position":2,"name":"\u0130leti\u015fim"}]},{"@type":"WebSite","@id":"https:\/\/drcuneytunsal.com\/tr\/#website","url":"https:\/\/drcuneytunsal.com\/tr\/","name":"Do\u00e7. Dr. C\u00fcneyt \u00dcnsal","description":"Psikiyatrist - Psikoterapist","potentialAction":[{"@type":"SearchAction","target":{"@type":"EntryPoint","urlTemplate":"https:\/\/drcuneytunsal.com\/tr\/?s={search_term_string}"},"query-input":{"@type":"PropertyValueSpecification","valueRequired":true,"valueName":"search_term_string"}}],"inLanguage":"tr"}]}},"_links":{"self":[{"href":"https:\/\/drcuneytunsal.com\/tr\/wp-json\/wp\/v2\/pages\/1217","targetHints":{"allow":["GET"]}}],"collection":[{"href":"https:\/\/drcuneytunsal.com\/tr\/wp-json\/wp\/v2\/pages"}],"about":[{"href":"https:\/\/drcuneytunsal.com\/tr\/wp-json\/wp\/v2\/types\/page"}],"author":[{"embeddable":true,"href":"https:\/\/drcuneytunsal.com\/tr\/wp-json\/wp\/v2\/users\/1"}],"replies":[{"embeddable":true,"href":"https:\/\/drcuneytunsal.com\/tr\/wp-json\/wp\/v2\/comments?post=1217"}],"version-history":[{"count":18,"href":"https:\/\/drcuneytunsal.com\/tr\/wp-json\/wp\/v2\/pages\/1217\/revisions"}],"predecessor-version":[{"id":1344,"href":"https:\/\/drcuneytunsal.com\/tr\/wp-json\/wp\/v2\/pages\/1217\/revisions\/1344"}],"wp:featuredmedia":[{"embeddable":true,"href":"https:\/\/drcuneytunsal.com\/tr\/wp-json\/wp\/v2\/media\/1079"}],"wp:attachment":[{"href":"https:\/\/drcuneytunsal.com\/tr\/wp-json\/wp\/v2\/media?parent=1217"}],"curies":[{"name":"wp","href":"https:\/\/api.w.org\/{rel}","templated":true}]}}