{"id":1167,"date":"2025-08-12T11:22:07","date_gmt":"2025-08-12T11:22:07","guid":{"rendered":"https:\/\/drcuneytunsal.com\/tr\/?page_id=1167"},"modified":"2025-12-15T06:53:03","modified_gmt":"2025-12-15T06:53:03","slug":"terapiler","status":"publish","type":"page","link":"https:\/\/drcuneytunsal.com\/tr\/terapiler\/","title":{"rendered":"Terapiler"},"content":{"rendered":"<div id=\"pl-1167\"  class=\"panel-layout\" ><div id=\"pg-1167-0\"  class=\"panel-grid panel-no-style\" ><div id=\"pgc-1167-0-0\"  class=\"panel-grid-cell\" ><div id=\"panel-1167-0-0-0\" class=\"so-panel widget widget_siteorigin-panels-builder panel-first-child panel-last-child\" data-index=\"0\" ><div id=\"therapies\" class=\"panel-widget-style panel-widget-style-for-1167-0-0-0\" ><div id=\"pl-w693fb04f3b700\"  class=\"panel-layout\" ><div id=\"pg-w693fb04f3b700-0\"  class=\"panel-grid panel-no-style\" ><div id=\"pgc-w693fb04f3b700-0-0\"  class=\"panel-grid-cell\" ><div id=\"panel-w693fb04f3b700-0-0-0\" class=\"so-panel widget widget_sow-editor panel-first-child panel-last-child\" data-index=\"0\" ><div\n\t\t\t\n\t\t\tclass=\"so-widget-sow-editor so-widget-sow-editor-base\"\n\t\t\t\n\t\t>\n<div class=\"siteorigin-widget-tinymce textwidget\">\n\t<p><img loading=\"lazy\" decoding=\"async\" class=\"size-large wp-image-1175 aligncenter\" src=\"https:\/\/drcuneytunsal.com\/tr\/wp-content\/uploads\/bilissel-davranisci-terapi-1024x682.jpg\" alt=\"Bili\u015fsel Davran\u0131\u015f\u00e7\u0131 Terapi \" width=\"1024\" height=\"682\" srcset=\"https:\/\/drcuneytunsal.com\/tr\/wp-content\/uploads\/bilissel-davranisci-terapi-1024x682.jpg 1024w, https:\/\/drcuneytunsal.com\/tr\/wp-content\/uploads\/bilissel-davranisci-terapi-300x200.jpg 300w, https:\/\/drcuneytunsal.com\/tr\/wp-content\/uploads\/bilissel-davranisci-terapi-768x512.jpg 768w, https:\/\/drcuneytunsal.com\/tr\/wp-content\/uploads\/bilissel-davranisci-terapi-360x240.jpg 360w, https:\/\/drcuneytunsal.com\/tr\/wp-content\/uploads\/bilissel-davranisci-terapi-272x182.jpg 272w, https:\/\/drcuneytunsal.com\/tr\/wp-content\/uploads\/bilissel-davranisci-terapi.jpg 1280w\" sizes=\"auto, (max-width: 1024px) 100vw, 1024px\" \/><\/p>\n<h3 style=\"font-size: 18px;\"><a href=\"https:\/\/drcuneytunsal.com\/tr\/bilissel-davranisci-terapi\/\">B\u0130L\u0130\u015eSEL DAVRANI\u015e\u00c7I<br \/>\nTERAP\u0130<\/a><\/h3>\n<p class=\"desc\">Bili\u015fsel Davran\u0131\u015f\u00e7\u0131 Terapi (BDT); ki\u015finin etkin olmayan ve rahats\u0131zl\u0131k veren d\u00fc\u015f\u00fcnce ve davran\u0131\u015flar\u0131n\u0131 de\u011fi\u015ftirebilme becerilerini geli\u015ftirmeyi ve d\u00fczenlemeyi \u00f6\u011freten, yap\u0131land\u0131r\u0131lm\u0131\u015f ve g\u00fcncel bir psikoterapi y\u00f6ntemidir...<\/p>\n<p class=\"read-more-aa\"><a href=\"https:\/\/drcuneytunsal.com\/tr\/bilissel-davranisci-terapi\/\"><strong>DEVAMINI OKU<\/strong><\/a><\/p>\n<\/div>\n<\/div><\/div><\/div><div id=\"pgc-w693fb04f3b700-0-1\"  class=\"panel-grid-cell\" ><div id=\"panel-w693fb04f3b700-0-1-0\" class=\"so-panel widget widget_sow-editor panel-first-child panel-last-child\" data-index=\"1\" ><div\n\t\t\t\n\t\t\tclass=\"so-widget-sow-editor so-widget-sow-editor-base\"\n\t\t\t\n\t\t>\n<div class=\"siteorigin-widget-tinymce textwidget\">\n\t<p><img loading=\"lazy\" decoding=\"async\" class=\"wp-image-1178 size-large aligncenter\" src=\"https:\/\/drcuneytunsal.com\/tr\/wp-content\/uploads\/sorun-cozme-terapisi-1024x682.jpg\" alt=\"Sorun \u00c7\u00f6zme Terapisi\" width=\"1024\" height=\"682\" srcset=\"https:\/\/drcuneytunsal.com\/tr\/wp-content\/uploads\/sorun-cozme-terapisi-1024x682.jpg 1024w, https:\/\/drcuneytunsal.com\/tr\/wp-content\/uploads\/sorun-cozme-terapisi-300x200.jpg 300w, https:\/\/drcuneytunsal.com\/tr\/wp-content\/uploads\/sorun-cozme-terapisi-768x512.jpg 768w, https:\/\/drcuneytunsal.com\/tr\/wp-content\/uploads\/sorun-cozme-terapisi-360x240.jpg 360w, https:\/\/drcuneytunsal.com\/tr\/wp-content\/uploads\/sorun-cozme-terapisi-272x182.jpg 272w, https:\/\/drcuneytunsal.com\/tr\/wp-content\/uploads\/sorun-cozme-terapisi.jpg 1091w\" sizes=\"auto, (max-width: 1024px) 100vw, 1024px\" \/><\/p>\n<h3 style=\"font-size: 18px;\"><a href=\"https:\/\/drcuneytunsal.com\/tr\/sorun-cozme-terapisi\/\">SORUN \u00c7\u00d6ZME<br \/>\nTERAP\u0130S\u0130<\/a><\/h3>\n<p class=\"desc\">Sorun, ki\u015finin ya\u015fam\u0131nda kar\u015f\u0131la\u015ft\u0131\u011f\u0131, engel olarak g\u00f6r\u00fcnen durumlara kar\u015f\u0131 etkili bir sonuca ula\u015fan giri\u015fimleri yerine getiremedi\u011fi durum olarak tan\u0131mlanmaktad\u0131r. Dolay\u0131s\u0131yla, kar\u015f\u0131m\u0131za \u00e7\u0131kan bu duruma kar\u015f\u0131...<\/p>\n<p class=\"read-more-aa\"><a href=\"https:\/\/drcuneytunsal.com\/tr\/sorun-cozme-terapisi\/\"><strong>DEVAMINI OKU<\/strong><\/a><\/p>\n<\/div>\n<\/div><\/div><\/div><\/div><div id=\"pg-w693fb04f3b700-1\"  class=\"panel-grid panel-no-style\" ><div id=\"pgc-w693fb04f3b700-1-0\"  class=\"panel-grid-cell\" ><div id=\"panel-w693fb04f3b700-1-0-0\" class=\"so-panel widget widget_sow-editor panel-first-child panel-last-child\" data-index=\"2\" ><div\n\t\t\t\n\t\t\tclass=\"so-widget-sow-editor so-widget-sow-editor-base\"\n\t\t\t\n\t\t>\n<div class=\"siteorigin-widget-tinymce textwidget\">\n\t<p><img loading=\"lazy\" decoding=\"async\" class=\"size-large wp-image-1176 aligncenter\" src=\"https:\/\/drcuneytunsal.com\/tr\/wp-content\/uploads\/destekleyici-psikoterapi-1024x678.jpg\" alt=\"Destekleyici Psikoterapi\" width=\"1024\" height=\"678\" srcset=\"https:\/\/drcuneytunsal.com\/tr\/wp-content\/uploads\/destekleyici-psikoterapi-1024x678.jpg 1024w, https:\/\/drcuneytunsal.com\/tr\/wp-content\/uploads\/destekleyici-psikoterapi-300x199.jpg 300w, https:\/\/drcuneytunsal.com\/tr\/wp-content\/uploads\/destekleyici-psikoterapi-768x509.jpg 768w, https:\/\/drcuneytunsal.com\/tr\/wp-content\/uploads\/destekleyici-psikoterapi.jpg 1280w\" sizes=\"auto, (max-width: 1024px) 100vw, 1024px\" \/><\/p>\n<h3 style=\"font-size: 18px;\"><a href=\"https:\/\/drcuneytunsal.com\/tr\/destekleyici-psikoterapi\/\">DESTEKLEY\u0130C\u0130<br \/>\nPS\u0130KOTERAP\u0130<\/a><\/h3>\n<p class=\"desc\">Psikoterapi s\u00f6z konusu oldu\u011funda, her t\u00fcrl\u00fc terapi modelinde terapistin gere\u011finde dan\u0131\u015fan\u0131n\u0131 desteklemesi do\u011fal bir s\u00fcre\u00e7tir. Destekleyici psikoterapi, bili\u015fsel davran\u0131\u015f\u00e7\u0131 terapi ile kesi\u015fen noktalar\u0131 olsa da\u2026<\/p>\n<p class=\"read-more-aa\"><a href=\"https:\/\/drcuneytunsal.com\/tr\/destekleyici-psikoterapi\/\"><strong>DEVAMINI OKU<\/strong><\/a><\/p>\n<\/div>\n<\/div><\/div><\/div><div id=\"pgc-w693fb04f3b700-1-1\"  class=\"panel-grid-cell\" ><div id=\"panel-w693fb04f3b700-1-1-0\" class=\"so-panel widget widget_sow-editor panel-first-child panel-last-child\" data-index=\"3\" ><div\n\t\t\t\n\t\t\tclass=\"so-widget-sow-editor so-widget-sow-editor-base\"\n\t\t\t\n\t\t>\n<div class=\"siteorigin-widget-tinymce textwidget\">\n\t<p><img loading=\"lazy\" decoding=\"async\" class=\"size-large wp-image-1177 aligncenter\" src=\"https:\/\/drcuneytunsal.com\/tr\/wp-content\/uploads\/farmakoterapi-ilac-tedavisi-1024x682.jpg\" alt=\"Farmokoloji \u0130la\u00e7 Tedavisi\" width=\"1024\" height=\"682\" srcset=\"https:\/\/drcuneytunsal.com\/tr\/wp-content\/uploads\/farmakoterapi-ilac-tedavisi-1024x682.jpg 1024w, https:\/\/drcuneytunsal.com\/tr\/wp-content\/uploads\/farmakoterapi-ilac-tedavisi-300x200.jpg 300w, https:\/\/drcuneytunsal.com\/tr\/wp-content\/uploads\/farmakoterapi-ilac-tedavisi-768x512.jpg 768w, https:\/\/drcuneytunsal.com\/tr\/wp-content\/uploads\/farmakoterapi-ilac-tedavisi-360x240.jpg 360w, https:\/\/drcuneytunsal.com\/tr\/wp-content\/uploads\/farmakoterapi-ilac-tedavisi-272x182.jpg 272w, https:\/\/drcuneytunsal.com\/tr\/wp-content\/uploads\/farmakoterapi-ilac-tedavisi.jpg 1280w\" sizes=\"auto, (max-width: 1024px) 100vw, 1024px\" \/><\/p>\n<h3 style=\"font-size: 18px;\"><a href=\"https:\/\/drcuneytunsal.com\/tr\/farmakoterapi-ilac-tedavisi\/\">FARMAKOTERAP\u0130<br \/>\n(\u0130LA\u00c7 TEDAV\u0130S\u0130)<\/a><\/h3>\n<p class=\"desc\">Farmakoterapi, ila\u00e7larla tedavi anlam\u0131na gelmektedir. Psikofarmakoloji ise, psikiyatrik rahats\u0131zl\u0131klar\u0131n tedavisinde ila\u00e7lar\u0131n kullan\u0131m\u0131n\u0131 sa\u011flayan \u00e7al\u0131\u015fmalara verilen add\u0131r. Modern psikofarmakolojinin temellerini iyi anlayabilmenin\u2026<\/p>\n<p class=\"read-more-aa\"><a href=\"https:\/\/drcuneytunsal.com\/tr\/farmakoterapi-ilac-tedavisi\/\"><strong>DEVAMINI OKU\u00a0<\/strong><\/a><\/p>\n<\/div>\n<\/div><\/div><\/div><\/div><div id=\"pg-w693fb04f3b700-2\"  class=\"panel-grid panel-no-style\" ><div id=\"pgc-w693fb04f3b700-2-0\"  class=\"panel-grid-cell panel-grid-cell-mobile-last\" ><div id=\"panel-w693fb04f3b700-2-0-0\" class=\"so-panel widget widget_sow-editor panel-first-child panel-last-child\" data-index=\"4\" ><div\n\t\t\t\n\t\t\tclass=\"so-widget-sow-editor so-widget-sow-editor-base\"\n\t\t\t\n\t\t>\n<div class=\"siteorigin-widget-tinymce textwidget\">\n\t<p><img loading=\"lazy\" decoding=\"async\" class=\"alignright size-large wp-image-1474\" src=\"https:\/\/drcuneytunsal.com\/tr\/wp-content\/uploads\/emdr-terapisi-ve-flash-teknigi-img-1024x682.jpg\" alt=\"EMDR ve Flash Tekni\u011fi\" width=\"1024\" height=\"682\" \/><\/p>\n<h3 style=\"font-size: 18px;\"><a href=\"https:\/\/drcuneytunsal.com\/tr\/emdr-terapisi-ve-flash-teknigi-img\/\">EMDR TERAP\u0130S\u0130 ve<\/a><br \/>\n<a href=\"https:\/\/drcuneytunsal.com\/tr\/emdr-terapisi-ve-flash-teknigi\/\">FLASH TEKN\u0130\u011e\u0130<\/a><\/h3>\n<p class=\"desc\">Travma, yaln\u0131zca tek bir olay\u0131n de\u011fil, kimi zaman uzun s\u00fcreli ve tekrar eden olumsuz deneyimlerin de sonucunda geli\u015febilen bir durumdur. Do\u011fal afetler, kazalar, sava\u015f, istismar veya ciddi kay\u0131plar gibi ya\u015fant\u0131lar bireyin ruhsal dayan\u0131kl\u0131l\u0131\u011f\u0131n\u0131 a\u015farak...<\/p>\n<p class=\"read-more-aa\"><a href=\"https:\/\/drcuneytunsal.com\/tr\/emdr-terapisi-ve-flash-teknigi\/\"><strong>DEVAMINI OKU<\/strong><\/a><\/p>\n<\/div>\n<\/div><\/div><\/div><div id=\"pgc-w693fb04f3b700-2-1\"  class=\"panel-grid-cell panel-grid-cell-empty\" ><\/div><\/div><\/div><\/div><\/div><\/div><\/div><\/div>","protected":false},"excerpt":{"rendered":"<p>B\u0130L\u0130\u015eSEL DAVRANI\u015e\u00c7I TERAP\u0130 Bili\u015fsel Davran\u0131\u015f\u00e7\u0131 Terapi (BDT); ki\u015finin etkin olmayan ve rahats\u0131zl\u0131k veren d\u00fc\u015f\u00fcnce ve davran\u0131\u015flar\u0131n\u0131 de\u011fi\u015ftirebilme becerilerini geli\u015ftirmeyi ve d\u00fczenlemeyi \u00f6\u011freten, yap\u0131land\u0131r\u0131lm\u0131\u015f ve g\u00fcncel bir psikoterapi y\u00f6ntemidir&#8230; DEVAMINI OKU SORUN \u00c7\u00d6ZME TERAP\u0130S\u0130 Sorun, ki\u015finin ya\u015fam\u0131nda kar\u015f\u0131la\u015ft\u0131\u011f\u0131, engel olarak g\u00f6r\u00fcnen durumlara kar\u015f\u0131 etkili bir sonuca ula\u015fan giri\u015fimleri yerine getiremedi\u011fi durum olarak tan\u0131mlanmaktad\u0131r. Dolay\u0131s\u0131yla, kar\u015f\u0131m\u0131za \u00e7\u0131kan &hellip;<\/p>\n","protected":false},"author":1,"featured_media":1079,"parent":0,"menu_order":0,"comment_status":"closed","ping_status":"closed","template":"","meta":{"_acf_changed":false,"footnotes":""},"class_list":["post-1167","page","type-page","status-publish","has-post-thumbnail","hentry"],"acf":[],"yoast_head":"<!-- This site is optimized with the Yoast SEO plugin v25.1 - https:\/\/yoast.com\/wordpress\/plugins\/seo\/ -->\n<title>Terapiler - Do\u00e7. Dr. C\u00fcneyt \u00dcnsal<\/title>\n<meta name=\"description\" content=\"Bili\u015fsel Davran\u0131\u015f\u00e7\u0131 Terapi - Sorun \u00c7\u00f6zme Terapisi - Destekleyici Pikoterapi - Farmokoloji (\u0130la\u00e7 Tedavisi) - EMDR Terapisi ve Flash Tekni\u011fi\" \/>\n<meta name=\"robots\" content=\"index, follow, max-snippet:-1, max-image-preview:large, max-video-preview:-1\" \/>\n<link rel=\"canonical\" href=\"https:\/\/drcuneytunsal.com\/tr\/terapiler\/\" \/>\n<meta property=\"og:locale\" content=\"tr_TR\" \/>\n<meta property=\"og:type\" content=\"article\" \/>\n<meta property=\"og:title\" content=\"Terapiler - Do\u00e7. Dr. C\u00fcneyt \u00dcnsal\" \/>\n<meta property=\"og:description\" content=\"Bili\u015fsel Davran\u0131\u015f\u00e7\u0131 Terapi - Sorun \u00c7\u00f6zme Terapisi - Destekleyici Pikoterapi - Farmokoloji (\u0130la\u00e7 Tedavisi) - EMDR Terapisi ve Flash Tekni\u011fi\" \/>\n<meta property=\"og:url\" content=\"https:\/\/drcuneytunsal.com\/tr\/terapiler\/\" \/>\n<meta property=\"og:site_name\" content=\"Do\u00e7. Dr. C\u00fcneyt \u00dcnsal\" \/>\n<meta property=\"article:modified_time\" content=\"2025-12-15T06:53:03+00:00\" \/>\n<meta property=\"og:image\" content=\"https:\/\/drcuneytunsal.com\/tr\/wp-content\/uploads\/cuneyt-unsal.jpg\" \/>\n\t<meta property=\"og:image:width\" content=\"850\" \/>\n\t<meta property=\"og:image:height\" content=\"400\" \/>\n\t<meta property=\"og:image:type\" content=\"image\/jpeg\" \/>\n<meta name=\"twitter:card\" content=\"summary_large_image\" \/>\n<meta name=\"twitter:label1\" content=\"Tahmini okuma s\u00fcresi\" \/>\n\t<meta name=\"twitter:data1\" content=\"3 dakika\" \/>\n<script type=\"application\/ld+json\" class=\"yoast-schema-graph\">{\"@context\":\"https:\/\/schema.org\",\"@graph\":[{\"@type\":\"WebPage\",\"@id\":\"https:\/\/drcuneytunsal.com\/tr\/terapiler\/\",\"url\":\"https:\/\/drcuneytunsal.com\/tr\/terapiler\/\",\"name\":\"Terapiler - Do\u00e7. Dr. C\u00fcneyt \u00dcnsal\",\"isPartOf\":{\"@id\":\"https:\/\/drcuneytunsal.com\/tr\/#website\"},\"primaryImageOfPage\":{\"@id\":\"https:\/\/drcuneytunsal.com\/tr\/terapiler\/#primaryimage\"},\"image\":{\"@id\":\"https:\/\/drcuneytunsal.com\/tr\/terapiler\/#primaryimage\"},\"thumbnailUrl\":\"https:\/\/drcuneytunsal.com\/tr\/wp-content\/uploads\/cuneyt-unsal.jpg\",\"datePublished\":\"2025-08-12T11:22:07+00:00\",\"dateModified\":\"2025-12-15T06:53:03+00:00\",\"description\":\"Bili\u015fsel Davran\u0131\u015f\u00e7\u0131 Terapi - Sorun \u00c7\u00f6zme Terapisi - Destekleyici Pikoterapi - Farmokoloji (\u0130la\u00e7 Tedavisi) - EMDR Terapisi ve Flash Tekni\u011fi\",\"breadcrumb\":{\"@id\":\"https:\/\/drcuneytunsal.com\/tr\/terapiler\/#breadcrumb\"},\"inLanguage\":\"tr\",\"potentialAction\":[{\"@type\":\"ReadAction\",\"target\":[\"https:\/\/drcuneytunsal.com\/tr\/terapiler\/\"]}]},{\"@type\":\"ImageObject\",\"inLanguage\":\"tr\",\"@id\":\"https:\/\/drcuneytunsal.com\/tr\/terapiler\/#primaryimage\",\"url\":\"https:\/\/drcuneytunsal.com\/tr\/wp-content\/uploads\/cuneyt-unsal.jpg\",\"contentUrl\":\"https:\/\/drcuneytunsal.com\/tr\/wp-content\/uploads\/cuneyt-unsal.jpg\",\"width\":850,\"height\":400},{\"@type\":\"BreadcrumbList\",\"@id\":\"https:\/\/drcuneytunsal.com\/tr\/terapiler\/#breadcrumb\",\"itemListElement\":[{\"@type\":\"ListItem\",\"position\":1,\"name\":\"Anasayfa\",\"item\":\"https:\/\/drcuneytunsal.com\/tr\/\"},{\"@type\":\"ListItem\",\"position\":2,\"name\":\"Terapiler\"}]},{\"@type\":\"WebSite\",\"@id\":\"https:\/\/drcuneytunsal.com\/tr\/#website\",\"url\":\"https:\/\/drcuneytunsal.com\/tr\/\",\"name\":\"Do\u00e7. Dr. C\u00fcneyt \u00dcnsal\",\"description\":\"Psikiyatrist - Psikoterapist\",\"potentialAction\":[{\"@type\":\"SearchAction\",\"target\":{\"@type\":\"EntryPoint\",\"urlTemplate\":\"https:\/\/drcuneytunsal.com\/tr\/?s={search_term_string}\"},\"query-input\":{\"@type\":\"PropertyValueSpecification\",\"valueRequired\":true,\"valueName\":\"search_term_string\"}}],\"inLanguage\":\"tr\"}]}<\/script>\n<!-- \/ Yoast SEO plugin. -->","yoast_head_json":{"title":"Terapiler - Do\u00e7. Dr. C\u00fcneyt \u00dcnsal","description":"Bili\u015fsel Davran\u0131\u015f\u00e7\u0131 Terapi - Sorun \u00c7\u00f6zme Terapisi - Destekleyici Pikoterapi - Farmokoloji (\u0130la\u00e7 Tedavisi) - EMDR Terapisi ve Flash Tekni\u011fi","robots":{"index":"index","follow":"follow","max-snippet":"max-snippet:-1","max-image-preview":"max-image-preview:large","max-video-preview":"max-video-preview:-1"},"canonical":"https:\/\/drcuneytunsal.com\/tr\/terapiler\/","og_locale":"tr_TR","og_type":"article","og_title":"Terapiler - Do\u00e7. Dr. C\u00fcneyt \u00dcnsal","og_description":"Bili\u015fsel Davran\u0131\u015f\u00e7\u0131 Terapi - Sorun \u00c7\u00f6zme Terapisi - Destekleyici Pikoterapi - Farmokoloji (\u0130la\u00e7 Tedavisi) - EMDR Terapisi ve Flash Tekni\u011fi","og_url":"https:\/\/drcuneytunsal.com\/tr\/terapiler\/","og_site_name":"Do\u00e7. Dr. C\u00fcneyt \u00dcnsal","article_modified_time":"2025-12-15T06:53:03+00:00","og_image":[{"width":850,"height":400,"url":"https:\/\/drcuneytunsal.com\/tr\/wp-content\/uploads\/cuneyt-unsal.jpg","type":"image\/jpeg"}],"twitter_card":"summary_large_image","twitter_misc":{"Tahmini okuma s\u00fcresi":"3 dakika"},"schema":{"@context":"https:\/\/schema.org","@graph":[{"@type":"WebPage","@id":"https:\/\/drcuneytunsal.com\/tr\/terapiler\/","url":"https:\/\/drcuneytunsal.com\/tr\/terapiler\/","name":"Terapiler - Do\u00e7. Dr. C\u00fcneyt \u00dcnsal","isPartOf":{"@id":"https:\/\/drcuneytunsal.com\/tr\/#website"},"primaryImageOfPage":{"@id":"https:\/\/drcuneytunsal.com\/tr\/terapiler\/#primaryimage"},"image":{"@id":"https:\/\/drcuneytunsal.com\/tr\/terapiler\/#primaryimage"},"thumbnailUrl":"https:\/\/drcuneytunsal.com\/tr\/wp-content\/uploads\/cuneyt-unsal.jpg","datePublished":"2025-08-12T11:22:07+00:00","dateModified":"2025-12-15T06:53:03+00:00","description":"Bili\u015fsel Davran\u0131\u015f\u00e7\u0131 Terapi - Sorun \u00c7\u00f6zme Terapisi - Destekleyici Pikoterapi - Farmokoloji (\u0130la\u00e7 Tedavisi) - EMDR Terapisi ve Flash Tekni\u011fi","breadcrumb":{"@id":"https:\/\/drcuneytunsal.com\/tr\/terapiler\/#breadcrumb"},"inLanguage":"tr","potentialAction":[{"@type":"ReadAction","target":["https:\/\/drcuneytunsal.com\/tr\/terapiler\/"]}]},{"@type":"ImageObject","inLanguage":"tr","@id":"https:\/\/drcuneytunsal.com\/tr\/terapiler\/#primaryimage","url":"https:\/\/drcuneytunsal.com\/tr\/wp-content\/uploads\/cuneyt-unsal.jpg","contentUrl":"https:\/\/drcuneytunsal.com\/tr\/wp-content\/uploads\/cuneyt-unsal.jpg","width":850,"height":400},{"@type":"BreadcrumbList","@id":"https:\/\/drcuneytunsal.com\/tr\/terapiler\/#breadcrumb","itemListElement":[{"@type":"ListItem","position":1,"name":"Anasayfa","item":"https:\/\/drcuneytunsal.com\/tr\/"},{"@type":"ListItem","position":2,"name":"Terapiler"}]},{"@type":"WebSite","@id":"https:\/\/drcuneytunsal.com\/tr\/#website","url":"https:\/\/drcuneytunsal.com\/tr\/","name":"Do\u00e7. Dr. C\u00fcneyt \u00dcnsal","description":"Psikiyatrist - Psikoterapist","potentialAction":[{"@type":"SearchAction","target":{"@type":"EntryPoint","urlTemplate":"https:\/\/drcuneytunsal.com\/tr\/?s={search_term_string}"},"query-input":{"@type":"PropertyValueSpecification","valueRequired":true,"valueName":"search_term_string"}}],"inLanguage":"tr"}]}},"_links":{"self":[{"href":"https:\/\/drcuneytunsal.com\/tr\/wp-json\/wp\/v2\/pages\/1167","targetHints":{"allow":["GET"]}}],"collection":[{"href":"https:\/\/drcuneytunsal.com\/tr\/wp-json\/wp\/v2\/pages"}],"about":[{"href":"https:\/\/drcuneytunsal.com\/tr\/wp-json\/wp\/v2\/types\/page"}],"author":[{"embeddable":true,"href":"https:\/\/drcuneytunsal.com\/tr\/wp-json\/wp\/v2\/users\/1"}],"replies":[{"embeddable":true,"href":"https:\/\/drcuneytunsal.com\/tr\/wp-json\/wp\/v2\/comments?post=1167"}],"version-history":[{"count":22,"href":"https:\/\/drcuneytunsal.com\/tr\/wp-json\/wp\/v2\/pages\/1167\/revisions"}],"predecessor-version":[{"id":1628,"href":"https:\/\/drcuneytunsal.com\/tr\/wp-json\/wp\/v2\/pages\/1167\/revisions\/1628"}],"wp:featuredmedia":[{"embeddable":true,"href":"https:\/\/drcuneytunsal.com\/tr\/wp-json\/wp\/v2\/media\/1079"}],"wp:attachment":[{"href":"https:\/\/drcuneytunsal.com\/tr\/wp-json\/wp\/v2\/media?parent=1167"}],"curies":[{"name":"wp","href":"https:\/\/api.w.org\/{rel}","templated":true}]}}