{"id":1142,"date":"2025-08-12T08:31:38","date_gmt":"2025-08-12T08:31:38","guid":{"rendered":"https:\/\/drcuneytunsal.com\/tr\/?page_id=1142"},"modified":"2025-10-27T12:42:20","modified_gmt":"2025-10-27T12:42:20","slug":"makaleler","status":"publish","type":"page","link":"https:\/\/drcuneytunsal.com\/tr\/makaleler\/","title":{"rendered":"Makaleler"},"content":{"rendered":"<div id=\"pl-1142\"  class=\"panel-layout\" ><div id=\"pg-1142-0\"  class=\"panel-grid panel-no-style\" ><div id=\"pgc-1142-0-0\"  class=\"panel-grid-cell\" ><div id=\"panel-1142-0-0-0\" class=\"so-panel widget widget_sow-editor panel-first-child panel-last-child\" data-index=\"0\" ><div\n\t\t\t\n\t\t\tclass=\"so-widget-sow-editor so-widget-sow-editor-base\"\n\t\t\t\n\t\t>\n<div class=\"siteorigin-widget-tinymce textwidget\">\n\t<div class=\"bdpp-wrap bdpp-lite bdpp-post-grid-wrap bdpp-post-data-wrap bdpp-design-2 bdpp-grid-2  bdpp-clearfix\" id=\"bdpp-post-grid-1\">\r\n\t<div class=\"bdpp-post-grid-inr-wrap bdpp-post-data-inr-wrap bdpp-clearfix\"><div class=\"bdpp-post-grid bdpp-col-2 bdpp-columns bdpp-post-914 bdpp-post-standard bdpp-first bdpp-has-thumb\">\r\n\t<div class=\"bdpp-post-grid-content\">\r\n\t\t\t\t<div class=\"bdpp-post-img-bg\">\r\n\t\t\t<a href=\"https:\/\/drcuneytunsal.com\/tr\/simdi-ve-burada\/\">\r\n\t\t\t\t<img decoding=\"async\" src=\"https:\/\/drcuneytunsal.com\/tr\/wp-content\/uploads\/simdi-ve-burada-768x512.jpg\" class=\"bdpp-img bdpp-post-feat-img\" alt=\"\u015eimdi ve Burada\" \/>\r\n\t\t\t<\/a>\r\n\t\t<\/div>\r\n\t\t\r\n\t\t<div class=\"bdpp-post-margin-content\">\r\n\t\t\t\r\n\t\t\t<h2 class=\"bdpp-post-title\">\r\n\t\t\t\t<a href=\"https:\/\/drcuneytunsal.com\/tr\/simdi-ve-burada\/\">\u015eimdi ve Burada<\/a>\r\n\t\t\t<\/h2>\r\n\r\n\t\t\t\t\t\t<div class=\"bdpp-post-content\">\r\n\t\t\t\t<div class=\"bdpp-post-desc\">\u0130nsan\u0131n zihni s\u00fcrekli olarak ge\u00e7mi\u015f hayat\u0131 ve gelece\u011fi ile ilgili d\u00fc\u015f\u00fcncelerle me\u015fguld\u00fcr. \u0130nsanlar, s\u00fcrekli kendilerine ve \u00e7evresindekilere; ge\u00e7mi\u015fleriyle ilgili unutamad\u0131klar\u0131 olumsuz an\u0131lardan, gelecek ile ilgili kayg\u0131lar\u0131ndan bahsederler. Ancak bir\u00e7o\u011fu, ge\u00e7mi\u015fle...<\/div>\r\n\t\t\t\t\t\t\t\t\t<a href=\"https:\/\/drcuneytunsal.com\/tr\/simdi-ve-burada\/\" class=\"bdpp-rdmr-btn\">Devam\u0131n\u0131 Oku<\/a>\r\n\t\t\t\t\t\t\t<\/div>\r\n\t\t\t\t\t<\/div>\r\n\t<\/div>\r\n<\/div><div class=\"bdpp-post-grid bdpp-col-2 bdpp-columns bdpp-post-912 bdpp-post-standard bdpp-has-thumb\">\r\n\t<div class=\"bdpp-post-grid-content\">\r\n\t\t\t\t<div class=\"bdpp-post-img-bg\">\r\n\t\t\t<a href=\"https:\/\/drcuneytunsal.com\/tr\/yardim-arayanlar-guclu-olanlardir\/\">\r\n\t\t\t\t<img decoding=\"async\" src=\"https:\/\/drcuneytunsal.com\/tr\/wp-content\/uploads\/yardim-arayanlar-guclu-olanlardir-768x512.jpg\" class=\"bdpp-img bdpp-post-feat-img\" alt=\"Yard\u0131m Arayanlar G\u00fc\u00e7l\u00fc Olanlard\u0131r\" \/>\r\n\t\t\t<\/a>\r\n\t\t<\/div>\r\n\t\t\r\n\t\t<div class=\"bdpp-post-margin-content\">\r\n\t\t\t\r\n\t\t\t<h2 class=\"bdpp-post-title\">\r\n\t\t\t\t<a href=\"https:\/\/drcuneytunsal.com\/tr\/yardim-arayanlar-guclu-olanlardir\/\">Yard\u0131m Arayanlar G\u00fc\u00e7l\u00fc Olanlard\u0131r<\/a>\r\n\t\t\t<\/h2>\r\n\r\n\t\t\t\t\t\t<div class=\"bdpp-post-content\">\r\n\t\t\t\t<div class=\"bdpp-post-desc\">Her insan hayat\u0131nda zorluklar ve kolayl\u0131klarla kar\u015f\u0131la\u015f\u0131r. Zor anlar\u0131nda yard\u0131m aramas\u0131, ki\u015finin zay\u0131fl\u0131\u011f\u0131n\u0131n de\u011fil; zorluktan kurtulmak i\u00e7in kendisinde g\u00fc\u00e7 oldu\u011funun g\u00f6stergesidir. Psikiyatri ve psikoterapi, bireysel olarak uygulanan; ki\u015finin d\u00fc\u015f\u00fcnce, duygu,...<\/div>\r\n\t\t\t\t\t\t\t\t\t<a href=\"https:\/\/drcuneytunsal.com\/tr\/yardim-arayanlar-guclu-olanlardir\/\" class=\"bdpp-rdmr-btn\">Devam\u0131n\u0131 Oku<\/a>\r\n\t\t\t\t\t\t\t<\/div>\r\n\t\t\t\t\t<\/div>\r\n\t<\/div>\r\n<\/div><div class=\"bdpp-post-grid bdpp-col-2 bdpp-columns bdpp-post-910 bdpp-post-standard bdpp-first bdpp-has-thumb\">\r\n\t<div class=\"bdpp-post-grid-content\">\r\n\t\t\t\t<div class=\"bdpp-post-img-bg\">\r\n\t\t\t<a href=\"https:\/\/drcuneytunsal.com\/tr\/farkindalik\/\">\r\n\t\t\t\t<img decoding=\"async\" src=\"https:\/\/drcuneytunsal.com\/tr\/wp-content\/uploads\/farkindalik-768x512.jpg\" class=\"bdpp-img bdpp-post-feat-img\" alt=\"Fark\u0131ndal\u0131k\" \/>\r\n\t\t\t<\/a>\r\n\t\t<\/div>\r\n\t\t\r\n\t\t<div class=\"bdpp-post-margin-content\">\r\n\t\t\t\r\n\t\t\t<h2 class=\"bdpp-post-title\">\r\n\t\t\t\t<a href=\"https:\/\/drcuneytunsal.com\/tr\/farkindalik\/\">Fark\u0131ndal\u0131k<\/a>\r\n\t\t\t<\/h2>\r\n\r\n\t\t\t\t\t\t<div class=\"bdpp-post-content\">\r\n\t\t\t\t<div class=\"bdpp-post-desc\">Fark\u0131ndal\u0131k; ki\u015finin, kendi d\u00fc\u015f\u00fcnce, duygu, tutum ve davran\u0131\u015flar\u0131 ile \u00e7evresinde olup bitenlere dikkat ederek fark etmesi anlam\u0131na gelmektedir. Pek \u00e7o\u011fumuz bu yaz\u0131y\u0131 okurken, \u201cBen zaten kendimin ve \u00e7evremin fark\u0131nday\u0131m.\u201d dedi\u011finizi...<\/div>\r\n\t\t\t\t\t\t\t\t\t<a href=\"https:\/\/drcuneytunsal.com\/tr\/farkindalik\/\" class=\"bdpp-rdmr-btn\">Devam\u0131n\u0131 Oku<\/a>\r\n\t\t\t\t\t\t\t<\/div>\r\n\t\t\t\t\t<\/div>\r\n\t<\/div>\r\n<\/div><div class=\"bdpp-post-grid bdpp-col-2 bdpp-columns bdpp-post-908 bdpp-post-standard bdpp-has-thumb\">\r\n\t<div class=\"bdpp-post-grid-content\">\r\n\t\t\t\t<div class=\"bdpp-post-img-bg\">\r\n\t\t\t<a href=\"https:\/\/drcuneytunsal.com\/tr\/anksiyete-nedir\/\">\r\n\t\t\t\t<img decoding=\"async\" src=\"https:\/\/drcuneytunsal.com\/tr\/wp-content\/uploads\/anksiyete-nedir-768x512.jpg\" class=\"bdpp-img bdpp-post-feat-img\" alt=\"Anksiyete Nedir?\" \/>\r\n\t\t\t<\/a>\r\n\t\t<\/div>\r\n\t\t\r\n\t\t<div class=\"bdpp-post-margin-content\">\r\n\t\t\t\r\n\t\t\t<h2 class=\"bdpp-post-title\">\r\n\t\t\t\t<a href=\"https:\/\/drcuneytunsal.com\/tr\/anksiyete-nedir\/\">Anksiyete Nedir?<\/a>\r\n\t\t\t<\/h2>\r\n\r\n\t\t\t\t\t\t<div class=\"bdpp-post-content\">\r\n\t\t\t\t<div class=\"bdpp-post-desc\">Anksiyete; kayg\u0131, bunalt\u0131, can s\u0131k\u0131nt\u0131s\u0131 veya ho\u015f olmayan heyecansal bir endi\u015fe halidir. Normalde kayg\u0131, herkes taraf\u0131ndan ya\u015fanabilen bir duygudur. Ki\u015fiyi, bir tehlikeye kar\u015f\u0131 uyar\u0131c\u0131 ve \u00f6nlem almas\u0131 gerekti\u011fine dair sinyal...<\/div>\r\n\t\t\t\t\t\t\t\t\t<a href=\"https:\/\/drcuneytunsal.com\/tr\/anksiyete-nedir\/\" class=\"bdpp-rdmr-btn\">Devam\u0131n\u0131 Oku<\/a>\r\n\t\t\t\t\t\t\t<\/div>\r\n\t\t\t\t\t<\/div>\r\n\t<\/div>\r\n<\/div><div class=\"bdpp-post-grid bdpp-col-2 bdpp-columns bdpp-post-906 bdpp-post-standard bdpp-first bdpp-has-thumb\">\r\n\t<div class=\"bdpp-post-grid-content\">\r\n\t\t\t\t<div class=\"bdpp-post-img-bg\">\r\n\t\t\t<a href=\"https:\/\/drcuneytunsal.com\/tr\/psikiyatristler-yalnizca-ilac-mi-yazarlar\/\">\r\n\t\t\t\t<img decoding=\"async\" src=\"https:\/\/drcuneytunsal.com\/tr\/wp-content\/uploads\/psikiyatristler-yalnizca-ilac-mi-yazarlar-768x512.jpg\" class=\"bdpp-img bdpp-post-feat-img\" alt=\"Psikiyatristler Hep \/ Yaln\u0131zca \u0130la\u00e7 m\u0131 Yazarlar?\" \/>\r\n\t\t\t<\/a>\r\n\t\t<\/div>\r\n\t\t\r\n\t\t<div class=\"bdpp-post-margin-content\">\r\n\t\t\t\r\n\t\t\t<h2 class=\"bdpp-post-title\">\r\n\t\t\t\t<a href=\"https:\/\/drcuneytunsal.com\/tr\/psikiyatristler-yalnizca-ilac-mi-yazarlar\/\">Psikiyatristler Hep \/ Yaln\u0131zca \u0130la\u00e7 m\u0131 Yazarlar?<\/a>\r\n\t\t\t<\/h2>\r\n\r\n\t\t\t\t\t\t<div class=\"bdpp-post-content\">\r\n\t\t\t\t<div class=\"bdpp-post-desc\">Bu kan\u0131, psikoterapi yapan psikiyatristlerin say\u0131s\u0131n\u0131n her ge\u00e7en g\u00fcn artmas\u0131ndan dolay\u0131 k\u0131smen azalm\u0131\u015f olsa da h\u00e2l\u00e2 g\u00fcndemdeki yerini korumaktad\u0131r. Psikiyatri hekimi, hastadaki d\u00fc\u015f\u00fcnce, duygu, tutum ve davran\u0131\u015f bozuklu\u011funu te\u015fhis ettikten...<\/div>\r\n\t\t\t\t\t\t\t\t\t<a href=\"https:\/\/drcuneytunsal.com\/tr\/psikiyatristler-yalnizca-ilac-mi-yazarlar\/\" class=\"bdpp-rdmr-btn\">Devam\u0131n\u0131 Oku<\/a>\r\n\t\t\t\t\t\t\t<\/div>\r\n\t\t\t\t\t<\/div>\r\n\t<\/div>\r\n<\/div><div class=\"bdpp-post-grid bdpp-col-2 bdpp-columns bdpp-post-904 bdpp-post-standard bdpp-has-thumb\">\r\n\t<div class=\"bdpp-post-grid-content\">\r\n\t\t\t\t<div class=\"bdpp-post-img-bg\">\r\n\t\t\t<a href=\"https:\/\/drcuneytunsal.com\/tr\/psikiyatrik-hastaliklarin-sebepleri\/\">\r\n\t\t\t\t<img decoding=\"async\" src=\"https:\/\/drcuneytunsal.com\/tr\/wp-content\/uploads\/psikiyatrik-hastaliklarin-sebepleri-768x512.jpg\" class=\"bdpp-img bdpp-post-feat-img\" alt=\"Psikiyatrik Hastal\u0131klar\u0131n Sebepleri\" \/>\r\n\t\t\t<\/a>\r\n\t\t<\/div>\r\n\t\t\r\n\t\t<div class=\"bdpp-post-margin-content\">\r\n\t\t\t\r\n\t\t\t<h2 class=\"bdpp-post-title\">\r\n\t\t\t\t<a href=\"https:\/\/drcuneytunsal.com\/tr\/psikiyatrik-hastaliklarin-sebepleri\/\">Psikiyatrik Hastal\u0131klar\u0131n Sebepleri<\/a>\r\n\t\t\t<\/h2>\r\n\r\n\t\t\t\t\t\t<div class=\"bdpp-post-content\">\r\n\t\t\t\t<div class=\"bdpp-post-desc\">PS\u0130K\u0130YATR\u0130K HASTALIKLAR YALNIZCA PS\u0130KOLOJ\u0130K K\u00d6KENL\u0130 OLMAYAB\u0130L\u0130R... Psikiyatri hekimleri, ald\u0131klar\u0131 t\u00fcm e\u011fitimler sonucunda hastay\u0131 b\u00fct\u00fcnc\u00fcl olarak de\u011ferlendirmeyi \u00f6\u011frenirler. Zamanla, mesleki tecr\u00fcbelerine hastalar\u0131ndan edindikleri deneyimler de eklenir. Psikiyatristler, hastan\u0131n psikiyatrik durumunun nedenlerini...<\/div>\r\n\t\t\t\t\t\t\t\t\t<a href=\"https:\/\/drcuneytunsal.com\/tr\/psikiyatrik-hastaliklarin-sebepleri\/\" class=\"bdpp-rdmr-btn\">Devam\u0131n\u0131 Oku<\/a>\r\n\t\t\t\t\t\t\t<\/div>\r\n\t\t\t\t\t<\/div>\r\n\t<\/div>\r\n<\/div><div class=\"bdpp-post-grid bdpp-col-2 bdpp-columns bdpp-post-902 bdpp-post-standard bdpp-first bdpp-has-thumb\">\r\n\t<div class=\"bdpp-post-grid-content\">\r\n\t\t\t\t<div class=\"bdpp-post-img-bg\">\r\n\t\t\t<a href=\"https:\/\/drcuneytunsal.com\/tr\/psikiyatrik-hastaliklar-ruh-hastaligi-degil-beyin-hastaliklaridir\/\">\r\n\t\t\t\t<img decoding=\"async\" src=\"https:\/\/drcuneytunsal.com\/tr\/wp-content\/uploads\/psikiyatrik-hastaliklar-ruh-hastaligi-degil-beyin-hastaliklaridir-768x512.jpg\" class=\"bdpp-img bdpp-post-feat-img\" alt=\"Psikiyatrik Hastal\u0131klar Ruh Hastal\u0131\u011f\u0131 De\u011fil, Beyin Hastal\u0131klar\u0131d\u0131r&#8230;\" \/>\r\n\t\t\t<\/a>\r\n\t\t<\/div>\r\n\t\t\r\n\t\t<div class=\"bdpp-post-margin-content\">\r\n\t\t\t\r\n\t\t\t<h2 class=\"bdpp-post-title\">\r\n\t\t\t\t<a href=\"https:\/\/drcuneytunsal.com\/tr\/psikiyatrik-hastaliklar-ruh-hastaligi-degil-beyin-hastaliklaridir\/\">Psikiyatrik Hastal\u0131klar Ruh Hastal\u0131\u011f\u0131 De\u011fil, Beyin Hastal\u0131klar\u0131d\u0131r&#8230;<\/a>\r\n\t\t\t<\/h2>\r\n\r\n\t\t\t\t\t\t<div class=\"bdpp-post-content\">\r\n\t\t\t\t<div class=\"bdpp-post-desc\">Psikiyatri; d\u00fc\u015f\u00fcnce, duygu ve davran\u0131\u015f bozukluklar\u0131n\u0131n te\u015fhisi, tedavisi ve \u00f6nlenebilmesi ile ilgilenen t\u0131p dal\u0131d\u0131r. Psikiyatristler, psikolojik sorunlar\u0131n zihinsel ve fiziksel y\u00f6nlerini de\u011ferlendirerek, ki\u015finin ihtiyac\u0131 olan tedaviyi uygularlar. Psikiyatri tarihi boyunca,...<\/div>\r\n\t\t\t\t\t\t\t\t\t<a href=\"https:\/\/drcuneytunsal.com\/tr\/psikiyatrik-hastaliklar-ruh-hastaligi-degil-beyin-hastaliklaridir\/\" class=\"bdpp-rdmr-btn\">Devam\u0131n\u0131 Oku<\/a>\r\n\t\t\t\t\t\t\t<\/div>\r\n\t\t\t\t\t<\/div>\r\n\t<\/div>\r\n<\/div>\t<\/div>\r\n\t<\/div>\n<\/div>\n<\/div><\/div><\/div><\/div><\/div>","protected":false},"excerpt":{"rendered":"<p>Psikiyatri; d\u00fc\u015f\u00fcnce, duygu ve davran\u0131\u015f bozukluklar\u0131n\u0131n te\u015fhisi, tedavisi ve \u00f6nlenebilmesi ile ilgilenen t\u0131p dal\u0131d\u0131r. Psikiyatristler, psikolojik sorunlar\u0131n zihinsel ve fiziksel y\u00f6nlerini de\u011ferlendirerek, ki\u015finin ihtiyac\u0131 olan tedaviyi uygularlar. Psikiyatri tarihi boyunca, bu dal ile ilgili yap\u0131lan tan\u0131mlamalar; psikiyatriye y\u00f6nelik eksik ya da yanl\u0131\u015f inan\u0131\u015flar\u0131n olu\u015fmas\u0131nda k\u0131smen rol oynam\u0131\u015ft\u0131r. T\u00fcm t\u0131p dallar\u0131 i\u00e7inde, belki de en fazla &hellip;<\/p>\n","protected":false},"author":1,"featured_media":1079,"parent":0,"menu_order":0,"comment_status":"closed","ping_status":"closed","template":"","meta":{"_acf_changed":false,"footnotes":""},"class_list":["post-1142","page","type-page","status-publish","has-post-thumbnail","hentry"],"acf":[],"yoast_head":"<!-- This site is optimized with the Yoast SEO plugin v25.1 - https:\/\/yoast.com\/wordpress\/plugins\/seo\/ -->\n<title>Makaleler - Do\u00e7. Dr. C\u00fcneyt \u00dcnsal<\/title>\n<meta name=\"description\" content=\"Muayenehane G\u00f6r\u00fc\u015fmesi &amp; Online Terapi Randevusu -- Fenerbah\u00e7e Mh. Ba\u011fdat Cd. Temel Apt. No:146\/7 Kad\u0131k\u00f6y, \u0130STANBUL\" \/>\n<meta name=\"robots\" content=\"index, follow, max-snippet:-1, max-image-preview:large, max-video-preview:-1\" \/>\n<link rel=\"canonical\" href=\"https:\/\/drcuneytunsal.com\/tr\/makaleler\/\" \/>\n<meta property=\"og:locale\" content=\"tr_TR\" \/>\n<meta property=\"og:type\" content=\"article\" \/>\n<meta property=\"og:title\" content=\"Makaleler - Do\u00e7. Dr. C\u00fcneyt \u00dcnsal\" \/>\n<meta property=\"og:description\" content=\"Muayenehane G\u00f6r\u00fc\u015fmesi &amp; Online Terapi Randevusu -- Fenerbah\u00e7e Mh. Ba\u011fdat Cd. Temel Apt. No:146\/7 Kad\u0131k\u00f6y, \u0130STANBUL\" \/>\n<meta property=\"og:url\" content=\"https:\/\/drcuneytunsal.com\/tr\/makaleler\/\" \/>\n<meta property=\"og:site_name\" content=\"Do\u00e7. Dr. C\u00fcneyt \u00dcnsal\" \/>\n<meta property=\"article:modified_time\" content=\"2025-10-27T12:42:20+00:00\" \/>\n<meta property=\"og:image\" content=\"https:\/\/drcuneytunsal.com\/tr\/wp-content\/uploads\/cuneyt-unsal.jpg\" \/>\n\t<meta property=\"og:image:width\" content=\"850\" \/>\n\t<meta property=\"og:image:height\" content=\"400\" \/>\n\t<meta property=\"og:image:type\" content=\"image\/jpeg\" \/>\n<meta name=\"twitter:card\" content=\"summary_large_image\" \/>\n<meta name=\"twitter:label1\" content=\"Tahmini okuma s\u00fcresi\" \/>\n\t<meta name=\"twitter:data1\" content=\"4 dakika\" \/>\n<script type=\"application\/ld+json\" class=\"yoast-schema-graph\">{\"@context\":\"https:\/\/schema.org\",\"@graph\":[{\"@type\":\"WebPage\",\"@id\":\"https:\/\/drcuneytunsal.com\/tr\/makaleler\/\",\"url\":\"https:\/\/drcuneytunsal.com\/tr\/makaleler\/\",\"name\":\"Makaleler - Do\u00e7. Dr. C\u00fcneyt \u00dcnsal\",\"isPartOf\":{\"@id\":\"https:\/\/drcuneytunsal.com\/tr\/#website\"},\"primaryImageOfPage\":{\"@id\":\"https:\/\/drcuneytunsal.com\/tr\/makaleler\/#primaryimage\"},\"image\":{\"@id\":\"https:\/\/drcuneytunsal.com\/tr\/makaleler\/#primaryimage\"},\"thumbnailUrl\":\"https:\/\/drcuneytunsal.com\/tr\/wp-content\/uploads\/cuneyt-unsal.jpg\",\"datePublished\":\"2025-08-12T08:31:38+00:00\",\"dateModified\":\"2025-10-27T12:42:20+00:00\",\"description\":\"Muayenehane G\u00f6r\u00fc\u015fmesi & Online Terapi Randevusu -- Fenerbah\u00e7e Mh. Ba\u011fdat Cd. Temel Apt. No:146\/7 Kad\u0131k\u00f6y, \u0130STANBUL\",\"breadcrumb\":{\"@id\":\"https:\/\/drcuneytunsal.com\/tr\/makaleler\/#breadcrumb\"},\"inLanguage\":\"tr\",\"potentialAction\":[{\"@type\":\"ReadAction\",\"target\":[\"https:\/\/drcuneytunsal.com\/tr\/makaleler\/\"]}]},{\"@type\":\"ImageObject\",\"inLanguage\":\"tr\",\"@id\":\"https:\/\/drcuneytunsal.com\/tr\/makaleler\/#primaryimage\",\"url\":\"https:\/\/drcuneytunsal.com\/tr\/wp-content\/uploads\/cuneyt-unsal.jpg\",\"contentUrl\":\"https:\/\/drcuneytunsal.com\/tr\/wp-content\/uploads\/cuneyt-unsal.jpg\",\"width\":850,\"height\":400},{\"@type\":\"BreadcrumbList\",\"@id\":\"https:\/\/drcuneytunsal.com\/tr\/makaleler\/#breadcrumb\",\"itemListElement\":[{\"@type\":\"ListItem\",\"position\":1,\"name\":\"Anasayfa\",\"item\":\"https:\/\/drcuneytunsal.com\/tr\/\"},{\"@type\":\"ListItem\",\"position\":2,\"name\":\"Makaleler\"}]},{\"@type\":\"WebSite\",\"@id\":\"https:\/\/drcuneytunsal.com\/tr\/#website\",\"url\":\"https:\/\/drcuneytunsal.com\/tr\/\",\"name\":\"Do\u00e7. Dr. C\u00fcneyt \u00dcnsal\",\"description\":\"Psikiyatrist - Psikoterapist\",\"potentialAction\":[{\"@type\":\"SearchAction\",\"target\":{\"@type\":\"EntryPoint\",\"urlTemplate\":\"https:\/\/drcuneytunsal.com\/tr\/?s={search_term_string}\"},\"query-input\":{\"@type\":\"PropertyValueSpecification\",\"valueRequired\":true,\"valueName\":\"search_term_string\"}}],\"inLanguage\":\"tr\"}]}<\/script>\n<!-- \/ Yoast SEO plugin. -->","yoast_head_json":{"title":"Makaleler - Do\u00e7. Dr. C\u00fcneyt \u00dcnsal","description":"Muayenehane G\u00f6r\u00fc\u015fmesi & Online Terapi Randevusu -- Fenerbah\u00e7e Mh. Ba\u011fdat Cd. Temel Apt. No:146\/7 Kad\u0131k\u00f6y, \u0130STANBUL","robots":{"index":"index","follow":"follow","max-snippet":"max-snippet:-1","max-image-preview":"max-image-preview:large","max-video-preview":"max-video-preview:-1"},"canonical":"https:\/\/drcuneytunsal.com\/tr\/makaleler\/","og_locale":"tr_TR","og_type":"article","og_title":"Makaleler - Do\u00e7. Dr. C\u00fcneyt \u00dcnsal","og_description":"Muayenehane G\u00f6r\u00fc\u015fmesi & Online Terapi Randevusu -- Fenerbah\u00e7e Mh. Ba\u011fdat Cd. Temel Apt. No:146\/7 Kad\u0131k\u00f6y, \u0130STANBUL","og_url":"https:\/\/drcuneytunsal.com\/tr\/makaleler\/","og_site_name":"Do\u00e7. Dr. C\u00fcneyt \u00dcnsal","article_modified_time":"2025-10-27T12:42:20+00:00","og_image":[{"width":850,"height":400,"url":"https:\/\/drcuneytunsal.com\/tr\/wp-content\/uploads\/cuneyt-unsal.jpg","type":"image\/jpeg"}],"twitter_card":"summary_large_image","twitter_misc":{"Tahmini okuma s\u00fcresi":"4 dakika"},"schema":{"@context":"https:\/\/schema.org","@graph":[{"@type":"WebPage","@id":"https:\/\/drcuneytunsal.com\/tr\/makaleler\/","url":"https:\/\/drcuneytunsal.com\/tr\/makaleler\/","name":"Makaleler - Do\u00e7. Dr. C\u00fcneyt \u00dcnsal","isPartOf":{"@id":"https:\/\/drcuneytunsal.com\/tr\/#website"},"primaryImageOfPage":{"@id":"https:\/\/drcuneytunsal.com\/tr\/makaleler\/#primaryimage"},"image":{"@id":"https:\/\/drcuneytunsal.com\/tr\/makaleler\/#primaryimage"},"thumbnailUrl":"https:\/\/drcuneytunsal.com\/tr\/wp-content\/uploads\/cuneyt-unsal.jpg","datePublished":"2025-08-12T08:31:38+00:00","dateModified":"2025-10-27T12:42:20+00:00","description":"Muayenehane G\u00f6r\u00fc\u015fmesi & Online Terapi Randevusu -- Fenerbah\u00e7e Mh. Ba\u011fdat Cd. Temel Apt. No:146\/7 Kad\u0131k\u00f6y, \u0130STANBUL","breadcrumb":{"@id":"https:\/\/drcuneytunsal.com\/tr\/makaleler\/#breadcrumb"},"inLanguage":"tr","potentialAction":[{"@type":"ReadAction","target":["https:\/\/drcuneytunsal.com\/tr\/makaleler\/"]}]},{"@type":"ImageObject","inLanguage":"tr","@id":"https:\/\/drcuneytunsal.com\/tr\/makaleler\/#primaryimage","url":"https:\/\/drcuneytunsal.com\/tr\/wp-content\/uploads\/cuneyt-unsal.jpg","contentUrl":"https:\/\/drcuneytunsal.com\/tr\/wp-content\/uploads\/cuneyt-unsal.jpg","width":850,"height":400},{"@type":"BreadcrumbList","@id":"https:\/\/drcuneytunsal.com\/tr\/makaleler\/#breadcrumb","itemListElement":[{"@type":"ListItem","position":1,"name":"Anasayfa","item":"https:\/\/drcuneytunsal.com\/tr\/"},{"@type":"ListItem","position":2,"name":"Makaleler"}]},{"@type":"WebSite","@id":"https:\/\/drcuneytunsal.com\/tr\/#website","url":"https:\/\/drcuneytunsal.com\/tr\/","name":"Do\u00e7. Dr. C\u00fcneyt \u00dcnsal","description":"Psikiyatrist - Psikoterapist","potentialAction":[{"@type":"SearchAction","target":{"@type":"EntryPoint","urlTemplate":"https:\/\/drcuneytunsal.com\/tr\/?s={search_term_string}"},"query-input":{"@type":"PropertyValueSpecification","valueRequired":true,"valueName":"search_term_string"}}],"inLanguage":"tr"}]}},"_links":{"self":[{"href":"https:\/\/drcuneytunsal.com\/tr\/wp-json\/wp\/v2\/pages\/1142","targetHints":{"allow":["GET"]}}],"collection":[{"href":"https:\/\/drcuneytunsal.com\/tr\/wp-json\/wp\/v2\/pages"}],"about":[{"href":"https:\/\/drcuneytunsal.com\/tr\/wp-json\/wp\/v2\/types\/page"}],"author":[{"embeddable":true,"href":"https:\/\/drcuneytunsal.com\/tr\/wp-json\/wp\/v2\/users\/1"}],"replies":[{"embeddable":true,"href":"https:\/\/drcuneytunsal.com\/tr\/wp-json\/wp\/v2\/comments?post=1142"}],"version-history":[{"count":4,"href":"https:\/\/drcuneytunsal.com\/tr\/wp-json\/wp\/v2\/pages\/1142\/revisions"}],"predecessor-version":[{"id":1613,"href":"https:\/\/drcuneytunsal.com\/tr\/wp-json\/wp\/v2\/pages\/1142\/revisions\/1613"}],"wp:featuredmedia":[{"embeddable":true,"href":"https:\/\/drcuneytunsal.com\/tr\/wp-json\/wp\/v2\/media\/1079"}],"wp:attachment":[{"href":"https:\/\/drcuneytunsal.com\/tr\/wp-json\/wp\/v2\/media?parent=1142"}],"curies":[{"name":"wp","href":"https:\/\/api.w.org\/{rel}","templated":true}]}}