{"id":1121,"date":"2025-08-12T07:43:50","date_gmt":"2025-08-12T07:43:50","guid":{"rendered":"https:\/\/drcuneytunsal.com\/tr\/?page_id=1121"},"modified":"2025-10-27T12:42:24","modified_gmt":"2025-10-27T12:42:24","slug":"hastaliklar","status":"publish","type":"page","link":"https:\/\/drcuneytunsal.com\/tr\/hastaliklar\/","title":{"rendered":"Hastal\u0131klar"},"content":{"rendered":"<div id=\"pl-1121\"  class=\"panel-layout\" ><div id=\"pg-1121-0\"  class=\"panel-grid panel-no-style\" ><div id=\"pgc-1121-0-0\"  class=\"panel-grid-cell\" ><div id=\"panel-1121-0-0-0\" class=\"so-panel widget widget_sow-editor panel-first-child panel-last-child\" data-index=\"0\" ><div\n\t\t\t\n\t\t\tclass=\"so-widget-sow-editor so-widget-sow-editor-base\"\n\t\t\t\n\t\t>\n<div class=\"siteorigin-widget-tinymce textwidget\">\n\t<div class=\"bdpp-wrap bdpp-lite bdpp-post-grid-wrap bdpp-post-data-wrap bdpp-design-2 bdpp-grid-2  bdpp-clearfix\" id=\"bdpp-post-grid-1\">\r\n\t<div class=\"bdpp-post-grid-inr-wrap bdpp-post-data-inr-wrap bdpp-clearfix\"><div class=\"bdpp-post-grid bdpp-col-2 bdpp-columns bdpp-post-789 bdpp-post-standard bdpp-first bdpp-has-thumb\">\r\n\t<div class=\"bdpp-post-grid-content\">\r\n\t\t\t\t<div class=\"bdpp-post-img-bg\">\r\n\t\t\t<a href=\"https:\/\/drcuneytunsal.com\/tr\/major-depresif-bozukluk-tedavisi\/\">\r\n\t\t\t\t<img decoding=\"async\" src=\"https:\/\/drcuneytunsal.com\/tr\/wp-content\/uploads\/6_major-depresif-bozukluk-768x512.jpg\" class=\"bdpp-img bdpp-post-feat-img\" alt=\"Maj\u00f6r Depresif Bozukluk\" \/>\r\n\t\t\t<\/a>\r\n\t\t<\/div>\r\n\t\t\r\n\t\t<div class=\"bdpp-post-margin-content\">\r\n\t\t\t\r\n\t\t\t<h2 class=\"bdpp-post-title\">\r\n\t\t\t\t<a href=\"https:\/\/drcuneytunsal.com\/tr\/major-depresif-bozukluk-tedavisi\/\">Maj\u00f6r Depresif Bozukluk<\/a>\r\n\t\t\t<\/h2>\r\n\r\n\t\t\t\t\t\t<div class=\"bdpp-post-content\">\r\n\t\t\t\t<div class=\"bdpp-post-desc\">Maj\u00f6r Depresif Bozukluk (MDB), bireyin duygu durumunda belirgin ve s\u00fcre\u011fen bir \u00e7\u00f6kk\u00fcnl\u00fckle seyreden, d\u00fc\u015f\u00fcnce, davran\u0131\u015f ve beden i\u015flevlerinde \u00e7e\u015fitli de\u011fi\u015fikliklere neden olabilen yayg\u0131n bir ruhsal bozukluktur. Duygusal tepki verme kapasitesinde...<\/div>\r\n\t\t\t\t\t\t\t\t\t<a href=\"https:\/\/drcuneytunsal.com\/tr\/major-depresif-bozukluk-tedavisi\/\" class=\"bdpp-rdmr-btn\">Devam\u0131n\u0131 Oku<\/a>\r\n\t\t\t\t\t\t\t<\/div>\r\n\t\t\t\t\t<\/div>\r\n\t<\/div>\r\n<\/div><div class=\"bdpp-post-grid bdpp-col-2 bdpp-columns bdpp-post-799 bdpp-post-standard bdpp-has-thumb\">\r\n\t<div class=\"bdpp-post-grid-content\">\r\n\t\t\t\t<div class=\"bdpp-post-img-bg\">\r\n\t\t\t<a href=\"https:\/\/drcuneytunsal.com\/tr\/yaygin-anksiyete-bozuklugu-tedavisi\/\">\r\n\t\t\t\t<img decoding=\"async\" src=\"https:\/\/drcuneytunsal.com\/tr\/wp-content\/uploads\/9_yaygin-anksiyete-bozuklugu_.jpg\" class=\"bdpp-img bdpp-post-feat-img\" alt=\"Yayg\u0131n Anksiyete Bozuklu\u011fu\" \/>\r\n\t\t\t<\/a>\r\n\t\t<\/div>\r\n\t\t\r\n\t\t<div class=\"bdpp-post-margin-content\">\r\n\t\t\t\r\n\t\t\t<h2 class=\"bdpp-post-title\">\r\n\t\t\t\t<a href=\"https:\/\/drcuneytunsal.com\/tr\/yaygin-anksiyete-bozuklugu-tedavisi\/\">Yayg\u0131n Anksiyete Bozuklu\u011fu<\/a>\r\n\t\t\t<\/h2>\r\n\r\n\t\t\t\t\t\t<div class=\"bdpp-post-content\">\r\n\t\t\t\t<div class=\"bdpp-post-desc\">Yayg\u0131n Anksiyete Bozuklu\u011fu (YAB), bireyin ya\u015fam\u0131n\u0131n bir\u00e7ok alan\u0131na yay\u0131lan, s\u00fcrekli ve a\u015f\u0131r\u0131 endi\u015fe ile karakterize edilen bir ruhsal bozukluktur. Bu endi\u015fe hali, genellikle ger\u00e7ek ya\u015fam olaylar\u0131yla orant\u0131s\u0131z d\u00fczeyde olup kontrol...<\/div>\r\n\t\t\t\t\t\t\t\t\t<a href=\"https:\/\/drcuneytunsal.com\/tr\/yaygin-anksiyete-bozuklugu-tedavisi\/\" class=\"bdpp-rdmr-btn\">Devam\u0131n\u0131 Oku<\/a>\r\n\t\t\t\t\t\t\t<\/div>\r\n\t\t\t\t\t<\/div>\r\n\t<\/div>\r\n<\/div><div class=\"bdpp-post-grid bdpp-col-2 bdpp-columns bdpp-post-803 bdpp-post-standard bdpp-first bdpp-has-thumb\">\r\n\t<div class=\"bdpp-post-grid-content\">\r\n\t\t\t\t<div class=\"bdpp-post-img-bg\">\r\n\t\t\t<a href=\"https:\/\/drcuneytunsal.com\/tr\/panik-bozukluk-tedavisi\/\">\r\n\t\t\t\t<img decoding=\"async\" src=\"https:\/\/drcuneytunsal.com\/tr\/wp-content\/uploads\/10_panik-bozukluk-768x512.jpg\" class=\"bdpp-img bdpp-post-feat-img\" alt=\"Panik Bozukluk\" \/>\r\n\t\t\t<\/a>\r\n\t\t<\/div>\r\n\t\t\r\n\t\t<div class=\"bdpp-post-margin-content\">\r\n\t\t\t\r\n\t\t\t<h2 class=\"bdpp-post-title\">\r\n\t\t\t\t<a href=\"https:\/\/drcuneytunsal.com\/tr\/panik-bozukluk-tedavisi\/\">Panik Bozukluk<\/a>\r\n\t\t\t<\/h2>\r\n\r\n\t\t\t\t\t\t<div class=\"bdpp-post-content\">\r\n\t\t\t\t<div class=\"bdpp-post-desc\">Panik bozukluk, beklenmedik ve tekrarlay\u0131c\u0131 panik ataklarla karakterize edilen bir anksiyete bozuklu\u011fudur. Panik ataklar, ani ve yo\u011fun korku ya da rahats\u0131zl\u0131k hissiyle ba\u015flayan, birka\u00e7 dakika i\u00e7inde zirveye ula\u015fabilen n\u00f6betlerdir. Bu...<\/div>\r\n\t\t\t\t\t\t\t\t\t<a href=\"https:\/\/drcuneytunsal.com\/tr\/panik-bozukluk-tedavisi\/\" class=\"bdpp-rdmr-btn\">Devam\u0131n\u0131 Oku<\/a>\r\n\t\t\t\t\t\t\t<\/div>\r\n\t\t\t\t\t<\/div>\r\n\t<\/div>\r\n<\/div><div class=\"bdpp-post-grid bdpp-col-2 bdpp-columns bdpp-post-806 bdpp-post-standard bdpp-has-thumb\">\r\n\t<div class=\"bdpp-post-grid-content\">\r\n\t\t\t\t<div class=\"bdpp-post-img-bg\">\r\n\t\t\t<a href=\"https:\/\/drcuneytunsal.com\/tr\/agorafobi-tedavisi\/\">\r\n\t\t\t\t<img decoding=\"async\" src=\"https:\/\/drcuneytunsal.com\/tr\/wp-content\/uploads\/11_agorafobi-768x512.jpg\" class=\"bdpp-img bdpp-post-feat-img\" alt=\"Agorafobi\" \/>\r\n\t\t\t<\/a>\r\n\t\t<\/div>\r\n\t\t\r\n\t\t<div class=\"bdpp-post-margin-content\">\r\n\t\t\t\r\n\t\t\t<h2 class=\"bdpp-post-title\">\r\n\t\t\t\t<a href=\"https:\/\/drcuneytunsal.com\/tr\/agorafobi-tedavisi\/\">Agorafobi<\/a>\r\n\t\t\t<\/h2>\r\n\r\n\t\t\t\t\t\t<div class=\"bdpp-post-content\">\r\n\t\t\t\t<div class=\"bdpp-post-desc\">Agorafobi, bireyin a\u00e7\u0131k alanlarda, kalabal\u0131k yerlerde ya da ka\u00e7man\u0131n zor olabilece\u011fi ortamlarda bulunmaktan yo\u011fun bir kayg\u0131 duymas\u0131yla karakterize edilen bir anksiyete bozuklu\u011fudur. Bu durum, yaln\u0131z ba\u015f\u0131na d\u0131\u015far\u0131 \u00e7\u0131kmak, toplu ta\u015f\u0131ma...<\/div>\r\n\t\t\t\t\t\t\t\t\t<a href=\"https:\/\/drcuneytunsal.com\/tr\/agorafobi-tedavisi\/\" class=\"bdpp-rdmr-btn\">Devam\u0131n\u0131 Oku<\/a>\r\n\t\t\t\t\t\t\t<\/div>\r\n\t\t\t\t\t<\/div>\r\n\t<\/div>\r\n<\/div><div class=\"bdpp-post-grid bdpp-col-2 bdpp-columns bdpp-post-854 bdpp-post-standard bdpp-first bdpp-has-thumb\">\r\n\t<div class=\"bdpp-post-grid-content\">\r\n\t\t\t\t<div class=\"bdpp-post-img-bg\">\r\n\t\t\t<a href=\"https:\/\/drcuneytunsal.com\/tr\/uyum-bozuklugu-tedavisi\/\">\r\n\t\t\t\t<img decoding=\"async\" src=\"https:\/\/drcuneytunsal.com\/tr\/wp-content\/uploads\/22_uyum-bozuklugu-768x512.jpg\" class=\"bdpp-img bdpp-post-feat-img\" alt=\"Uyum Bozuklu\u011fu\" \/>\r\n\t\t\t<\/a>\r\n\t\t<\/div>\r\n\t\t\r\n\t\t<div class=\"bdpp-post-margin-content\">\r\n\t\t\t\r\n\t\t\t<h2 class=\"bdpp-post-title\">\r\n\t\t\t\t<a href=\"https:\/\/drcuneytunsal.com\/tr\/uyum-bozuklugu-tedavisi\/\">Uyum Bozuklu\u011fu<\/a>\r\n\t\t\t<\/h2>\r\n\r\n\t\t\t\t\t\t<div class=\"bdpp-post-content\">\r\n\t\t\t\t<div class=\"bdpp-post-desc\">Uyum Bozuklu\u011fu (UB), bireyin stresli ya\u015fam olaylar\u0131na kar\u015f\u0131 geli\u015ftirdi\u011fi, belirgin duygusal ve davran\u0131\u015fsal semptomlarla karakterize edilen, s\u0131kl\u0131kla hafife al\u0131nan ancak i\u015flevsellik \u00fczerinde \u00f6nemli etkileri olabilen bir psikiyatrik bozukluktur. Genellikle kay\u0131p,...<\/div>\r\n\t\t\t\t\t\t\t\t\t<a href=\"https:\/\/drcuneytunsal.com\/tr\/uyum-bozuklugu-tedavisi\/\" class=\"bdpp-rdmr-btn\">Devam\u0131n\u0131 Oku<\/a>\r\n\t\t\t\t\t\t\t<\/div>\r\n\t\t\t\t\t<\/div>\r\n\t<\/div>\r\n<\/div><div class=\"bdpp-post-grid bdpp-col-2 bdpp-columns bdpp-post-821 bdpp-post-standard bdpp-has-thumb\">\r\n\t<div class=\"bdpp-post-grid-content\">\r\n\t\t\t\t<div class=\"bdpp-post-img-bg\">\r\n\t\t\t<a href=\"https:\/\/drcuneytunsal.com\/tr\/obsesif-kompulsif-bozukluk-tedavisi\/\">\r\n\t\t\t\t<img decoding=\"async\" src=\"https:\/\/drcuneytunsal.com\/tr\/wp-content\/uploads\/15_obsesif-kompulsif-bozukluk-768x512.jpg\" class=\"bdpp-img bdpp-post-feat-img\" alt=\"Obsesif Kompulsif Bozukluk\" \/>\r\n\t\t\t<\/a>\r\n\t\t<\/div>\r\n\t\t\r\n\t\t<div class=\"bdpp-post-margin-content\">\r\n\t\t\t\r\n\t\t\t<h2 class=\"bdpp-post-title\">\r\n\t\t\t\t<a href=\"https:\/\/drcuneytunsal.com\/tr\/obsesif-kompulsif-bozukluk-tedavisi\/\">Obsesif Kompulsif Bozukluk<\/a>\r\n\t\t\t<\/h2>\r\n\r\n\t\t\t\t\t\t<div class=\"bdpp-post-content\">\r\n\t\t\t\t<div class=\"bdpp-post-desc\">Obsesif Kompulsif Bozukluk (OKB), bireyin zihnine istenmeden giren ve yo\u011fun s\u0131k\u0131nt\u0131ya yol a\u00e7an obsesyonlarla karakterize edilen; bu s\u0131k\u0131nt\u0131y\u0131 azaltmak veya etkisiz hale getirmek amac\u0131yla yap\u0131lan kompulsiyonlar\u0131n e\u015flik etti\u011fi kronik bir...<\/div>\r\n\t\t\t\t\t\t\t\t\t<a href=\"https:\/\/drcuneytunsal.com\/tr\/obsesif-kompulsif-bozukluk-tedavisi\/\" class=\"bdpp-rdmr-btn\">Devam\u0131n\u0131 Oku<\/a>\r\n\t\t\t\t\t\t\t<\/div>\r\n\t\t\t\t\t<\/div>\r\n\t<\/div>\r\n<\/div><div class=\"bdpp-post-grid bdpp-col-2 bdpp-columns bdpp-post-859 bdpp-post-standard bdpp-first bdpp-has-thumb\">\r\n\t<div class=\"bdpp-post-grid-content\">\r\n\t\t\t\t<div class=\"bdpp-post-img-bg\">\r\n\t\t\t<a href=\"https:\/\/drcuneytunsal.com\/tr\/hastalik-kaygisi-bozuklugu-tedavisi\/\">\r\n\t\t\t\t<img decoding=\"async\" src=\"https:\/\/drcuneytunsal.com\/tr\/wp-content\/uploads\/24_hastalik-kaygisi-bozuklugu-768x512.jpg\" class=\"bdpp-img bdpp-post-feat-img\" alt=\"Hastal\u0131k Kayg\u0131s\u0131 Bozuklu\u011fu\" \/>\r\n\t\t\t<\/a>\r\n\t\t<\/div>\r\n\t\t\r\n\t\t<div class=\"bdpp-post-margin-content\">\r\n\t\t\t\r\n\t\t\t<h2 class=\"bdpp-post-title\">\r\n\t\t\t\t<a href=\"https:\/\/drcuneytunsal.com\/tr\/hastalik-kaygisi-bozuklugu-tedavisi\/\">Hastal\u0131k Kayg\u0131s\u0131 Bozuklu\u011fu<\/a>\r\n\t\t\t<\/h2>\r\n\r\n\t\t\t\t\t\t<div class=\"bdpp-post-content\">\r\n\t\t\t\t<div class=\"bdpp-post-desc\">Hastal\u0131k Kayg\u0131s\u0131 Bozuklu\u011fu, bireyin ciddi bir t\u0131bbi hastal\u0131\u011f\u0131 oldu\u011funa veya olaca\u011f\u0131na dair s\u00fcrekli ve a\u015f\u0131r\u0131 bir endi\u015fe ta\u015f\u0131d\u0131\u011f\u0131, anksiyete temelli bir ruhsal bozukluktur. Bu bozuklukta dikkat \u00e7eken en belirgin \u00f6zellik,...<\/div>\r\n\t\t\t\t\t\t\t\t\t<a href=\"https:\/\/drcuneytunsal.com\/tr\/hastalik-kaygisi-bozuklugu-tedavisi\/\" class=\"bdpp-rdmr-btn\">Devam\u0131n\u0131 Oku<\/a>\r\n\t\t\t\t\t\t\t<\/div>\r\n\t\t\t\t\t<\/div>\r\n\t<\/div>\r\n<\/div><div class=\"bdpp-post-grid bdpp-col-2 bdpp-columns bdpp-post-850 bdpp-post-standard bdpp-has-thumb\">\r\n\t<div class=\"bdpp-post-grid-content\">\r\n\t\t\t\t<div class=\"bdpp-post-img-bg\">\r\n\t\t\t<a href=\"https:\/\/drcuneytunsal.com\/tr\/akut-stres-bozuklugu-tedavisi\/\">\r\n\t\t\t\t<img decoding=\"async\" src=\"https:\/\/drcuneytunsal.com\/tr\/wp-content\/uploads\/21_akut-stres-bozuklugu-768x512.jpg\" class=\"bdpp-img bdpp-post-feat-img\" alt=\"Akut Stres Bozuklu\u011fu\" \/>\r\n\t\t\t<\/a>\r\n\t\t<\/div>\r\n\t\t\r\n\t\t<div class=\"bdpp-post-margin-content\">\r\n\t\t\t\r\n\t\t\t<h2 class=\"bdpp-post-title\">\r\n\t\t\t\t<a href=\"https:\/\/drcuneytunsal.com\/tr\/akut-stres-bozuklugu-tedavisi\/\">Akut Stres Bozuklu\u011fu<\/a>\r\n\t\t\t<\/h2>\r\n\r\n\t\t\t\t\t\t<div class=\"bdpp-post-content\">\r\n\t\t\t\t<div class=\"bdpp-post-desc\">Akut Stres Bozuklu\u011fu (ASD), bireyin ya\u015fam\u0131n\u0131 tehdit eden ya da ciddi bir yaralanma, cinsel sald\u0131r\u0131 veya benzeri yo\u011fun travmatik bir olaya maruz kalmas\u0131n\u0131n ard\u0131ndan, k\u0131sa s\u00fcre i\u00e7inde ortaya \u00e7\u0131kan, yo\u011fun...<\/div>\r\n\t\t\t\t\t\t\t\t\t<a href=\"https:\/\/drcuneytunsal.com\/tr\/akut-stres-bozuklugu-tedavisi\/\" class=\"bdpp-rdmr-btn\">Devam\u0131n\u0131 Oku<\/a>\r\n\t\t\t\t\t\t\t<\/div>\r\n\t\t\t\t\t<\/div>\r\n\t<\/div>\r\n<\/div>\t<\/div>\r\n\t\t<div class=\"bdpp-paging bdpp-clearfix\">\r\n\t\t<span aria-current=\"page\" class=\"page-numbers current\">1<\/span>\n<a class=\"page-numbers\" href=\"https:\/\/drcuneytunsal.com\/tr\/wp-json\/wp\/v2\/pages\/1121\/page\/2\/\">2<\/a>\n<a class=\"page-numbers\" href=\"https:\/\/drcuneytunsal.com\/tr\/wp-json\/wp\/v2\/pages\/1121\/page\/3\/\">3<\/a>\n<a class=\"page-numbers\" href=\"https:\/\/drcuneytunsal.com\/tr\/wp-json\/wp\/v2\/pages\/1121\/page\/4\/\">4<\/a>\n<a class=\"next page-numbers\" href=\"https:\/\/drcuneytunsal.com\/tr\/wp-json\/wp\/v2\/pages\/1121\/page\/2\/\">\u0130leri &raquo;<\/a>\t<\/div>\r\n<\/div>\n<\/div>\n<\/div><\/div><\/div><\/div><\/div>","protected":false},"excerpt":{"rendered":"<p>Akut Stres Bozuklu\u011fu (ASD), bireyin ya\u015fam\u0131n\u0131 tehdit eden ya da ciddi bir yaralanma, cinsel sald\u0131r\u0131 veya benzeri yo\u011fun travmatik bir olaya maruz kalmas\u0131n\u0131n ard\u0131ndan, k\u0131sa s\u00fcre i\u00e7inde ortaya \u00e7\u0131kan, yo\u011fun psikolojik belirtilerle seyreden bir ruhsal bozukluktur. Akut Stres Bozuklu\u011fu, Travma Sonras\u0131 Stres Bozuklu\u011fu (TSSB) ile benzer semptomlara sahip olmakla birlikte, ba\u015flang\u0131\u00e7 zaman\u0131 ve s\u00fcresi bak\u0131m\u0131ndan &hellip;<\/p>\n","protected":false},"author":1,"featured_media":1079,"parent":0,"menu_order":0,"comment_status":"closed","ping_status":"closed","template":"","meta":{"_acf_changed":false,"footnotes":""},"class_list":["post-1121","page","type-page","status-publish","has-post-thumbnail","hentry"],"acf":[],"yoast_head":"<!-- This site is optimized with the Yoast SEO plugin v25.1 - https:\/\/yoast.com\/wordpress\/plugins\/seo\/ -->\n<title>Hastal\u0131klar - Do\u00e7. Dr. C\u00fcneyt \u00dcnsal<\/title>\n<meta name=\"description\" content=\"Muayenehane G\u00f6r\u00fc\u015fmesi &amp; Online Terapi Randevusu -- Fenerbah\u00e7e Mh. Ba\u011fdat Cd. Temel Apt. No:146\/7 Kad\u0131k\u00f6y, \u0130STANBUL\" \/>\n<meta name=\"robots\" content=\"index, follow, max-snippet:-1, max-image-preview:large, max-video-preview:-1\" \/>\n<link rel=\"canonical\" href=\"https:\/\/drcuneytunsal.com\/tr\/hastaliklar\/\" \/>\n<meta property=\"og:locale\" content=\"tr_TR\" \/>\n<meta property=\"og:type\" content=\"article\" \/>\n<meta property=\"og:title\" content=\"Hastal\u0131klar - Do\u00e7. Dr. C\u00fcneyt \u00dcnsal\" \/>\n<meta property=\"og:description\" content=\"Muayenehane G\u00f6r\u00fc\u015fmesi &amp; Online Terapi Randevusu -- Fenerbah\u00e7e Mh. Ba\u011fdat Cd. Temel Apt. No:146\/7 Kad\u0131k\u00f6y, \u0130STANBUL\" \/>\n<meta property=\"og:url\" content=\"https:\/\/drcuneytunsal.com\/tr\/hastaliklar\/\" \/>\n<meta property=\"og:site_name\" content=\"Do\u00e7. Dr. C\u00fcneyt \u00dcnsal\" \/>\n<meta property=\"article:modified_time\" content=\"2025-10-27T12:42:24+00:00\" \/>\n<meta property=\"og:image\" content=\"https:\/\/drcuneytunsal.com\/tr\/wp-content\/uploads\/cuneyt-unsal.jpg\" \/>\n\t<meta property=\"og:image:width\" content=\"850\" \/>\n\t<meta property=\"og:image:height\" content=\"400\" \/>\n\t<meta property=\"og:image:type\" content=\"image\/jpeg\" \/>\n<meta name=\"twitter:card\" content=\"summary_large_image\" \/>\n<meta name=\"twitter:label1\" content=\"Tahmini okuma s\u00fcresi\" \/>\n\t<meta name=\"twitter:data1\" content=\"4 dakika\" \/>\n<script type=\"application\/ld+json\" class=\"yoast-schema-graph\">{\"@context\":\"https:\/\/schema.org\",\"@graph\":[{\"@type\":\"WebPage\",\"@id\":\"https:\/\/drcuneytunsal.com\/tr\/hastaliklar\/\",\"url\":\"https:\/\/drcuneytunsal.com\/tr\/hastaliklar\/\",\"name\":\"Hastal\u0131klar - Do\u00e7. Dr. C\u00fcneyt \u00dcnsal\",\"isPartOf\":{\"@id\":\"https:\/\/drcuneytunsal.com\/tr\/#website\"},\"primaryImageOfPage\":{\"@id\":\"https:\/\/drcuneytunsal.com\/tr\/hastaliklar\/#primaryimage\"},\"image\":{\"@id\":\"https:\/\/drcuneytunsal.com\/tr\/hastaliklar\/#primaryimage\"},\"thumbnailUrl\":\"https:\/\/drcuneytunsal.com\/tr\/wp-content\/uploads\/cuneyt-unsal.jpg\",\"datePublished\":\"2025-08-12T07:43:50+00:00\",\"dateModified\":\"2025-10-27T12:42:24+00:00\",\"description\":\"Muayenehane G\u00f6r\u00fc\u015fmesi & Online Terapi Randevusu -- Fenerbah\u00e7e Mh. Ba\u011fdat Cd. Temel Apt. No:146\/7 Kad\u0131k\u00f6y, \u0130STANBUL\",\"breadcrumb\":{\"@id\":\"https:\/\/drcuneytunsal.com\/tr\/hastaliklar\/#breadcrumb\"},\"inLanguage\":\"tr\",\"potentialAction\":[{\"@type\":\"ReadAction\",\"target\":[\"https:\/\/drcuneytunsal.com\/tr\/hastaliklar\/\"]}]},{\"@type\":\"ImageObject\",\"inLanguage\":\"tr\",\"@id\":\"https:\/\/drcuneytunsal.com\/tr\/hastaliklar\/#primaryimage\",\"url\":\"https:\/\/drcuneytunsal.com\/tr\/wp-content\/uploads\/cuneyt-unsal.jpg\",\"contentUrl\":\"https:\/\/drcuneytunsal.com\/tr\/wp-content\/uploads\/cuneyt-unsal.jpg\",\"width\":850,\"height\":400},{\"@type\":\"BreadcrumbList\",\"@id\":\"https:\/\/drcuneytunsal.com\/tr\/hastaliklar\/#breadcrumb\",\"itemListElement\":[{\"@type\":\"ListItem\",\"position\":1,\"name\":\"Anasayfa\",\"item\":\"https:\/\/drcuneytunsal.com\/tr\/\"},{\"@type\":\"ListItem\",\"position\":2,\"name\":\"Hastal\u0131klar\"}]},{\"@type\":\"WebSite\",\"@id\":\"https:\/\/drcuneytunsal.com\/tr\/#website\",\"url\":\"https:\/\/drcuneytunsal.com\/tr\/\",\"name\":\"Do\u00e7. Dr. C\u00fcneyt \u00dcnsal\",\"description\":\"Psikiyatrist - Psikoterapist\",\"potentialAction\":[{\"@type\":\"SearchAction\",\"target\":{\"@type\":\"EntryPoint\",\"urlTemplate\":\"https:\/\/drcuneytunsal.com\/tr\/?s={search_term_string}\"},\"query-input\":{\"@type\":\"PropertyValueSpecification\",\"valueRequired\":true,\"valueName\":\"search_term_string\"}}],\"inLanguage\":\"tr\"}]}<\/script>\n<!-- \/ Yoast SEO plugin. -->","yoast_head_json":{"title":"Hastal\u0131klar - Do\u00e7. Dr. C\u00fcneyt \u00dcnsal","description":"Muayenehane G\u00f6r\u00fc\u015fmesi & Online Terapi Randevusu -- Fenerbah\u00e7e Mh. Ba\u011fdat Cd. Temel Apt. No:146\/7 Kad\u0131k\u00f6y, \u0130STANBUL","robots":{"index":"index","follow":"follow","max-snippet":"max-snippet:-1","max-image-preview":"max-image-preview:large","max-video-preview":"max-video-preview:-1"},"canonical":"https:\/\/drcuneytunsal.com\/tr\/hastaliklar\/","og_locale":"tr_TR","og_type":"article","og_title":"Hastal\u0131klar - Do\u00e7. Dr. C\u00fcneyt \u00dcnsal","og_description":"Muayenehane G\u00f6r\u00fc\u015fmesi & Online Terapi Randevusu -- Fenerbah\u00e7e Mh. Ba\u011fdat Cd. Temel Apt. No:146\/7 Kad\u0131k\u00f6y, \u0130STANBUL","og_url":"https:\/\/drcuneytunsal.com\/tr\/hastaliklar\/","og_site_name":"Do\u00e7. Dr. C\u00fcneyt \u00dcnsal","article_modified_time":"2025-10-27T12:42:24+00:00","og_image":[{"width":850,"height":400,"url":"https:\/\/drcuneytunsal.com\/tr\/wp-content\/uploads\/cuneyt-unsal.jpg","type":"image\/jpeg"}],"twitter_card":"summary_large_image","twitter_misc":{"Tahmini okuma s\u00fcresi":"4 dakika"},"schema":{"@context":"https:\/\/schema.org","@graph":[{"@type":"WebPage","@id":"https:\/\/drcuneytunsal.com\/tr\/hastaliklar\/","url":"https:\/\/drcuneytunsal.com\/tr\/hastaliklar\/","name":"Hastal\u0131klar - Do\u00e7. Dr. C\u00fcneyt \u00dcnsal","isPartOf":{"@id":"https:\/\/drcuneytunsal.com\/tr\/#website"},"primaryImageOfPage":{"@id":"https:\/\/drcuneytunsal.com\/tr\/hastaliklar\/#primaryimage"},"image":{"@id":"https:\/\/drcuneytunsal.com\/tr\/hastaliklar\/#primaryimage"},"thumbnailUrl":"https:\/\/drcuneytunsal.com\/tr\/wp-content\/uploads\/cuneyt-unsal.jpg","datePublished":"2025-08-12T07:43:50+00:00","dateModified":"2025-10-27T12:42:24+00:00","description":"Muayenehane G\u00f6r\u00fc\u015fmesi & Online Terapi Randevusu -- Fenerbah\u00e7e Mh. Ba\u011fdat Cd. Temel Apt. No:146\/7 Kad\u0131k\u00f6y, \u0130STANBUL","breadcrumb":{"@id":"https:\/\/drcuneytunsal.com\/tr\/hastaliklar\/#breadcrumb"},"inLanguage":"tr","potentialAction":[{"@type":"ReadAction","target":["https:\/\/drcuneytunsal.com\/tr\/hastaliklar\/"]}]},{"@type":"ImageObject","inLanguage":"tr","@id":"https:\/\/drcuneytunsal.com\/tr\/hastaliklar\/#primaryimage","url":"https:\/\/drcuneytunsal.com\/tr\/wp-content\/uploads\/cuneyt-unsal.jpg","contentUrl":"https:\/\/drcuneytunsal.com\/tr\/wp-content\/uploads\/cuneyt-unsal.jpg","width":850,"height":400},{"@type":"BreadcrumbList","@id":"https:\/\/drcuneytunsal.com\/tr\/hastaliklar\/#breadcrumb","itemListElement":[{"@type":"ListItem","position":1,"name":"Anasayfa","item":"https:\/\/drcuneytunsal.com\/tr\/"},{"@type":"ListItem","position":2,"name":"Hastal\u0131klar"}]},{"@type":"WebSite","@id":"https:\/\/drcuneytunsal.com\/tr\/#website","url":"https:\/\/drcuneytunsal.com\/tr\/","name":"Do\u00e7. Dr. C\u00fcneyt \u00dcnsal","description":"Psikiyatrist - Psikoterapist","potentialAction":[{"@type":"SearchAction","target":{"@type":"EntryPoint","urlTemplate":"https:\/\/drcuneytunsal.com\/tr\/?s={search_term_string}"},"query-input":{"@type":"PropertyValueSpecification","valueRequired":true,"valueName":"search_term_string"}}],"inLanguage":"tr"}]}},"_links":{"self":[{"href":"https:\/\/drcuneytunsal.com\/tr\/wp-json\/wp\/v2\/pages\/1121","targetHints":{"allow":["GET"]}}],"collection":[{"href":"https:\/\/drcuneytunsal.com\/tr\/wp-json\/wp\/v2\/pages"}],"about":[{"href":"https:\/\/drcuneytunsal.com\/tr\/wp-json\/wp\/v2\/types\/page"}],"author":[{"embeddable":true,"href":"https:\/\/drcuneytunsal.com\/tr\/wp-json\/wp\/v2\/users\/1"}],"replies":[{"embeddable":true,"href":"https:\/\/drcuneytunsal.com\/tr\/wp-json\/wp\/v2\/comments?post=1121"}],"version-history":[{"count":11,"href":"https:\/\/drcuneytunsal.com\/tr\/wp-json\/wp\/v2\/pages\/1121\/revisions"}],"predecessor-version":[{"id":1612,"href":"https:\/\/drcuneytunsal.com\/tr\/wp-json\/wp\/v2\/pages\/1121\/revisions\/1612"}],"wp:featuredmedia":[{"embeddable":true,"href":"https:\/\/drcuneytunsal.com\/tr\/wp-json\/wp\/v2\/media\/1079"}],"wp:attachment":[{"href":"https:\/\/drcuneytunsal.com\/tr\/wp-json\/wp\/v2\/media?parent=1121"}],"curies":[{"name":"wp","href":"https:\/\/api.w.org\/{rel}","templated":true}]}}