{"id":1069,"date":"2025-08-11T08:58:23","date_gmt":"2025-08-11T08:58:23","guid":{"rendered":"https:\/\/drcuneytunsal.com\/tr\/?page_id=1069"},"modified":"2025-10-27T12:12:13","modified_gmt":"2025-10-27T12:12:13","slug":"sorun-cozme-terapisi","status":"publish","type":"page","link":"https:\/\/drcuneytunsal.com\/tr\/sorun-cozme-terapisi\/","title":{"rendered":"Sorun \u00c7\u00f6zme Terapisi"},"content":{"rendered":"<div id=\"pl-1069\"  class=\"panel-layout\" ><div id=\"pg-1069-0\"  class=\"panel-grid panel-no-style\" ><div id=\"pgc-1069-0-0\"  class=\"panel-grid-cell\" ><div id=\"panel-1069-0-0-0\" class=\"so-panel widget widget_sow-editor panel-first-child panel-last-child\" data-index=\"0\" ><div\n\t\t\t\n\t\t\tclass=\"so-widget-sow-editor so-widget-sow-editor-base\"\n\t\t\t\n\t\t>\n<div class=\"siteorigin-widget-tinymce textwidget\">\n\t<p><img loading=\"lazy\" decoding=\"async\" class=\"size-full wp-image-1178 aligncenter\" src=\"https:\/\/drcuneytunsal.com\/tr\/wp-content\/uploads\/sorun-cozme-terapisi.jpg\" alt=\"Sorun \u00c7\u00f6zme Terapisi Nedir? - Do\u00e7. Dr. C\u00fcneyt \u00dcnsal\" width=\"1091\" height=\"727\" srcset=\"https:\/\/drcuneytunsal.com\/tr\/wp-content\/uploads\/sorun-cozme-terapisi.jpg 1091w, https:\/\/drcuneytunsal.com\/tr\/wp-content\/uploads\/sorun-cozme-terapisi-300x200.jpg 300w, https:\/\/drcuneytunsal.com\/tr\/wp-content\/uploads\/sorun-cozme-terapisi-1024x682.jpg 1024w, https:\/\/drcuneytunsal.com\/tr\/wp-content\/uploads\/sorun-cozme-terapisi-768x512.jpg 768w, https:\/\/drcuneytunsal.com\/tr\/wp-content\/uploads\/sorun-cozme-terapisi-360x240.jpg 360w, https:\/\/drcuneytunsal.com\/tr\/wp-content\/uploads\/sorun-cozme-terapisi-272x182.jpg 272w\" sizes=\"auto, (max-width: 1091px) 100vw, 1091px\" \/><\/p>\n<p><strong>SORUN \u00c7\u00d6ZME TERAP\u0130S\u0130 NED\u0130R? Sorun, ki\u015finin ya\u015fam\u0131nda kar\u015f\u0131la\u015ft\u0131\u011f\u0131, engel olarak g\u00f6r\u00fcnen durumlara kar\u015f\u0131 etkili bir sonuca ula\u015fan giri\u015fimleri yerine getiremedi\u011fi durum olarak tan\u0131mlanmaktad\u0131r. Dolay\u0131s\u0131yla, kar\u015f\u0131m\u0131za \u00e7\u0131kan bu duruma kar\u015f\u0131 etkili bir giri\u015fim yap\u0131lmas\u0131 gerekmektedir. Bu giri\u015fimin yap\u0131lamamas\u0131, kendimizden ve\/veya \u00e7evresel fakt\u00f6rlerden kaynaklanabilir. \u00c7evresel fakt\u00f6rlerin haricinde, kendimizin olu\u015fturdu\u011fu engeller; bu durumdan kurtulabilmek i\u00e7in t\u00fcm yollar\u0131n kapal\u0131 oldu\u011fu d\u00fc\u015f\u00fcncesini zihnimizde h\u00e2kim k\u0131labilir.<\/strong><\/p>\n<p>Hatta bu d\u00fc\u015f\u00fcnce, bir s\u00fcre sonra kendimizi kendimizden uzakla\u015ft\u0131rarak, engelin biz oldu\u011fumuzu fark edemememize yol a\u00e7abilir. Bunun sonucunda, i\u00e7inde bulundu\u011fumuz sorundan kurtulu\u015f olmad\u0131\u011f\u0131 inanc\u0131yla \u00fcmitsizli\u011fe kap\u0131labiliriz. Tam bu noktada, kendi koydu\u011fumuz engelleri g\u00f6rmemek i\u00e7in \u00e7evresel fakt\u00f6rleri su\u00e7lama e\u011filimi artar. Sonras\u0131nda ise, sorunun \u00e7\u00f6z\u00fclemeyece\u011fi fikri peki\u015fir ve bu durum, ki\u015finin \u00fcmitsizli\u011fini giderek art\u0131r\u0131r.<\/p>\n<p>Her zaman oldu\u011fu gibi, ki\u015finin kendi d\u00fc\u015f\u00fcnce, duygu ve davran\u0131\u015flar\u0131n\u0131 \u00f6nce fark etmesi, ard\u0131ndan ba\u015f etme mekanizmalar\u0131n\u0131 geli\u015ftirmesi gereklidir. \u0130\u015fte <strong>'Sorun \u00c7\u00f6zme Terapisi'<\/strong>, profesyonel destek ile ki\u015finin sorunu net olarak tan\u0131mlamas\u0131na, kendini tan\u0131mas\u0131na ve \u00e7\u00f6z\u00fcm i\u00e7in gerekli motivasyonu kazanarak \u00e7\u00f6z\u00fcm yollar\u0131n\u0131 bulmas\u0131na yard\u0131mc\u0131 olunan bir s\u00fcre\u00e7tir.<\/p>\n<\/div>\n<\/div><\/div><\/div><\/div><\/div>","protected":false},"excerpt":{"rendered":"<p>SORUN \u00c7\u00d6ZME TERAP\u0130S\u0130 NED\u0130R? Sorun, ki\u015finin ya\u015fam\u0131nda kar\u015f\u0131la\u015ft\u0131\u011f\u0131, engel olarak g\u00f6r\u00fcnen durumlara kar\u015f\u0131 etkili bir sonuca ula\u015fan giri\u015fimleri yerine getiremedi\u011fi durum olarak tan\u0131mlanmaktad\u0131r. Dolay\u0131s\u0131yla, kar\u015f\u0131m\u0131za \u00e7\u0131kan bu duruma kar\u015f\u0131 etkili bir giri\u015fim yap\u0131lmas\u0131 gerekmektedir. Bu giri\u015fimin yap\u0131lamamas\u0131, kendimizden ve\/veya \u00e7evresel fakt\u00f6rlerden kaynaklanabilir. \u00c7evresel fakt\u00f6rlerin haricinde, kendimizin olu\u015fturdu\u011fu engeller; bu durumdan kurtulabilmek i\u00e7in t\u00fcm yollar\u0131n kapal\u0131 &hellip;<\/p>\n","protected":false},"author":1,"featured_media":1178,"parent":0,"menu_order":0,"comment_status":"closed","ping_status":"closed","template":"","meta":{"_acf_changed":false,"footnotes":""},"class_list":["post-1069","page","type-page","status-publish","has-post-thumbnail","hentry"],"acf":[],"yoast_head":"<!-- This site is optimized with the Yoast SEO plugin v25.1 - https:\/\/yoast.com\/wordpress\/plugins\/seo\/ -->\n<title>Sorun \u00c7\u00f6zme Terapisi Nedir? - Do\u00e7. Dr. C\u00fcneyt \u00dcnsal<\/title>\n<meta name=\"description\" content=\"Sorun \u00c7\u00f6zme Terapisi, profesyonel destek ile ki\u015finin sorunu net olarak tan\u0131mlamas\u0131na, kendini tan\u0131mas\u0131na ve \u00e7\u00f6z\u00fcm i\u00e7in gerekli motivasyonu..\" \/>\n<meta name=\"robots\" content=\"index, follow, max-snippet:-1, max-image-preview:large, max-video-preview:-1\" \/>\n<link rel=\"canonical\" href=\"https:\/\/drcuneytunsal.com\/tr\/sorun-cozme-terapisi\/\" \/>\n<meta property=\"og:locale\" content=\"tr_TR\" \/>\n<meta property=\"og:type\" content=\"article\" \/>\n<meta property=\"og:title\" content=\"Sorun \u00c7\u00f6zme Terapisi Nedir? - Do\u00e7. Dr. C\u00fcneyt \u00dcnsal\" \/>\n<meta property=\"og:description\" content=\"Sorun \u00c7\u00f6zme Terapisi, profesyonel destek ile ki\u015finin sorunu net olarak tan\u0131mlamas\u0131na, kendini tan\u0131mas\u0131na ve \u00e7\u00f6z\u00fcm i\u00e7in gerekli motivasyonu..\" \/>\n<meta property=\"og:url\" content=\"https:\/\/drcuneytunsal.com\/tr\/sorun-cozme-terapisi\/\" \/>\n<meta property=\"og:site_name\" content=\"Do\u00e7. Dr. C\u00fcneyt \u00dcnsal\" \/>\n<meta property=\"article:modified_time\" content=\"2025-10-27T12:12:13+00:00\" \/>\n<meta property=\"og:image\" content=\"https:\/\/drcuneytunsal.com\/tr\/wp-content\/uploads\/sorun-cozme-terapisi.jpg\" \/>\n\t<meta property=\"og:image:width\" content=\"1091\" \/>\n\t<meta property=\"og:image:height\" content=\"727\" \/>\n\t<meta property=\"og:image:type\" content=\"image\/jpeg\" \/>\n<meta name=\"twitter:card\" content=\"summary_large_image\" \/>\n<meta name=\"twitter:label1\" content=\"Tahmini okuma s\u00fcresi\" \/>\n\t<meta name=\"twitter:data1\" content=\"2 dakika\" \/>\n<script type=\"application\/ld+json\" class=\"yoast-schema-graph\">{\"@context\":\"https:\/\/schema.org\",\"@graph\":[{\"@type\":\"WebPage\",\"@id\":\"https:\/\/drcuneytunsal.com\/tr\/sorun-cozme-terapisi\/\",\"url\":\"https:\/\/drcuneytunsal.com\/tr\/sorun-cozme-terapisi\/\",\"name\":\"Sorun \u00c7\u00f6zme Terapisi Nedir? - Do\u00e7. Dr. C\u00fcneyt \u00dcnsal\",\"isPartOf\":{\"@id\":\"https:\/\/drcuneytunsal.com\/tr\/#website\"},\"primaryImageOfPage\":{\"@id\":\"https:\/\/drcuneytunsal.com\/tr\/sorun-cozme-terapisi\/#primaryimage\"},\"image\":{\"@id\":\"https:\/\/drcuneytunsal.com\/tr\/sorun-cozme-terapisi\/#primaryimage\"},\"thumbnailUrl\":\"https:\/\/drcuneytunsal.com\/tr\/wp-content\/uploads\/sorun-cozme-terapisi.jpg\",\"datePublished\":\"2025-08-11T08:58:23+00:00\",\"dateModified\":\"2025-10-27T12:12:13+00:00\",\"description\":\"Sorun \u00c7\u00f6zme Terapisi, profesyonel destek ile ki\u015finin sorunu net olarak tan\u0131mlamas\u0131na, kendini tan\u0131mas\u0131na ve \u00e7\u00f6z\u00fcm i\u00e7in gerekli motivasyonu..\",\"breadcrumb\":{\"@id\":\"https:\/\/drcuneytunsal.com\/tr\/sorun-cozme-terapisi\/#breadcrumb\"},\"inLanguage\":\"tr\",\"potentialAction\":[{\"@type\":\"ReadAction\",\"target\":[\"https:\/\/drcuneytunsal.com\/tr\/sorun-cozme-terapisi\/\"]}]},{\"@type\":\"ImageObject\",\"inLanguage\":\"tr\",\"@id\":\"https:\/\/drcuneytunsal.com\/tr\/sorun-cozme-terapisi\/#primaryimage\",\"url\":\"https:\/\/drcuneytunsal.com\/tr\/wp-content\/uploads\/sorun-cozme-terapisi.jpg\",\"contentUrl\":\"https:\/\/drcuneytunsal.com\/tr\/wp-content\/uploads\/sorun-cozme-terapisi.jpg\",\"width\":1091,\"height\":727},{\"@type\":\"BreadcrumbList\",\"@id\":\"https:\/\/drcuneytunsal.com\/tr\/sorun-cozme-terapisi\/#breadcrumb\",\"itemListElement\":[{\"@type\":\"ListItem\",\"position\":1,\"name\":\"Anasayfa\",\"item\":\"https:\/\/drcuneytunsal.com\/tr\/\"},{\"@type\":\"ListItem\",\"position\":2,\"name\":\"Sorun \u00c7\u00f6zme Terapisi\"}]},{\"@type\":\"WebSite\",\"@id\":\"https:\/\/drcuneytunsal.com\/tr\/#website\",\"url\":\"https:\/\/drcuneytunsal.com\/tr\/\",\"name\":\"Do\u00e7. Dr. C\u00fcneyt \u00dcnsal\",\"description\":\"Psikiyatrist - Psikoterapist\",\"potentialAction\":[{\"@type\":\"SearchAction\",\"target\":{\"@type\":\"EntryPoint\",\"urlTemplate\":\"https:\/\/drcuneytunsal.com\/tr\/?s={search_term_string}\"},\"query-input\":{\"@type\":\"PropertyValueSpecification\",\"valueRequired\":true,\"valueName\":\"search_term_string\"}}],\"inLanguage\":\"tr\"}]}<\/script>\n<!-- \/ Yoast SEO plugin. -->","yoast_head_json":{"title":"Sorun \u00c7\u00f6zme Terapisi Nedir? - Do\u00e7. Dr. C\u00fcneyt \u00dcnsal","description":"Sorun \u00c7\u00f6zme Terapisi, profesyonel destek ile ki\u015finin sorunu net olarak tan\u0131mlamas\u0131na, kendini tan\u0131mas\u0131na ve \u00e7\u00f6z\u00fcm i\u00e7in gerekli motivasyonu..","robots":{"index":"index","follow":"follow","max-snippet":"max-snippet:-1","max-image-preview":"max-image-preview:large","max-video-preview":"max-video-preview:-1"},"canonical":"https:\/\/drcuneytunsal.com\/tr\/sorun-cozme-terapisi\/","og_locale":"tr_TR","og_type":"article","og_title":"Sorun \u00c7\u00f6zme Terapisi Nedir? - Do\u00e7. Dr. C\u00fcneyt \u00dcnsal","og_description":"Sorun \u00c7\u00f6zme Terapisi, profesyonel destek ile ki\u015finin sorunu net olarak tan\u0131mlamas\u0131na, kendini tan\u0131mas\u0131na ve \u00e7\u00f6z\u00fcm i\u00e7in gerekli motivasyonu..","og_url":"https:\/\/drcuneytunsal.com\/tr\/sorun-cozme-terapisi\/","og_site_name":"Do\u00e7. Dr. C\u00fcneyt \u00dcnsal","article_modified_time":"2025-10-27T12:12:13+00:00","og_image":[{"width":1091,"height":727,"url":"https:\/\/drcuneytunsal.com\/tr\/wp-content\/uploads\/sorun-cozme-terapisi.jpg","type":"image\/jpeg"}],"twitter_card":"summary_large_image","twitter_misc":{"Tahmini okuma s\u00fcresi":"2 dakika"},"schema":{"@context":"https:\/\/schema.org","@graph":[{"@type":"WebPage","@id":"https:\/\/drcuneytunsal.com\/tr\/sorun-cozme-terapisi\/","url":"https:\/\/drcuneytunsal.com\/tr\/sorun-cozme-terapisi\/","name":"Sorun \u00c7\u00f6zme Terapisi Nedir? - Do\u00e7. Dr. C\u00fcneyt \u00dcnsal","isPartOf":{"@id":"https:\/\/drcuneytunsal.com\/tr\/#website"},"primaryImageOfPage":{"@id":"https:\/\/drcuneytunsal.com\/tr\/sorun-cozme-terapisi\/#primaryimage"},"image":{"@id":"https:\/\/drcuneytunsal.com\/tr\/sorun-cozme-terapisi\/#primaryimage"},"thumbnailUrl":"https:\/\/drcuneytunsal.com\/tr\/wp-content\/uploads\/sorun-cozme-terapisi.jpg","datePublished":"2025-08-11T08:58:23+00:00","dateModified":"2025-10-27T12:12:13+00:00","description":"Sorun \u00c7\u00f6zme Terapisi, profesyonel destek ile ki\u015finin sorunu net olarak tan\u0131mlamas\u0131na, kendini tan\u0131mas\u0131na ve \u00e7\u00f6z\u00fcm i\u00e7in gerekli motivasyonu..","breadcrumb":{"@id":"https:\/\/drcuneytunsal.com\/tr\/sorun-cozme-terapisi\/#breadcrumb"},"inLanguage":"tr","potentialAction":[{"@type":"ReadAction","target":["https:\/\/drcuneytunsal.com\/tr\/sorun-cozme-terapisi\/"]}]},{"@type":"ImageObject","inLanguage":"tr","@id":"https:\/\/drcuneytunsal.com\/tr\/sorun-cozme-terapisi\/#primaryimage","url":"https:\/\/drcuneytunsal.com\/tr\/wp-content\/uploads\/sorun-cozme-terapisi.jpg","contentUrl":"https:\/\/drcuneytunsal.com\/tr\/wp-content\/uploads\/sorun-cozme-terapisi.jpg","width":1091,"height":727},{"@type":"BreadcrumbList","@id":"https:\/\/drcuneytunsal.com\/tr\/sorun-cozme-terapisi\/#breadcrumb","itemListElement":[{"@type":"ListItem","position":1,"name":"Anasayfa","item":"https:\/\/drcuneytunsal.com\/tr\/"},{"@type":"ListItem","position":2,"name":"Sorun \u00c7\u00f6zme Terapisi"}]},{"@type":"WebSite","@id":"https:\/\/drcuneytunsal.com\/tr\/#website","url":"https:\/\/drcuneytunsal.com\/tr\/","name":"Do\u00e7. Dr. C\u00fcneyt \u00dcnsal","description":"Psikiyatrist - Psikoterapist","potentialAction":[{"@type":"SearchAction","target":{"@type":"EntryPoint","urlTemplate":"https:\/\/drcuneytunsal.com\/tr\/?s={search_term_string}"},"query-input":{"@type":"PropertyValueSpecification","valueRequired":true,"valueName":"search_term_string"}}],"inLanguage":"tr"}]}},"_links":{"self":[{"href":"https:\/\/drcuneytunsal.com\/tr\/wp-json\/wp\/v2\/pages\/1069","targetHints":{"allow":["GET"]}}],"collection":[{"href":"https:\/\/drcuneytunsal.com\/tr\/wp-json\/wp\/v2\/pages"}],"about":[{"href":"https:\/\/drcuneytunsal.com\/tr\/wp-json\/wp\/v2\/types\/page"}],"author":[{"embeddable":true,"href":"https:\/\/drcuneytunsal.com\/tr\/wp-json\/wp\/v2\/users\/1"}],"replies":[{"embeddable":true,"href":"https:\/\/drcuneytunsal.com\/tr\/wp-json\/wp\/v2\/comments?post=1069"}],"version-history":[{"count":7,"href":"https:\/\/drcuneytunsal.com\/tr\/wp-json\/wp\/v2\/pages\/1069\/revisions"}],"predecessor-version":[{"id":1604,"href":"https:\/\/drcuneytunsal.com\/tr\/wp-json\/wp\/v2\/pages\/1069\/revisions\/1604"}],"wp:featuredmedia":[{"embeddable":true,"href":"https:\/\/drcuneytunsal.com\/tr\/wp-json\/wp\/v2\/media\/1178"}],"wp:attachment":[{"href":"https:\/\/drcuneytunsal.com\/tr\/wp-json\/wp\/v2\/media?parent=1069"}],"curies":[{"name":"wp","href":"https:\/\/api.w.org\/{rel}","templated":true}]}}