{"id":1067,"date":"2025-08-11T08:58:03","date_gmt":"2025-08-11T08:58:03","guid":{"rendered":"https:\/\/drcuneytunsal.com\/tr\/?page_id=1067"},"modified":"2025-10-27T12:02:06","modified_gmt":"2025-10-27T12:02:06","slug":"bilissel-davranisci-terapi","status":"publish","type":"page","link":"https:\/\/drcuneytunsal.com\/tr\/bilissel-davranisci-terapi\/","title":{"rendered":"Bili\u015fsel Davran\u0131\u015f\u00e7\u0131 Terapi"},"content":{"rendered":"<div id=\"pl-1067\"  class=\"panel-layout\" ><div id=\"pg-1067-0\"  class=\"panel-grid panel-no-style\" ><div id=\"pgc-1067-0-0\"  class=\"panel-grid-cell\" ><div id=\"panel-1067-0-0-0\" class=\"so-panel widget widget_sow-editor panel-first-child panel-last-child\" data-index=\"0\" ><div\n\t\t\t\n\t\t\tclass=\"so-widget-sow-editor so-widget-sow-editor-base\"\n\t\t\t\n\t\t>\n<div class=\"siteorigin-widget-tinymce textwidget\">\n\t<p><img loading=\"lazy\" decoding=\"async\" class=\"wp-image-1175 size-large aligncenter\" src=\"https:\/\/drcuneytunsal.com\/tr\/wp-content\/uploads\/bilissel-davranisci-terapi-1024x682.jpg\" alt=\"Bili\u015fsel Davran\u0131\u015f\u00e7\u0131 Terapi Nedir? - Do\u00e7. Dr. C\u00fcneyt \u00dcnsal \" width=\"1024\" height=\"682\" srcset=\"https:\/\/drcuneytunsal.com\/tr\/wp-content\/uploads\/bilissel-davranisci-terapi-1024x682.jpg 1024w, https:\/\/drcuneytunsal.com\/tr\/wp-content\/uploads\/bilissel-davranisci-terapi-300x200.jpg 300w, https:\/\/drcuneytunsal.com\/tr\/wp-content\/uploads\/bilissel-davranisci-terapi-768x512.jpg 768w, https:\/\/drcuneytunsal.com\/tr\/wp-content\/uploads\/bilissel-davranisci-terapi-360x240.jpg 360w, https:\/\/drcuneytunsal.com\/tr\/wp-content\/uploads\/bilissel-davranisci-terapi-272x182.jpg 272w, https:\/\/drcuneytunsal.com\/tr\/wp-content\/uploads\/bilissel-davranisci-terapi.jpg 1280w\" sizes=\"auto, (max-width: 1024px) 100vw, 1024px\" \/><\/p>\n<p><strong>Bili\u015fsel Davran\u0131\u015f\u00e7\u0131 Terapi (BDT); ki\u015finin etkin olmayan ve rahats\u0131zl\u0131k veren d\u00fc\u015f\u00fcnce ve davran\u0131\u015flar\u0131n\u0131 de\u011fi\u015ftirebilme becerilerini geli\u015ftirmeyi ve d\u00fczenlemeyi \u00f6\u011freten, yap\u0131land\u0131r\u0131lm\u0131\u015f ve g\u00fcncel bir psikoterapi y\u00f6ntemidir. Bili\u015fsel Davran\u0131\u015f\u00e7\u0131 Terapi, bili\u015fse temelli bir psikoterapidir. Terapinin ana amac\u0131; dan\u0131\u015fan\u0131n kendisine faydal\u0131 olmayan d\u00fc\u015f\u00fcnce ve duygular\u0131n\u0131 de\u011fi\u015ftirmesine yard\u0131mc\u0131 olmak ve bunun sonucunda kal\u0131c\u0131 bir iyilik hali sa\u011flamakt\u0131r.<\/strong><\/p>\n<p>BDT, 1960\u2019l\u0131 y\u0131llarda <a href=\"https:\/\/tr.wikipedia.org\/wiki\/Aaron_T._Beck\" target=\"_blank\" rel=\"noopener\">Dr. Aaron Beck<\/a> taraf\u0131ndan geli\u015ftirilmi\u015ftir. Yap\u0131lan bilimsel \u00e7al\u0131\u015fmalar, BDT\u2019nin pek \u00e7ok psikiyatrik bozuklukta bilimsel olarak test edilmi\u015f ve etkili oldu\u011fu kan\u0131tlanm\u0131\u015f birka\u00e7 psikoterapi y\u00f6nteminden biri oldu\u011funu g\u00f6stermektedir. Pek \u00e7ok di\u011fer psikoterapi y\u00f6nteminin aksine, BDT<strong> '\u015e\u0130MD\u0130 ve BURADA'<\/strong>\u00a0odakl\u0131d\u0131r. <strong>Daha k\u0131sa terapi s\u00fcresine sahip olmas\u0131, problem \u00e7\u00f6zmeye dayal\u0131 yap\u0131s\u0131 ve uygulamada kullan\u0131lan y\u00f6ntemleriyle \u00f6ne \u00e7\u0131kar.<\/strong> Dan\u0131\u015fanlar, BDT s\u0131ras\u0131nda edindikleri becerileri ya\u015famlar\u0131n\u0131n geri kalan\u0131nda da kullanmay\u0131 \u00f6\u011frenirler.<\/p>\n<p>Bili\u015fsel terapi modeline g\u00f6re, olaylar\u0131 alg\u0131lama bi\u00e7imimiz ile olaylar hakk\u0131nda geli\u015ftirdi\u011fimiz d\u00fc\u015f\u00fcnceler, duygular\u0131m\u0131z\u0131 etkiler. Bili\u015fsel Davran\u0131\u015f\u00e7\u0131 Terapi; dan\u0131\u015fanlar\u0131n kendilerini rahats\u0131z eden d\u00fc\u015f\u00fcncelerini belirlemelerine, bu d\u00fc\u015f\u00fcncelerin <strong>ne kadar ger\u00e7ek\u00e7i oldu\u011funu de\u011ferlendirmelerine ve bu d\u00fc\u015f\u00fcnceleri nas\u0131l de\u011fi\u015ftirebileceklerine<\/strong> yard\u0131mc\u0131 olur. Bu s\u00fcre\u00e7 sonucunda davran\u0131\u015flar\u0131n da de\u011fi\u015ftirilmesi hedeflenir. B\u00f6ylece dan\u0131\u015fan, hem d\u00fc\u015f\u00fcnce hem de davran\u0131\u015f d\u00fczeyinde daha i\u015flevsel bir ya\u015fam bi\u00e7imi geli\u015ftirebilir.<\/p>\n<\/div>\n<\/div><\/div><\/div><\/div><\/div>","protected":false},"excerpt":{"rendered":"<p>Bili\u015fsel Davran\u0131\u015f\u00e7\u0131 Terapi (BDT); ki\u015finin etkin olmayan ve rahats\u0131zl\u0131k veren d\u00fc\u015f\u00fcnce ve davran\u0131\u015flar\u0131n\u0131 de\u011fi\u015ftirebilme becerilerini geli\u015ftirmeyi ve d\u00fczenlemeyi \u00f6\u011freten, yap\u0131land\u0131r\u0131lm\u0131\u015f ve g\u00fcncel bir psikoterapi y\u00f6ntemidir. Bili\u015fsel Davran\u0131\u015f\u00e7\u0131 Terapi, bili\u015fse temelli bir psikoterapidir. Terapinin ana amac\u0131; dan\u0131\u015fan\u0131n kendisine faydal\u0131 olmayan d\u00fc\u015f\u00fcnce ve duygular\u0131n\u0131 de\u011fi\u015ftirmesine yard\u0131mc\u0131 olmak ve bunun sonucunda kal\u0131c\u0131 bir iyilik hali sa\u011flamakt\u0131r. BDT, 1960\u2019l\u0131 &hellip;<\/p>\n","protected":false},"author":1,"featured_media":1175,"parent":0,"menu_order":0,"comment_status":"closed","ping_status":"closed","template":"","meta":{"_acf_changed":false,"footnotes":""},"class_list":["post-1067","page","type-page","status-publish","has-post-thumbnail","hentry"],"acf":[],"yoast_head":"<!-- This site is optimized with the Yoast SEO plugin v25.1 - https:\/\/yoast.com\/wordpress\/plugins\/seo\/ -->\n<title>Bili\u015fsel Davran\u0131\u015f\u00e7\u0131 Terapi Nedir? - Do\u00e7. Dr. C\u00fcneyt \u00dcnsal<\/title>\n<meta name=\"description\" content=\"Bili\u015fsel Davran\u0131\u015f\u00e7\u0131 Terapi (BDT); ki\u015finin etkin olmayan ve rahats\u0131zl\u0131k veren d\u00fc\u015f\u00fcnce ve davran\u0131\u015flar\u0131n\u0131 de\u011fi\u015ftirebilme becerilerini\" \/>\n<meta name=\"robots\" content=\"index, follow, max-snippet:-1, max-image-preview:large, max-video-preview:-1\" \/>\n<link rel=\"canonical\" href=\"https:\/\/drcuneytunsal.com\/tr\/bilissel-davranisci-terapi\/\" \/>\n<meta property=\"og:locale\" content=\"tr_TR\" \/>\n<meta property=\"og:type\" content=\"article\" \/>\n<meta property=\"og:title\" content=\"Bili\u015fsel Davran\u0131\u015f\u00e7\u0131 Terapi Nedir? - Do\u00e7. Dr. C\u00fcneyt \u00dcnsal\" \/>\n<meta property=\"og:description\" content=\"Bili\u015fsel Davran\u0131\u015f\u00e7\u0131 Terapi (BDT); ki\u015finin etkin olmayan ve rahats\u0131zl\u0131k veren d\u00fc\u015f\u00fcnce ve davran\u0131\u015flar\u0131n\u0131 de\u011fi\u015ftirebilme becerilerini\" \/>\n<meta property=\"og:url\" content=\"https:\/\/drcuneytunsal.com\/tr\/bilissel-davranisci-terapi\/\" \/>\n<meta property=\"og:site_name\" content=\"Do\u00e7. Dr. C\u00fcneyt \u00dcnsal\" \/>\n<meta property=\"article:modified_time\" content=\"2025-10-27T12:02:06+00:00\" \/>\n<meta property=\"og:image\" content=\"https:\/\/drcuneytunsal.com\/tr\/wp-content\/uploads\/bilissel-davranisci-terapi.jpg\" \/>\n\t<meta property=\"og:image:width\" content=\"1280\" \/>\n\t<meta property=\"og:image:height\" content=\"853\" \/>\n\t<meta property=\"og:image:type\" content=\"image\/jpeg\" \/>\n<meta name=\"twitter:card\" content=\"summary_large_image\" \/>\n<meta name=\"twitter:label1\" content=\"Tahmini okuma s\u00fcresi\" \/>\n\t<meta name=\"twitter:data1\" content=\"2 dakika\" \/>\n<script type=\"application\/ld+json\" class=\"yoast-schema-graph\">{\"@context\":\"https:\/\/schema.org\",\"@graph\":[{\"@type\":\"WebPage\",\"@id\":\"https:\/\/drcuneytunsal.com\/tr\/bilissel-davranisci-terapi\/\",\"url\":\"https:\/\/drcuneytunsal.com\/tr\/bilissel-davranisci-terapi\/\",\"name\":\"Bili\u015fsel Davran\u0131\u015f\u00e7\u0131 Terapi Nedir? - Do\u00e7. Dr. C\u00fcneyt \u00dcnsal\",\"isPartOf\":{\"@id\":\"https:\/\/drcuneytunsal.com\/tr\/#website\"},\"primaryImageOfPage\":{\"@id\":\"https:\/\/drcuneytunsal.com\/tr\/bilissel-davranisci-terapi\/#primaryimage\"},\"image\":{\"@id\":\"https:\/\/drcuneytunsal.com\/tr\/bilissel-davranisci-terapi\/#primaryimage\"},\"thumbnailUrl\":\"https:\/\/drcuneytunsal.com\/tr\/wp-content\/uploads\/bilissel-davranisci-terapi.jpg\",\"datePublished\":\"2025-08-11T08:58:03+00:00\",\"dateModified\":\"2025-10-27T12:02:06+00:00\",\"description\":\"Bili\u015fsel Davran\u0131\u015f\u00e7\u0131 Terapi (BDT); ki\u015finin etkin olmayan ve rahats\u0131zl\u0131k veren d\u00fc\u015f\u00fcnce ve davran\u0131\u015flar\u0131n\u0131 de\u011fi\u015ftirebilme becerilerini\",\"breadcrumb\":{\"@id\":\"https:\/\/drcuneytunsal.com\/tr\/bilissel-davranisci-terapi\/#breadcrumb\"},\"inLanguage\":\"tr\",\"potentialAction\":[{\"@type\":\"ReadAction\",\"target\":[\"https:\/\/drcuneytunsal.com\/tr\/bilissel-davranisci-terapi\/\"]}]},{\"@type\":\"ImageObject\",\"inLanguage\":\"tr\",\"@id\":\"https:\/\/drcuneytunsal.com\/tr\/bilissel-davranisci-terapi\/#primaryimage\",\"url\":\"https:\/\/drcuneytunsal.com\/tr\/wp-content\/uploads\/bilissel-davranisci-terapi.jpg\",\"contentUrl\":\"https:\/\/drcuneytunsal.com\/tr\/wp-content\/uploads\/bilissel-davranisci-terapi.jpg\",\"width\":1280,\"height\":853},{\"@type\":\"BreadcrumbList\",\"@id\":\"https:\/\/drcuneytunsal.com\/tr\/bilissel-davranisci-terapi\/#breadcrumb\",\"itemListElement\":[{\"@type\":\"ListItem\",\"position\":1,\"name\":\"Anasayfa\",\"item\":\"https:\/\/drcuneytunsal.com\/tr\/\"},{\"@type\":\"ListItem\",\"position\":2,\"name\":\"Bili\u015fsel Davran\u0131\u015f\u00e7\u0131 Terapi\"}]},{\"@type\":\"WebSite\",\"@id\":\"https:\/\/drcuneytunsal.com\/tr\/#website\",\"url\":\"https:\/\/drcuneytunsal.com\/tr\/\",\"name\":\"Do\u00e7. Dr. C\u00fcneyt \u00dcnsal\",\"description\":\"Psikiyatrist - Psikoterapist\",\"potentialAction\":[{\"@type\":\"SearchAction\",\"target\":{\"@type\":\"EntryPoint\",\"urlTemplate\":\"https:\/\/drcuneytunsal.com\/tr\/?s={search_term_string}\"},\"query-input\":{\"@type\":\"PropertyValueSpecification\",\"valueRequired\":true,\"valueName\":\"search_term_string\"}}],\"inLanguage\":\"tr\"}]}<\/script>\n<!-- \/ Yoast SEO plugin. -->","yoast_head_json":{"title":"Bili\u015fsel Davran\u0131\u015f\u00e7\u0131 Terapi Nedir? - Do\u00e7. Dr. C\u00fcneyt \u00dcnsal","description":"Bili\u015fsel Davran\u0131\u015f\u00e7\u0131 Terapi (BDT); ki\u015finin etkin olmayan ve rahats\u0131zl\u0131k veren d\u00fc\u015f\u00fcnce ve davran\u0131\u015flar\u0131n\u0131 de\u011fi\u015ftirebilme becerilerini","robots":{"index":"index","follow":"follow","max-snippet":"max-snippet:-1","max-image-preview":"max-image-preview:large","max-video-preview":"max-video-preview:-1"},"canonical":"https:\/\/drcuneytunsal.com\/tr\/bilissel-davranisci-terapi\/","og_locale":"tr_TR","og_type":"article","og_title":"Bili\u015fsel Davran\u0131\u015f\u00e7\u0131 Terapi Nedir? - Do\u00e7. Dr. C\u00fcneyt \u00dcnsal","og_description":"Bili\u015fsel Davran\u0131\u015f\u00e7\u0131 Terapi (BDT); ki\u015finin etkin olmayan ve rahats\u0131zl\u0131k veren d\u00fc\u015f\u00fcnce ve davran\u0131\u015flar\u0131n\u0131 de\u011fi\u015ftirebilme becerilerini","og_url":"https:\/\/drcuneytunsal.com\/tr\/bilissel-davranisci-terapi\/","og_site_name":"Do\u00e7. Dr. C\u00fcneyt \u00dcnsal","article_modified_time":"2025-10-27T12:02:06+00:00","og_image":[{"width":1280,"height":853,"url":"https:\/\/drcuneytunsal.com\/tr\/wp-content\/uploads\/bilissel-davranisci-terapi.jpg","type":"image\/jpeg"}],"twitter_card":"summary_large_image","twitter_misc":{"Tahmini okuma s\u00fcresi":"2 dakika"},"schema":{"@context":"https:\/\/schema.org","@graph":[{"@type":"WebPage","@id":"https:\/\/drcuneytunsal.com\/tr\/bilissel-davranisci-terapi\/","url":"https:\/\/drcuneytunsal.com\/tr\/bilissel-davranisci-terapi\/","name":"Bili\u015fsel Davran\u0131\u015f\u00e7\u0131 Terapi Nedir? - Do\u00e7. Dr. C\u00fcneyt \u00dcnsal","isPartOf":{"@id":"https:\/\/drcuneytunsal.com\/tr\/#website"},"primaryImageOfPage":{"@id":"https:\/\/drcuneytunsal.com\/tr\/bilissel-davranisci-terapi\/#primaryimage"},"image":{"@id":"https:\/\/drcuneytunsal.com\/tr\/bilissel-davranisci-terapi\/#primaryimage"},"thumbnailUrl":"https:\/\/drcuneytunsal.com\/tr\/wp-content\/uploads\/bilissel-davranisci-terapi.jpg","datePublished":"2025-08-11T08:58:03+00:00","dateModified":"2025-10-27T12:02:06+00:00","description":"Bili\u015fsel Davran\u0131\u015f\u00e7\u0131 Terapi (BDT); ki\u015finin etkin olmayan ve rahats\u0131zl\u0131k veren d\u00fc\u015f\u00fcnce ve davran\u0131\u015flar\u0131n\u0131 de\u011fi\u015ftirebilme becerilerini","breadcrumb":{"@id":"https:\/\/drcuneytunsal.com\/tr\/bilissel-davranisci-terapi\/#breadcrumb"},"inLanguage":"tr","potentialAction":[{"@type":"ReadAction","target":["https:\/\/drcuneytunsal.com\/tr\/bilissel-davranisci-terapi\/"]}]},{"@type":"ImageObject","inLanguage":"tr","@id":"https:\/\/drcuneytunsal.com\/tr\/bilissel-davranisci-terapi\/#primaryimage","url":"https:\/\/drcuneytunsal.com\/tr\/wp-content\/uploads\/bilissel-davranisci-terapi.jpg","contentUrl":"https:\/\/drcuneytunsal.com\/tr\/wp-content\/uploads\/bilissel-davranisci-terapi.jpg","width":1280,"height":853},{"@type":"BreadcrumbList","@id":"https:\/\/drcuneytunsal.com\/tr\/bilissel-davranisci-terapi\/#breadcrumb","itemListElement":[{"@type":"ListItem","position":1,"name":"Anasayfa","item":"https:\/\/drcuneytunsal.com\/tr\/"},{"@type":"ListItem","position":2,"name":"Bili\u015fsel Davran\u0131\u015f\u00e7\u0131 Terapi"}]},{"@type":"WebSite","@id":"https:\/\/drcuneytunsal.com\/tr\/#website","url":"https:\/\/drcuneytunsal.com\/tr\/","name":"Do\u00e7. Dr. C\u00fcneyt \u00dcnsal","description":"Psikiyatrist - Psikoterapist","potentialAction":[{"@type":"SearchAction","target":{"@type":"EntryPoint","urlTemplate":"https:\/\/drcuneytunsal.com\/tr\/?s={search_term_string}"},"query-input":{"@type":"PropertyValueSpecification","valueRequired":true,"valueName":"search_term_string"}}],"inLanguage":"tr"}]}},"_links":{"self":[{"href":"https:\/\/drcuneytunsal.com\/tr\/wp-json\/wp\/v2\/pages\/1067","targetHints":{"allow":["GET"]}}],"collection":[{"href":"https:\/\/drcuneytunsal.com\/tr\/wp-json\/wp\/v2\/pages"}],"about":[{"href":"https:\/\/drcuneytunsal.com\/tr\/wp-json\/wp\/v2\/types\/page"}],"author":[{"embeddable":true,"href":"https:\/\/drcuneytunsal.com\/tr\/wp-json\/wp\/v2\/users\/1"}],"replies":[{"embeddable":true,"href":"https:\/\/drcuneytunsal.com\/tr\/wp-json\/wp\/v2\/comments?post=1067"}],"version-history":[{"count":7,"href":"https:\/\/drcuneytunsal.com\/tr\/wp-json\/wp\/v2\/pages\/1067\/revisions"}],"predecessor-version":[{"id":1602,"href":"https:\/\/drcuneytunsal.com\/tr\/wp-json\/wp\/v2\/pages\/1067\/revisions\/1602"}],"wp:featuredmedia":[{"embeddable":true,"href":"https:\/\/drcuneytunsal.com\/tr\/wp-json\/wp\/v2\/media\/1175"}],"wp:attachment":[{"href":"https:\/\/drcuneytunsal.com\/tr\/wp-json\/wp\/v2\/media?parent=1067"}],"curies":[{"name":"wp","href":"https:\/\/api.w.org\/{rel}","templated":true}]}}