{"id":1063,"date":"2025-08-11T08:57:25","date_gmt":"2025-08-11T08:57:25","guid":{"rendered":"https:\/\/drcuneytunsal.com\/tr\/?page_id=1063"},"modified":"2025-10-27T12:16:07","modified_gmt":"2025-10-27T12:16:07","slug":"farmakoterapi-ilac-tedavisi","status":"publish","type":"page","link":"https:\/\/drcuneytunsal.com\/tr\/farmakoterapi-ilac-tedavisi\/","title":{"rendered":"Farmakoterapi (\u0130la\u00e7 Tedavisi)"},"content":{"rendered":"<div id=\"pl-1063\"  class=\"panel-layout\" ><div id=\"pg-1063-0\"  class=\"panel-grid panel-no-style\" ><div id=\"pgc-1063-0-0\"  class=\"panel-grid-cell\" ><div id=\"panel-1063-0-0-0\" class=\"so-panel widget widget_sow-editor panel-first-child panel-last-child\" data-index=\"0\" ><div\n\t\t\t\n\t\t\tclass=\"so-widget-sow-editor so-widget-sow-editor-base\"\n\t\t\t\n\t\t>\n<div class=\"siteorigin-widget-tinymce textwidget\">\n\t<p><img loading=\"lazy\" decoding=\"async\" class=\"size-large wp-image-1177 aligncenter\" src=\"https:\/\/drcuneytunsal.com\/tr\/wp-content\/uploads\/farmakoterapi-ilac-tedavisi-1024x682.jpg\" alt=\"Farmakoterapi (\u0130la\u00e7 Tedavisi) - Do\u00e7. Dr. C\u00fcneyt \u00dcnsal\" width=\"1024\" height=\"682\" srcset=\"https:\/\/drcuneytunsal.com\/tr\/wp-content\/uploads\/farmakoterapi-ilac-tedavisi-1024x682.jpg 1024w, https:\/\/drcuneytunsal.com\/tr\/wp-content\/uploads\/farmakoterapi-ilac-tedavisi-300x200.jpg 300w, https:\/\/drcuneytunsal.com\/tr\/wp-content\/uploads\/farmakoterapi-ilac-tedavisi-768x512.jpg 768w, https:\/\/drcuneytunsal.com\/tr\/wp-content\/uploads\/farmakoterapi-ilac-tedavisi-360x240.jpg 360w, https:\/\/drcuneytunsal.com\/tr\/wp-content\/uploads\/farmakoterapi-ilac-tedavisi-272x182.jpg 272w, https:\/\/drcuneytunsal.com\/tr\/wp-content\/uploads\/farmakoterapi-ilac-tedavisi.jpg 1280w\" sizes=\"auto, (max-width: 1024px) 100vw, 1024px\" \/><\/p>\n<p><strong>Farmakoterapi, ila\u00e7larla tedavi anlam\u0131na gelmektedir. Psikofarmakoloji ise, psikiyatrik rahats\u0131zl\u0131klar\u0131n tedavisinde ila\u00e7lar\u0131n kullan\u0131m\u0131n\u0131 sa\u011flayan \u00e7al\u0131\u015fmalara verilen add\u0131r.<\/strong><\/p>\n<p>Modern psikofarmakolojinin temellerini iyi anlayabilmenin yolu, beynin kimyasal, elektriksel ve anatomik yap\u0131lar\u0131n\u0131 do\u011fru anlamaktan ge\u00e7mektedir. Modern psikofarmakoloji, b\u00fcy\u00fck \u00f6l\u00e7\u00fcde n\u00f6rotransmisyon ad\u0131 verilen mekanizmalardaki aksakl\u0131klara y\u00f6nelik geli\u015ftirilmi\u015f ila\u00e7lar ile ki\u015finin <strong>d\u00fc\u015f\u00fcnce, duygu, tutum\u2013davran\u0131\u015f, alg\u0131, haf\u0131za vb<\/strong>. alanlarda ortaya \u00e7\u0131kan psikiyatrik semptomlar\u0131n\u0131 tedavi etmeyi ama\u00e7lar.<\/p>\n<p>N\u00f6rotransmisyonun anatomik temeli, sinir h\u00fccreleri aras\u0131ndaki sinaps ad\u0131 verilen ba\u011flant\u0131lardan olu\u015fur. Beyinde trilyonlarca sinaps bulunmaktad\u0131r. Bu kadar karma\u015f\u0131k bir yap\u0131ya sahip beynimizdeki sinir h\u00fccrelerindeki i\u015flev bozukluklar\u0131, ki\u015fide psikiyatrik semptomlar\u0131n ortaya \u00e7\u0131kmas\u0131na neden olabilir.<\/p>\n<p>Beyin i\u015flevlerinin giderek daha iyi anla\u015f\u0131lmas\u0131, daha etkili, daha az yan etkiye sahip ve daha iyi tolere edilebilen ila\u00e7lar\u0131n geli\u015ftirilmesini sa\u011flamaktad\u0131r. Psikiyatrik bozukluklar\u0131n tedavisinde kullan\u0131lan ila\u00e7 grubuna psikotroplar ad\u0131 verilir. \u00d6rne\u011fin; antidepresanlar, antipsikotikler, anksiyolitikler, duygudurum d\u00fczenleyiciler, hipnotikler vb.<\/p>\n<p>Psikiyatri hastas\u0131na ila\u00e7 ba\u015flan\u0131rken; hastan\u0131n mevcut psikiyatrik bulgular\u0131, genel t\u0131bbi durumu, varsa e\u015flik eden hastal\u0131klar\u0131 ve\/veya kulland\u0131\u011f\u0131 ila\u00e7larla muhtemel etkile\u015fimleri, daha \u00f6nce kulland\u0131\u011f\u0131 ila\u00e7lar\u0131n etkisi gibi pek \u00e7ok fakt\u00f6r g\u00f6zden ge\u00e7irilir. Takip s\u00fcrecinde ise ila\u00e7lar\u0131n etki ve yan etkileri de\u011ferlendirilir.<\/p>\n<p>Psikiyatri hekimine ba\u015fvuran her hastaya ila\u00e7 \u00f6nerilece\u011fi ve ila\u00e7lar\u0131n faydadan \u00e7ok zarar verece\u011fi d\u00fc\u015f\u00fcncesi hatal\u0131d\u0131r. T\u0131pk\u0131 di\u011fer t\u0131p dallar\u0131nda oldu\u011fu gibi, ihtiyac\u0131 olmad\u0131\u011f\u0131na kanaat edilen ya da yaln\u0131zca psikoterapi ile tedavi edilebilece\u011fi de\u011ferlendirilen dan\u0131\u015fanlara ila\u00e7 \u00f6nerilmez.<\/p>\n<p>T\u0131bb\u0131n en temel ilkesi olan <strong>\u201cPrimum non nocere\u201d \u2013 \u00d6nce zarar verme ilkesi<\/strong>, bir t\u0131p dal\u0131 olan psikiyatri i\u00e7in de ge\u00e7erli ve vazge\u00e7ilmezdir.<\/p>\n<\/div>\n<\/div><\/div><\/div><\/div><\/div>","protected":false},"excerpt":{"rendered":"<p>Farmakoterapi, ila\u00e7larla tedavi anlam\u0131na gelmektedir. Psikofarmakoloji ise, psikiyatrik rahats\u0131zl\u0131klar\u0131n tedavisinde ila\u00e7lar\u0131n kullan\u0131m\u0131n\u0131 sa\u011flayan \u00e7al\u0131\u015fmalara verilen add\u0131r. Modern psikofarmakolojinin temellerini iyi anlayabilmenin yolu, beynin kimyasal, elektriksel ve anatomik yap\u0131lar\u0131n\u0131 do\u011fru anlamaktan ge\u00e7mektedir. Modern psikofarmakoloji, b\u00fcy\u00fck \u00f6l\u00e7\u00fcde n\u00f6rotransmisyon ad\u0131 verilen mekanizmalardaki aksakl\u0131klara y\u00f6nelik geli\u015ftirilmi\u015f ila\u00e7lar ile ki\u015finin d\u00fc\u015f\u00fcnce, duygu, tutum\u2013davran\u0131\u015f, alg\u0131, haf\u0131za vb. alanlarda ortaya \u00e7\u0131kan psikiyatrik &hellip;<\/p>\n","protected":false},"author":1,"featured_media":1177,"parent":0,"menu_order":0,"comment_status":"closed","ping_status":"closed","template":"","meta":{"_acf_changed":false,"footnotes":""},"class_list":["post-1063","page","type-page","status-publish","has-post-thumbnail","hentry"],"acf":[],"yoast_head":"<!-- This site is optimized with the Yoast SEO plugin v25.1 - https:\/\/yoast.com\/wordpress\/plugins\/seo\/ -->\n<title>Farmakoterapi (\u0130la\u00e7 Tedavisi) - Do\u00e7. Dr. C\u00fcneyt \u00dcnsal<\/title>\n<meta name=\"description\" content=\"Farmakoterapi, ila\u00e7larla tedavi anlam\u0131na gelmektedir. Psikofarmakoloji ise, psikiyatrik rahats\u0131zl\u0131klar\u0131n tedavisinde ila\u00e7lar\u0131n kullan\u0131m\u0131n\u0131...\" \/>\n<meta name=\"robots\" content=\"index, follow, max-snippet:-1, max-image-preview:large, max-video-preview:-1\" \/>\n<link rel=\"canonical\" href=\"https:\/\/drcuneytunsal.com\/tr\/farmakoterapi-ilac-tedavisi\/\" \/>\n<meta property=\"og:locale\" content=\"tr_TR\" \/>\n<meta property=\"og:type\" content=\"article\" \/>\n<meta property=\"og:title\" content=\"Farmakoterapi (\u0130la\u00e7 Tedavisi) - Do\u00e7. Dr. C\u00fcneyt \u00dcnsal\" \/>\n<meta property=\"og:description\" content=\"Farmakoterapi, ila\u00e7larla tedavi anlam\u0131na gelmektedir. Psikofarmakoloji ise, psikiyatrik rahats\u0131zl\u0131klar\u0131n tedavisinde ila\u00e7lar\u0131n kullan\u0131m\u0131n\u0131...\" \/>\n<meta property=\"og:url\" content=\"https:\/\/drcuneytunsal.com\/tr\/farmakoterapi-ilac-tedavisi\/\" \/>\n<meta property=\"og:site_name\" content=\"Do\u00e7. Dr. C\u00fcneyt \u00dcnsal\" \/>\n<meta property=\"article:modified_time\" content=\"2025-10-27T12:16:07+00:00\" \/>\n<meta property=\"og:image\" content=\"https:\/\/drcuneytunsal.com\/tr\/wp-content\/uploads\/farmakoterapi-ilac-tedavisi.jpg\" \/>\n\t<meta property=\"og:image:width\" content=\"1280\" \/>\n\t<meta property=\"og:image:height\" content=\"853\" \/>\n\t<meta property=\"og:image:type\" content=\"image\/jpeg\" \/>\n<meta name=\"twitter:card\" content=\"summary_large_image\" \/>\n<meta name=\"twitter:label1\" content=\"Tahmini okuma s\u00fcresi\" \/>\n\t<meta name=\"twitter:data1\" content=\"2 dakika\" \/>\n<script type=\"application\/ld+json\" class=\"yoast-schema-graph\">{\"@context\":\"https:\/\/schema.org\",\"@graph\":[{\"@type\":\"WebPage\",\"@id\":\"https:\/\/drcuneytunsal.com\/tr\/farmakoterapi-ilac-tedavisi\/\",\"url\":\"https:\/\/drcuneytunsal.com\/tr\/farmakoterapi-ilac-tedavisi\/\",\"name\":\"Farmakoterapi (\u0130la\u00e7 Tedavisi) - Do\u00e7. Dr. C\u00fcneyt \u00dcnsal\",\"isPartOf\":{\"@id\":\"https:\/\/drcuneytunsal.com\/tr\/#website\"},\"primaryImageOfPage\":{\"@id\":\"https:\/\/drcuneytunsal.com\/tr\/farmakoterapi-ilac-tedavisi\/#primaryimage\"},\"image\":{\"@id\":\"https:\/\/drcuneytunsal.com\/tr\/farmakoterapi-ilac-tedavisi\/#primaryimage\"},\"thumbnailUrl\":\"https:\/\/drcuneytunsal.com\/tr\/wp-content\/uploads\/farmakoterapi-ilac-tedavisi.jpg\",\"datePublished\":\"2025-08-11T08:57:25+00:00\",\"dateModified\":\"2025-10-27T12:16:07+00:00\",\"description\":\"Farmakoterapi, ila\u00e7larla tedavi anlam\u0131na gelmektedir. Psikofarmakoloji ise, psikiyatrik rahats\u0131zl\u0131klar\u0131n tedavisinde ila\u00e7lar\u0131n kullan\u0131m\u0131n\u0131...\",\"breadcrumb\":{\"@id\":\"https:\/\/drcuneytunsal.com\/tr\/farmakoterapi-ilac-tedavisi\/#breadcrumb\"},\"inLanguage\":\"tr\",\"potentialAction\":[{\"@type\":\"ReadAction\",\"target\":[\"https:\/\/drcuneytunsal.com\/tr\/farmakoterapi-ilac-tedavisi\/\"]}]},{\"@type\":\"ImageObject\",\"inLanguage\":\"tr\",\"@id\":\"https:\/\/drcuneytunsal.com\/tr\/farmakoterapi-ilac-tedavisi\/#primaryimage\",\"url\":\"https:\/\/drcuneytunsal.com\/tr\/wp-content\/uploads\/farmakoterapi-ilac-tedavisi.jpg\",\"contentUrl\":\"https:\/\/drcuneytunsal.com\/tr\/wp-content\/uploads\/farmakoterapi-ilac-tedavisi.jpg\",\"width\":1280,\"height\":853},{\"@type\":\"BreadcrumbList\",\"@id\":\"https:\/\/drcuneytunsal.com\/tr\/farmakoterapi-ilac-tedavisi\/#breadcrumb\",\"itemListElement\":[{\"@type\":\"ListItem\",\"position\":1,\"name\":\"Anasayfa\",\"item\":\"https:\/\/drcuneytunsal.com\/tr\/\"},{\"@type\":\"ListItem\",\"position\":2,\"name\":\"Farmakoterapi (\u0130la\u00e7 Tedavisi)\"}]},{\"@type\":\"WebSite\",\"@id\":\"https:\/\/drcuneytunsal.com\/tr\/#website\",\"url\":\"https:\/\/drcuneytunsal.com\/tr\/\",\"name\":\"Do\u00e7. Dr. C\u00fcneyt \u00dcnsal\",\"description\":\"Psikiyatrist - Psikoterapist\",\"potentialAction\":[{\"@type\":\"SearchAction\",\"target\":{\"@type\":\"EntryPoint\",\"urlTemplate\":\"https:\/\/drcuneytunsal.com\/tr\/?s={search_term_string}\"},\"query-input\":{\"@type\":\"PropertyValueSpecification\",\"valueRequired\":true,\"valueName\":\"search_term_string\"}}],\"inLanguage\":\"tr\"}]}<\/script>\n<!-- \/ Yoast SEO plugin. -->","yoast_head_json":{"title":"Farmakoterapi (\u0130la\u00e7 Tedavisi) - Do\u00e7. Dr. C\u00fcneyt \u00dcnsal","description":"Farmakoterapi, ila\u00e7larla tedavi anlam\u0131na gelmektedir. Psikofarmakoloji ise, psikiyatrik rahats\u0131zl\u0131klar\u0131n tedavisinde ila\u00e7lar\u0131n kullan\u0131m\u0131n\u0131...","robots":{"index":"index","follow":"follow","max-snippet":"max-snippet:-1","max-image-preview":"max-image-preview:large","max-video-preview":"max-video-preview:-1"},"canonical":"https:\/\/drcuneytunsal.com\/tr\/farmakoterapi-ilac-tedavisi\/","og_locale":"tr_TR","og_type":"article","og_title":"Farmakoterapi (\u0130la\u00e7 Tedavisi) - Do\u00e7. Dr. C\u00fcneyt \u00dcnsal","og_description":"Farmakoterapi, ila\u00e7larla tedavi anlam\u0131na gelmektedir. Psikofarmakoloji ise, psikiyatrik rahats\u0131zl\u0131klar\u0131n tedavisinde ila\u00e7lar\u0131n kullan\u0131m\u0131n\u0131...","og_url":"https:\/\/drcuneytunsal.com\/tr\/farmakoterapi-ilac-tedavisi\/","og_site_name":"Do\u00e7. Dr. C\u00fcneyt \u00dcnsal","article_modified_time":"2025-10-27T12:16:07+00:00","og_image":[{"width":1280,"height":853,"url":"https:\/\/drcuneytunsal.com\/tr\/wp-content\/uploads\/farmakoterapi-ilac-tedavisi.jpg","type":"image\/jpeg"}],"twitter_card":"summary_large_image","twitter_misc":{"Tahmini okuma s\u00fcresi":"2 dakika"},"schema":{"@context":"https:\/\/schema.org","@graph":[{"@type":"WebPage","@id":"https:\/\/drcuneytunsal.com\/tr\/farmakoterapi-ilac-tedavisi\/","url":"https:\/\/drcuneytunsal.com\/tr\/farmakoterapi-ilac-tedavisi\/","name":"Farmakoterapi (\u0130la\u00e7 Tedavisi) - Do\u00e7. Dr. C\u00fcneyt \u00dcnsal","isPartOf":{"@id":"https:\/\/drcuneytunsal.com\/tr\/#website"},"primaryImageOfPage":{"@id":"https:\/\/drcuneytunsal.com\/tr\/farmakoterapi-ilac-tedavisi\/#primaryimage"},"image":{"@id":"https:\/\/drcuneytunsal.com\/tr\/farmakoterapi-ilac-tedavisi\/#primaryimage"},"thumbnailUrl":"https:\/\/drcuneytunsal.com\/tr\/wp-content\/uploads\/farmakoterapi-ilac-tedavisi.jpg","datePublished":"2025-08-11T08:57:25+00:00","dateModified":"2025-10-27T12:16:07+00:00","description":"Farmakoterapi, ila\u00e7larla tedavi anlam\u0131na gelmektedir. Psikofarmakoloji ise, psikiyatrik rahats\u0131zl\u0131klar\u0131n tedavisinde ila\u00e7lar\u0131n kullan\u0131m\u0131n\u0131...","breadcrumb":{"@id":"https:\/\/drcuneytunsal.com\/tr\/farmakoterapi-ilac-tedavisi\/#breadcrumb"},"inLanguage":"tr","potentialAction":[{"@type":"ReadAction","target":["https:\/\/drcuneytunsal.com\/tr\/farmakoterapi-ilac-tedavisi\/"]}]},{"@type":"ImageObject","inLanguage":"tr","@id":"https:\/\/drcuneytunsal.com\/tr\/farmakoterapi-ilac-tedavisi\/#primaryimage","url":"https:\/\/drcuneytunsal.com\/tr\/wp-content\/uploads\/farmakoterapi-ilac-tedavisi.jpg","contentUrl":"https:\/\/drcuneytunsal.com\/tr\/wp-content\/uploads\/farmakoterapi-ilac-tedavisi.jpg","width":1280,"height":853},{"@type":"BreadcrumbList","@id":"https:\/\/drcuneytunsal.com\/tr\/farmakoterapi-ilac-tedavisi\/#breadcrumb","itemListElement":[{"@type":"ListItem","position":1,"name":"Anasayfa","item":"https:\/\/drcuneytunsal.com\/tr\/"},{"@type":"ListItem","position":2,"name":"Farmakoterapi (\u0130la\u00e7 Tedavisi)"}]},{"@type":"WebSite","@id":"https:\/\/drcuneytunsal.com\/tr\/#website","url":"https:\/\/drcuneytunsal.com\/tr\/","name":"Do\u00e7. Dr. C\u00fcneyt \u00dcnsal","description":"Psikiyatrist - Psikoterapist","potentialAction":[{"@type":"SearchAction","target":{"@type":"EntryPoint","urlTemplate":"https:\/\/drcuneytunsal.com\/tr\/?s={search_term_string}"},"query-input":{"@type":"PropertyValueSpecification","valueRequired":true,"valueName":"search_term_string"}}],"inLanguage":"tr"}]}},"_links":{"self":[{"href":"https:\/\/drcuneytunsal.com\/tr\/wp-json\/wp\/v2\/pages\/1063","targetHints":{"allow":["GET"]}}],"collection":[{"href":"https:\/\/drcuneytunsal.com\/tr\/wp-json\/wp\/v2\/pages"}],"about":[{"href":"https:\/\/drcuneytunsal.com\/tr\/wp-json\/wp\/v2\/types\/page"}],"author":[{"embeddable":true,"href":"https:\/\/drcuneytunsal.com\/tr\/wp-json\/wp\/v2\/users\/1"}],"replies":[{"embeddable":true,"href":"https:\/\/drcuneytunsal.com\/tr\/wp-json\/wp\/v2\/comments?post=1063"}],"version-history":[{"count":5,"href":"https:\/\/drcuneytunsal.com\/tr\/wp-json\/wp\/v2\/pages\/1063\/revisions"}],"predecessor-version":[{"id":1606,"href":"https:\/\/drcuneytunsal.com\/tr\/wp-json\/wp\/v2\/pages\/1063\/revisions\/1606"}],"wp:featuredmedia":[{"embeddable":true,"href":"https:\/\/drcuneytunsal.com\/tr\/wp-json\/wp\/v2\/media\/1177"}],"wp:attachment":[{"href":"https:\/\/drcuneytunsal.com\/tr\/wp-json\/wp\/v2\/media?parent=1063"}],"curies":[{"name":"wp","href":"https:\/\/api.w.org\/{rel}","templated":true}]}}