{"id":1593,"date":"2025-12-17T08:46:05","date_gmt":"2025-12-17T08:46:05","guid":{"rendered":"https:\/\/drcuneytunsal.com\/en\/?page_id=1593"},"modified":"2025-12-17T11:47:47","modified_gmt":"2025-12-17T11:47:47","slug":"faq","status":"publish","type":"page","link":"https:\/\/drcuneytunsal.com\/en\/faq\/","title":{"rendered":"FAQ"},"content":{"rendered":"<div id=\"pl-1593\"  class=\"panel-layout\" ><div id=\"pg-1593-0\"  class=\"panel-grid panel-no-style\" ><div id=\"pgc-1593-0-0\"  class=\"panel-grid-cell\" ><div id=\"panel-1593-0-0-0\" class=\"so-panel widget widget_sow-editor panel-first-child panel-last-child\" data-index=\"0\" ><div\n\t\t\t\n\t\t\tclass=\"so-widget-sow-editor so-widget-sow-editor-base\"\n\t\t\t\n\t\t>\n<div class=\"siteorigin-widget-tinymce textwidget\">\n\t<div class=\"bdpp-wrap bdpp-lite bdpp-post-grid-wrap bdpp-post-data-wrap bdpp-design-2 bdpp-grid-2  bdpp-clearfix\" id=\"bdpp-post-grid-1\">\r\n\t<div class=\"bdpp-post-grid-inr-wrap bdpp-post-data-inr-wrap bdpp-clearfix\"><div class=\"bdpp-post-grid bdpp-col-2 bdpp-columns bdpp-post-1583 bdpp-post-standard bdpp-first bdpp-has-thumb\">\r\n\t<div class=\"bdpp-post-grid-content\">\r\n\t\t\t\t<div class=\"bdpp-post-img-bg\">\r\n\t\t\t<a href=\"https:\/\/drcuneytunsal.com\/en\/the-difference-between-panic-attacks-and-panic-disorder\/\">\r\n\t\t\t\t<img decoding=\"async\" src=\"https:\/\/drcuneytunsal.com\/en\/wp-content\/uploads\/10_panik-bozukluk-768x512.jpg\" class=\"bdpp-img bdpp-post-feat-img\" alt=\"The Difference Between Panic Attacks and Panic Disorder\" \/>\r\n\t\t\t<\/a>\r\n\t\t<\/div>\r\n\t\t\r\n\t\t<div class=\"bdpp-post-margin-content\">\r\n\t\t\t\r\n\t\t\t<h2 class=\"bdpp-post-title\">\r\n\t\t\t\t<a href=\"https:\/\/drcuneytunsal.com\/en\/the-difference-between-panic-attacks-and-panic-disorder\/\">The Difference Between Panic Attacks and Panic Disorder<\/a>\r\n\t\t\t<\/h2>\r\n\r\n\t\t\t\t\t\t<div class=\"bdpp-post-content\">\r\n\t\t\t\t<div class=\"bdpp-post-desc\">A panic attack is a condition that begins suddenly and is accompanied by intense fear or discomfort, along with prominent physical symptoms such as palpitations, shortness of breath, sweating, and...<\/div>\r\n\t\t\t\t\t\t\t\t\t<a href=\"https:\/\/drcuneytunsal.com\/en\/the-difference-between-panic-attacks-and-panic-disorder\/\" class=\"bdpp-rdmr-btn\">Read More<\/a>\r\n\t\t\t\t\t\t\t<\/div>\r\n\t\t\t\t\t<\/div>\r\n\t<\/div>\r\n<\/div><div class=\"bdpp-post-grid bdpp-col-2 bdpp-columns bdpp-post-1586 bdpp-post-standard bdpp-has-thumb\">\r\n\t<div class=\"bdpp-post-grid-content\">\r\n\t\t\t\t<div class=\"bdpp-post-img-bg\">\r\n\t\t\t<a href=\"https:\/\/drcuneytunsal.com\/en\/the-difference-between-major-depressive-disorder-and-depression\/\">\r\n\t\t\t\t<img decoding=\"async\" src=\"https:\/\/drcuneytunsal.com\/en\/wp-content\/uploads\/6_major-depressive-disorder-treatment-768x512.jpg\" class=\"bdpp-img bdpp-post-feat-img\" alt=\"The Difference Between Major Depressive Disorder and Depression\" \/>\r\n\t\t\t<\/a>\r\n\t\t<\/div>\r\n\t\t\r\n\t\t<div class=\"bdpp-post-margin-content\">\r\n\t\t\t\r\n\t\t\t<h2 class=\"bdpp-post-title\">\r\n\t\t\t\t<a href=\"https:\/\/drcuneytunsal.com\/en\/the-difference-between-major-depressive-disorder-and-depression\/\">The Difference Between Major Depressive Disorder and Depression<\/a>\r\n\t\t\t<\/h2>\r\n\r\n\t\t\t\t\t\t<div class=\"bdpp-post-content\">\r\n\t\t\t\t<div class=\"bdpp-post-desc\">Depression is a broad term commonly used by the general public to describe feelings such as sadness, lack of motivation, or low mood. This state may be short-lived and can...<\/div>\r\n\t\t\t\t\t\t\t\t\t<a href=\"https:\/\/drcuneytunsal.com\/en\/the-difference-between-major-depressive-disorder-and-depression\/\" class=\"bdpp-rdmr-btn\">Read More<\/a>\r\n\t\t\t\t\t\t\t<\/div>\r\n\t\t\t\t\t<\/div>\r\n\t<\/div>\r\n<\/div>\t<\/div>\r\n\t<\/div>\n<\/div>\n<\/div><\/div><\/div><\/div><\/div>","protected":false},"excerpt":{"rendered":"<p>Depression is a broad term commonly used by the general public to describe feelings such as sadness, lack of motivation, or low mood. This state may be short-lived and can be related to everyday life events. Major Depressive Disorder, on the other hand, is a clinically defined diagnosis in psychiatry and is evaluated according to &hellip;<\/p>\n","protected":false},"author":1,"featured_media":1079,"parent":0,"menu_order":0,"comment_status":"closed","ping_status":"closed","template":"","meta":{"_acf_changed":false,"footnotes":""},"class_list":["post-1593","page","type-page","status-publish","has-post-thumbnail","hentry"],"acf":[],"yoast_head":"<!-- This site is optimized with the Yoast SEO plugin v25.1 - https:\/\/yoast.com\/wordpress\/plugins\/seo\/ -->\n<title>Frequently Asked Question - Assoc. Prof. Dr. Cuneyt Unsal<\/title>\n<meta name=\"description\" content=\"Private Practice Appointment &amp; Online Therapy --- Fenerbah\u00e7e Mh. Ba\u011fdat Cd. Temel Apt. No:146\/7 Kad\u0131k\u00f6y, \u0130stanbul, TURKEY\" \/>\n<meta name=\"robots\" content=\"index, follow, max-snippet:-1, max-image-preview:large, max-video-preview:-1\" \/>\n<link rel=\"canonical\" href=\"https:\/\/drcuneytunsal.com\/en\/faq\/\" \/>\n<meta property=\"og:locale\" content=\"en_US\" \/>\n<meta property=\"og:type\" content=\"article\" \/>\n<meta property=\"og:title\" content=\"Frequently Asked Question - Assoc. Prof. Dr. Cuneyt Unsal\" \/>\n<meta property=\"og:description\" content=\"Private Practice Appointment &amp; Online Therapy --- Fenerbah\u00e7e Mh. Ba\u011fdat Cd. Temel Apt. No:146\/7 Kad\u0131k\u00f6y, \u0130stanbul, TURKEY\" \/>\n<meta property=\"og:url\" content=\"https:\/\/drcuneytunsal.com\/en\/faq\/\" \/>\n<meta property=\"og:site_name\" content=\"Assoc. Prof. Dr. Cuneyt Unsal\" \/>\n<meta property=\"article:modified_time\" content=\"2025-12-17T11:47:47+00:00\" \/>\n<meta property=\"og:image\" content=\"https:\/\/drcuneytunsal.com\/en\/wp-content\/uploads\/cuneyt-unsal.jpg\" \/>\n\t<meta property=\"og:image:width\" content=\"850\" \/>\n\t<meta property=\"og:image:height\" content=\"400\" \/>\n\t<meta property=\"og:image:type\" content=\"image\/jpeg\" \/>\n<meta name=\"twitter:card\" content=\"summary_large_image\" \/>\n<meta name=\"twitter:label1\" content=\"Est. reading time\" \/>\n\t<meta name=\"twitter:data1\" content=\"1 minute\" \/>\n<script type=\"application\/ld+json\" class=\"yoast-schema-graph\">{\"@context\":\"https:\/\/schema.org\",\"@graph\":[{\"@type\":\"WebPage\",\"@id\":\"https:\/\/drcuneytunsal.com\/en\/faq\/\",\"url\":\"https:\/\/drcuneytunsal.com\/en\/faq\/\",\"name\":\"Frequently Asked Question - Assoc. Prof. Dr. Cuneyt Unsal\",\"isPartOf\":{\"@id\":\"https:\/\/drcuneytunsal.com\/en\/#website\"},\"primaryImageOfPage\":{\"@id\":\"https:\/\/drcuneytunsal.com\/en\/faq\/#primaryimage\"},\"image\":{\"@id\":\"https:\/\/drcuneytunsal.com\/en\/faq\/#primaryimage\"},\"thumbnailUrl\":\"https:\/\/drcuneytunsal.com\/en\/wp-content\/uploads\/cuneyt-unsal.jpg\",\"datePublished\":\"2025-12-17T08:46:05+00:00\",\"dateModified\":\"2025-12-17T11:47:47+00:00\",\"description\":\"Private Practice Appointment & Online Therapy --- Fenerbah\u00e7e Mh. Ba\u011fdat Cd. Temel Apt. No:146\/7 Kad\u0131k\u00f6y, \u0130stanbul, TURKEY\",\"breadcrumb\":{\"@id\":\"https:\/\/drcuneytunsal.com\/en\/faq\/#breadcrumb\"},\"inLanguage\":\"en-US\",\"potentialAction\":[{\"@type\":\"ReadAction\",\"target\":[\"https:\/\/drcuneytunsal.com\/en\/faq\/\"]}]},{\"@type\":\"ImageObject\",\"inLanguage\":\"en-US\",\"@id\":\"https:\/\/drcuneytunsal.com\/en\/faq\/#primaryimage\",\"url\":\"https:\/\/drcuneytunsal.com\/en\/wp-content\/uploads\/cuneyt-unsal.jpg\",\"contentUrl\":\"https:\/\/drcuneytunsal.com\/en\/wp-content\/uploads\/cuneyt-unsal.jpg\",\"width\":850,\"height\":400},{\"@type\":\"BreadcrumbList\",\"@id\":\"https:\/\/drcuneytunsal.com\/en\/faq\/#breadcrumb\",\"itemListElement\":[{\"@type\":\"ListItem\",\"position\":1,\"name\":\"Anasayfa\",\"item\":\"https:\/\/drcuneytunsal.com\/en\/\"},{\"@type\":\"ListItem\",\"position\":2,\"name\":\"FAQ\"}]},{\"@type\":\"WebSite\",\"@id\":\"https:\/\/drcuneytunsal.com\/en\/#website\",\"url\":\"https:\/\/drcuneytunsal.com\/en\/\",\"name\":\"Assoc. Prof. Dr. Cuneyt Unsal\",\"description\":\"Psychiatrist \u2013 Psychotherapist\",\"potentialAction\":[{\"@type\":\"SearchAction\",\"target\":{\"@type\":\"EntryPoint\",\"urlTemplate\":\"https:\/\/drcuneytunsal.com\/en\/?s={search_term_string}\"},\"query-input\":{\"@type\":\"PropertyValueSpecification\",\"valueRequired\":true,\"valueName\":\"search_term_string\"}}],\"inLanguage\":\"en-US\"}]}<\/script>\n<!-- \/ Yoast SEO plugin. -->","yoast_head_json":{"title":"Frequently Asked Question - Assoc. Prof. Dr. Cuneyt Unsal","description":"Private Practice Appointment & Online Therapy --- Fenerbah\u00e7e Mh. Ba\u011fdat Cd. Temel Apt. No:146\/7 Kad\u0131k\u00f6y, \u0130stanbul, TURKEY","robots":{"index":"index","follow":"follow","max-snippet":"max-snippet:-1","max-image-preview":"max-image-preview:large","max-video-preview":"max-video-preview:-1"},"canonical":"https:\/\/drcuneytunsal.com\/en\/faq\/","og_locale":"en_US","og_type":"article","og_title":"Frequently Asked Question - Assoc. Prof. Dr. Cuneyt Unsal","og_description":"Private Practice Appointment & Online Therapy --- Fenerbah\u00e7e Mh. Ba\u011fdat Cd. Temel Apt. No:146\/7 Kad\u0131k\u00f6y, \u0130stanbul, TURKEY","og_url":"https:\/\/drcuneytunsal.com\/en\/faq\/","og_site_name":"Assoc. Prof. Dr. Cuneyt Unsal","article_modified_time":"2025-12-17T11:47:47+00:00","og_image":[{"width":850,"height":400,"url":"https:\/\/drcuneytunsal.com\/en\/wp-content\/uploads\/cuneyt-unsal.jpg","type":"image\/jpeg"}],"twitter_card":"summary_large_image","twitter_misc":{"Est. reading time":"1 minute"},"schema":{"@context":"https:\/\/schema.org","@graph":[{"@type":"WebPage","@id":"https:\/\/drcuneytunsal.com\/en\/faq\/","url":"https:\/\/drcuneytunsal.com\/en\/faq\/","name":"Frequently Asked Question - Assoc. Prof. Dr. Cuneyt Unsal","isPartOf":{"@id":"https:\/\/drcuneytunsal.com\/en\/#website"},"primaryImageOfPage":{"@id":"https:\/\/drcuneytunsal.com\/en\/faq\/#primaryimage"},"image":{"@id":"https:\/\/drcuneytunsal.com\/en\/faq\/#primaryimage"},"thumbnailUrl":"https:\/\/drcuneytunsal.com\/en\/wp-content\/uploads\/cuneyt-unsal.jpg","datePublished":"2025-12-17T08:46:05+00:00","dateModified":"2025-12-17T11:47:47+00:00","description":"Private Practice Appointment & Online Therapy --- Fenerbah\u00e7e Mh. Ba\u011fdat Cd. Temel Apt. No:146\/7 Kad\u0131k\u00f6y, \u0130stanbul, TURKEY","breadcrumb":{"@id":"https:\/\/drcuneytunsal.com\/en\/faq\/#breadcrumb"},"inLanguage":"en-US","potentialAction":[{"@type":"ReadAction","target":["https:\/\/drcuneytunsal.com\/en\/faq\/"]}]},{"@type":"ImageObject","inLanguage":"en-US","@id":"https:\/\/drcuneytunsal.com\/en\/faq\/#primaryimage","url":"https:\/\/drcuneytunsal.com\/en\/wp-content\/uploads\/cuneyt-unsal.jpg","contentUrl":"https:\/\/drcuneytunsal.com\/en\/wp-content\/uploads\/cuneyt-unsal.jpg","width":850,"height":400},{"@type":"BreadcrumbList","@id":"https:\/\/drcuneytunsal.com\/en\/faq\/#breadcrumb","itemListElement":[{"@type":"ListItem","position":1,"name":"Anasayfa","item":"https:\/\/drcuneytunsal.com\/en\/"},{"@type":"ListItem","position":2,"name":"FAQ"}]},{"@type":"WebSite","@id":"https:\/\/drcuneytunsal.com\/en\/#website","url":"https:\/\/drcuneytunsal.com\/en\/","name":"Assoc. Prof. Dr. Cuneyt Unsal","description":"Psychiatrist \u2013 Psychotherapist","potentialAction":[{"@type":"SearchAction","target":{"@type":"EntryPoint","urlTemplate":"https:\/\/drcuneytunsal.com\/en\/?s={search_term_string}"},"query-input":{"@type":"PropertyValueSpecification","valueRequired":true,"valueName":"search_term_string"}}],"inLanguage":"en-US"}]}},"_links":{"self":[{"href":"https:\/\/drcuneytunsal.com\/en\/wp-json\/wp\/v2\/pages\/1593","targetHints":{"allow":["GET"]}}],"collection":[{"href":"https:\/\/drcuneytunsal.com\/en\/wp-json\/wp\/v2\/pages"}],"about":[{"href":"https:\/\/drcuneytunsal.com\/en\/wp-json\/wp\/v2\/types\/page"}],"author":[{"embeddable":true,"href":"https:\/\/drcuneytunsal.com\/en\/wp-json\/wp\/v2\/users\/1"}],"replies":[{"embeddable":true,"href":"https:\/\/drcuneytunsal.com\/en\/wp-json\/wp\/v2\/comments?post=1593"}],"version-history":[{"count":1,"href":"https:\/\/drcuneytunsal.com\/en\/wp-json\/wp\/v2\/pages\/1593\/revisions"}],"predecessor-version":[{"id":1594,"href":"https:\/\/drcuneytunsal.com\/en\/wp-json\/wp\/v2\/pages\/1593\/revisions\/1594"}],"wp:featuredmedia":[{"embeddable":true,"href":"https:\/\/drcuneytunsal.com\/en\/wp-json\/wp\/v2\/media\/1079"}],"wp:attachment":[{"href":"https:\/\/drcuneytunsal.com\/en\/wp-json\/wp\/v2\/media?parent=1593"}],"curies":[{"name":"wp","href":"https:\/\/api.w.org\/{rel}","templated":true}]}}