{"id":1142,"date":"2025-08-12T08:31:38","date_gmt":"2025-08-12T08:31:38","guid":{"rendered":"https:\/\/drcuneytunsal.com\/en\/?page_id=1142"},"modified":"2025-10-30T11:43:40","modified_gmt":"2025-10-30T11:43:40","slug":"articles","status":"publish","type":"page","link":"https:\/\/drcuneytunsal.com\/en\/articles\/","title":{"rendered":"Articles"},"content":{"rendered":"<div id=\"pl-1142\"  class=\"panel-layout\" ><div id=\"pg-1142-0\"  class=\"panel-grid panel-no-style\" ><div id=\"pgc-1142-0-0\"  class=\"panel-grid-cell\" ><div id=\"panel-1142-0-0-0\" class=\"so-panel widget widget_sow-editor panel-first-child panel-last-child\" data-index=\"0\" ><div\n\t\t\t\n\t\t\tclass=\"so-widget-sow-editor so-widget-sow-editor-base\"\n\t\t\t\n\t\t>\n<div class=\"siteorigin-widget-tinymce textwidget\">\n\t<div class=\"bdpp-wrap bdpp-lite bdpp-post-grid-wrap bdpp-post-data-wrap bdpp-design-2 bdpp-grid-2  bdpp-clearfix\" id=\"bdpp-post-grid-1\">\r\n\t<div class=\"bdpp-post-grid-inr-wrap bdpp-post-data-inr-wrap bdpp-clearfix\"><div class=\"bdpp-post-grid bdpp-col-2 bdpp-columns bdpp-post-914 bdpp-post-standard bdpp-first bdpp-has-thumb\">\r\n\t<div class=\"bdpp-post-grid-content\">\r\n\t\t\t\t<div class=\"bdpp-post-img-bg\">\r\n\t\t\t<a href=\"https:\/\/drcuneytunsal.com\/en\/now-and-here\/\">\r\n\t\t\t\t<img decoding=\"async\" src=\"https:\/\/drcuneytunsal.com\/en\/wp-content\/uploads\/here-and-now-768x512.jpg\" class=\"bdpp-img bdpp-post-feat-img\" alt=\"Now and Here\" \/>\r\n\t\t\t<\/a>\r\n\t\t<\/div>\r\n\t\t\r\n\t\t<div class=\"bdpp-post-margin-content\">\r\n\t\t\t\r\n\t\t\t<h2 class=\"bdpp-post-title\">\r\n\t\t\t\t<a href=\"https:\/\/drcuneytunsal.com\/en\/now-and-here\/\">Now and Here<\/a>\r\n\t\t\t<\/h2>\r\n\r\n\t\t\t\t\t\t<div class=\"bdpp-post-content\">\r\n\t\t\t\t<div class=\"bdpp-post-desc\">The human mind is constantly occupied with thoughts about past life and the future. People frequently talk to themselves and to those around them about unforgettable negative memories from their...<\/div>\r\n\t\t\t\t\t\t\t\t\t<a href=\"https:\/\/drcuneytunsal.com\/en\/now-and-here\/\" class=\"bdpp-rdmr-btn\">Read More<\/a>\r\n\t\t\t\t\t\t\t<\/div>\r\n\t\t\t\t\t<\/div>\r\n\t<\/div>\r\n<\/div><div class=\"bdpp-post-grid bdpp-col-2 bdpp-columns bdpp-post-912 bdpp-post-standard bdpp-has-thumb\">\r\n\t<div class=\"bdpp-post-grid-content\">\r\n\t\t\t\t<div class=\"bdpp-post-img-bg\">\r\n\t\t\t<a href=\"https:\/\/drcuneytunsal.com\/en\/those-who-seek-help-are-the-strong-ones\/\">\r\n\t\t\t\t<img decoding=\"async\" src=\"https:\/\/drcuneytunsal.com\/en\/wp-content\/uploads\/yardim-arayanlar-guclu-olanlardir-768x512.jpg\" class=\"bdpp-img bdpp-post-feat-img\" alt=\"Those Who Seek Help Are the Strong Ones\" \/>\r\n\t\t\t<\/a>\r\n\t\t<\/div>\r\n\t\t\r\n\t\t<div class=\"bdpp-post-margin-content\">\r\n\t\t\t\r\n\t\t\t<h2 class=\"bdpp-post-title\">\r\n\t\t\t\t<a href=\"https:\/\/drcuneytunsal.com\/en\/those-who-seek-help-are-the-strong-ones\/\">Those Who Seek Help Are the Strong Ones<\/a>\r\n\t\t\t<\/h2>\r\n\r\n\t\t\t\t\t\t<div class=\"bdpp-post-content\">\r\n\t\t\t\t<div class=\"bdpp-post-desc\">Every person encounters both difficulties and ease in life. Seeking help in difficult times is not a sign of weakness, but rather an indication that the individual has the strength...<\/div>\r\n\t\t\t\t\t\t\t\t\t<a href=\"https:\/\/drcuneytunsal.com\/en\/those-who-seek-help-are-the-strong-ones\/\" class=\"bdpp-rdmr-btn\">Read More<\/a>\r\n\t\t\t\t\t\t\t<\/div>\r\n\t\t\t\t\t<\/div>\r\n\t<\/div>\r\n<\/div><div class=\"bdpp-post-grid bdpp-col-2 bdpp-columns bdpp-post-910 bdpp-post-standard bdpp-first bdpp-has-thumb\">\r\n\t<div class=\"bdpp-post-grid-content\">\r\n\t\t\t\t<div class=\"bdpp-post-img-bg\">\r\n\t\t\t<a href=\"https:\/\/drcuneytunsal.com\/en\/awareness\/\">\r\n\t\t\t\t<img decoding=\"async\" src=\"https:\/\/drcuneytunsal.com\/en\/wp-content\/uploads\/farkindalik-768x512.jpg\" class=\"bdpp-img bdpp-post-feat-img\" alt=\"Awareness\" \/>\r\n\t\t\t<\/a>\r\n\t\t<\/div>\r\n\t\t\r\n\t\t<div class=\"bdpp-post-margin-content\">\r\n\t\t\t\r\n\t\t\t<h2 class=\"bdpp-post-title\">\r\n\t\t\t\t<a href=\"https:\/\/drcuneytunsal.com\/en\/awareness\/\">Awareness<\/a>\r\n\t\t\t<\/h2>\r\n\r\n\t\t\t\t\t\t<div class=\"bdpp-post-content\">\r\n\t\t\t\t<div class=\"bdpp-post-desc\">Awareness; refers to the act of noticing one\u2019s own thoughts, feelings, attitudes, and behaviors, as well as paying attention to what is happening in the surrounding environment. Many of you...<\/div>\r\n\t\t\t\t\t\t\t\t\t<a href=\"https:\/\/drcuneytunsal.com\/en\/awareness\/\" class=\"bdpp-rdmr-btn\">Read More<\/a>\r\n\t\t\t\t\t\t\t<\/div>\r\n\t\t\t\t\t<\/div>\r\n\t<\/div>\r\n<\/div><div class=\"bdpp-post-grid bdpp-col-2 bdpp-columns bdpp-post-908 bdpp-post-standard bdpp-has-thumb\">\r\n\t<div class=\"bdpp-post-grid-content\">\r\n\t\t\t\t<div class=\"bdpp-post-img-bg\">\r\n\t\t\t<a href=\"https:\/\/drcuneytunsal.com\/en\/what-is-anxiety\/\">\r\n\t\t\t\t<img decoding=\"async\" src=\"https:\/\/drcuneytunsal.com\/en\/wp-content\/uploads\/what-is-anxiety-768x512.jpg\" class=\"bdpp-img bdpp-post-feat-img\" alt=\"What is Anxiety?\" \/>\r\n\t\t\t<\/a>\r\n\t\t<\/div>\r\n\t\t\r\n\t\t<div class=\"bdpp-post-margin-content\">\r\n\t\t\t\r\n\t\t\t<h2 class=\"bdpp-post-title\">\r\n\t\t\t\t<a href=\"https:\/\/drcuneytunsal.com\/en\/what-is-anxiety\/\">What is Anxiety?<\/a>\r\n\t\t\t<\/h2>\r\n\r\n\t\t\t\t\t\t<div class=\"bdpp-post-content\">\r\n\t\t\t\t<div class=\"bdpp-post-desc\">Anxiety; is a state of worry, distress, uneasiness, or an unpleasant emotional tension. Normally, anxiety is a feeling that everyone can experience. It acts as a signal, warning the person...<\/div>\r\n\t\t\t\t\t\t\t\t\t<a href=\"https:\/\/drcuneytunsal.com\/en\/what-is-anxiety\/\" class=\"bdpp-rdmr-btn\">Read More<\/a>\r\n\t\t\t\t\t\t\t<\/div>\r\n\t\t\t\t\t<\/div>\r\n\t<\/div>\r\n<\/div><div class=\"bdpp-post-grid bdpp-col-2 bdpp-columns bdpp-post-906 bdpp-post-standard bdpp-first bdpp-has-thumb\">\r\n\t<div class=\"bdpp-post-grid-content\">\r\n\t\t\t\t<div class=\"bdpp-post-img-bg\">\r\n\t\t\t<a href=\"https:\/\/drcuneytunsal.com\/en\/do-psychiatrists-always-only-prescribe-medication\/\">\r\n\t\t\t\t<img decoding=\"async\" src=\"https:\/\/drcuneytunsal.com\/en\/wp-content\/uploads\/psikiyatristler-yalnizca-ilac-mi-yazarlar-768x512.jpg\" class=\"bdpp-img bdpp-post-feat-img\" alt=\"Do Psychiatrists Always \/ Only Prescribe Medication?\" \/>\r\n\t\t\t<\/a>\r\n\t\t<\/div>\r\n\t\t\r\n\t\t<div class=\"bdpp-post-margin-content\">\r\n\t\t\t\r\n\t\t\t<h2 class=\"bdpp-post-title\">\r\n\t\t\t\t<a href=\"https:\/\/drcuneytunsal.com\/en\/do-psychiatrists-always-only-prescribe-medication\/\">Do Psychiatrists Always \/ Only Prescribe Medication?<\/a>\r\n\t\t\t<\/h2>\r\n\r\n\t\t\t\t\t\t<div class=\"bdpp-post-content\">\r\n\t\t\t\t<div class=\"bdpp-post-desc\">Although this belief has partially diminished due to the increasing number of psychiatrists who practice psychotherapy, it still maintains its place on the agenda. After diagnosing the patient\u2019s disorder of...<\/div>\r\n\t\t\t\t\t\t\t\t\t<a href=\"https:\/\/drcuneytunsal.com\/en\/do-psychiatrists-always-only-prescribe-medication\/\" class=\"bdpp-rdmr-btn\">Read More<\/a>\r\n\t\t\t\t\t\t\t<\/div>\r\n\t\t\t\t\t<\/div>\r\n\t<\/div>\r\n<\/div><div class=\"bdpp-post-grid bdpp-col-2 bdpp-columns bdpp-post-904 bdpp-post-standard bdpp-has-thumb\">\r\n\t<div class=\"bdpp-post-grid-content\">\r\n\t\t\t\t<div class=\"bdpp-post-img-bg\">\r\n\t\t\t<a href=\"https:\/\/drcuneytunsal.com\/en\/causes-of-psychiatric-disorders\/\">\r\n\t\t\t\t<img decoding=\"async\" src=\"https:\/\/drcuneytunsal.com\/en\/wp-content\/uploads\/psikiyatrik-hastaliklarin-sebepleri-768x512.jpg\" class=\"bdpp-img bdpp-post-feat-img\" alt=\"Causes of Psychiatric Disorders\" \/>\r\n\t\t\t<\/a>\r\n\t\t<\/div>\r\n\t\t\r\n\t\t<div class=\"bdpp-post-margin-content\">\r\n\t\t\t\r\n\t\t\t<h2 class=\"bdpp-post-title\">\r\n\t\t\t\t<a href=\"https:\/\/drcuneytunsal.com\/en\/causes-of-psychiatric-disorders\/\">Causes of Psychiatric Disorders<\/a>\r\n\t\t\t<\/h2>\r\n\r\n\t\t\t\t\t\t<div class=\"bdpp-post-content\">\r\n\t\t\t\t<div class=\"bdpp-post-desc\">PSYCHIATRIC DISORDERS MAY NOT BE PURELY PSYCHOLOGICAL IN ORIGIN... Psychiatry physicians, as a result of all the training they receive, learn to evaluate the patient in a holistic manner. Over...<\/div>\r\n\t\t\t\t\t\t\t\t\t<a href=\"https:\/\/drcuneytunsal.com\/en\/causes-of-psychiatric-disorders\/\" class=\"bdpp-rdmr-btn\">Read More<\/a>\r\n\t\t\t\t\t\t\t<\/div>\r\n\t\t\t\t\t<\/div>\r\n\t<\/div>\r\n<\/div><div class=\"bdpp-post-grid bdpp-col-2 bdpp-columns bdpp-post-902 bdpp-post-standard bdpp-first bdpp-has-thumb\">\r\n\t<div class=\"bdpp-post-grid-content\">\r\n\t\t\t\t<div class=\"bdpp-post-img-bg\">\r\n\t\t\t<a href=\"https:\/\/drcuneytunsal.com\/en\/psychiatric-disorders-are-not-soul-diseases-but-brain-diseases\/\">\r\n\t\t\t\t<img decoding=\"async\" src=\"https:\/\/drcuneytunsal.com\/en\/wp-content\/uploads\/psikiyatrik-hastaliklar-ruh-hastaligi-degil-beyin-hastaliklaridir-768x512.jpg\" class=\"bdpp-img bdpp-post-feat-img\" alt=\"Psychiatric Disorders Are Not Soul Diseases but Brain Diseases&#8230;\" \/>\r\n\t\t\t<\/a>\r\n\t\t<\/div>\r\n\t\t\r\n\t\t<div class=\"bdpp-post-margin-content\">\r\n\t\t\t\r\n\t\t\t<h2 class=\"bdpp-post-title\">\r\n\t\t\t\t<a href=\"https:\/\/drcuneytunsal.com\/en\/psychiatric-disorders-are-not-soul-diseases-but-brain-diseases\/\">Psychiatric Disorders Are Not Soul Diseases but Brain Diseases&#8230;<\/a>\r\n\t\t\t<\/h2>\r\n\r\n\t\t\t\t\t\t<div class=\"bdpp-post-content\">\r\n\t\t\t\t<div class=\"bdpp-post-desc\">Psychiatry; is the branch of medicine concerned with the diagnosis, treatment and prevention of disorders of thought, emotion and behavior. Psychiatrists evaluate both the mental and physical aspects of psychological...<\/div>\r\n\t\t\t\t\t\t\t\t\t<a href=\"https:\/\/drcuneytunsal.com\/en\/psychiatric-disorders-are-not-soul-diseases-but-brain-diseases\/\" class=\"bdpp-rdmr-btn\">Read More<\/a>\r\n\t\t\t\t\t\t\t<\/div>\r\n\t\t\t\t\t<\/div>\r\n\t<\/div>\r\n<\/div>\t<\/div>\r\n\t<\/div>\n<\/div>\n<\/div><\/div><\/div><\/div><\/div>","protected":false},"excerpt":{"rendered":"<p>Psychiatry; is the branch of medicine concerned with the diagnosis, treatment and prevention of disorders of thought, emotion and behavior. Psychiatrists evaluate both the mental and physical aspects of psychological problems and provide the treatment required by the individual. Throughout the history of psychiatry, the definitions made in relation to this field have partly contributed &hellip;<\/p>\n","protected":false},"author":1,"featured_media":1079,"parent":0,"menu_order":0,"comment_status":"closed","ping_status":"closed","template":"","meta":{"_acf_changed":false,"footnotes":""},"class_list":["post-1142","page","type-page","status-publish","has-post-thumbnail","hentry"],"acf":[],"yoast_head":"<!-- This site is optimized with the Yoast SEO plugin v25.1 - https:\/\/yoast.com\/wordpress\/plugins\/seo\/ -->\n<title>Articles - Assoc. Prof. Dr. Cuneyt Unsal<\/title>\n<meta name=\"description\" content=\"Private Practice Appointment &amp; Online Therapy --- Fenerbah\u00e7e Mh. Ba\u011fdat Cd. Temel Apt. No:146\/7 Kad\u0131k\u00f6y, \u0130stanbul, TURKEY\" \/>\n<meta name=\"robots\" content=\"index, follow, max-snippet:-1, max-image-preview:large, max-video-preview:-1\" \/>\n<link rel=\"canonical\" href=\"https:\/\/drcuneytunsal.com\/en\/articles\/\" \/>\n<meta property=\"og:locale\" content=\"en_US\" \/>\n<meta property=\"og:type\" content=\"article\" \/>\n<meta property=\"og:title\" content=\"Articles - Assoc. Prof. Dr. Cuneyt Unsal\" \/>\n<meta property=\"og:description\" content=\"Private Practice Appointment &amp; Online Therapy --- Fenerbah\u00e7e Mh. Ba\u011fdat Cd. Temel Apt. No:146\/7 Kad\u0131k\u00f6y, \u0130stanbul, TURKEY\" \/>\n<meta property=\"og:url\" content=\"https:\/\/drcuneytunsal.com\/en\/articles\/\" \/>\n<meta property=\"og:site_name\" content=\"Assoc. Prof. Dr. Cuneyt Unsal\" \/>\n<meta property=\"article:modified_time\" content=\"2025-10-30T11:43:40+00:00\" \/>\n<meta property=\"og:image\" content=\"https:\/\/drcuneytunsal.com\/en\/wp-content\/uploads\/cuneyt-unsal.jpg\" \/>\n\t<meta property=\"og:image:width\" content=\"850\" \/>\n\t<meta property=\"og:image:height\" content=\"400\" \/>\n\t<meta property=\"og:image:type\" content=\"image\/jpeg\" \/>\n<meta name=\"twitter:card\" content=\"summary_large_image\" \/>\n<meta name=\"twitter:label1\" content=\"Est. reading time\" \/>\n\t<meta name=\"twitter:data1\" content=\"3 minutes\" \/>\n<script type=\"application\/ld+json\" class=\"yoast-schema-graph\">{\"@context\":\"https:\/\/schema.org\",\"@graph\":[{\"@type\":\"WebPage\",\"@id\":\"https:\/\/drcuneytunsal.com\/en\/articles\/\",\"url\":\"https:\/\/drcuneytunsal.com\/en\/articles\/\",\"name\":\"Articles - Assoc. Prof. Dr. Cuneyt Unsal\",\"isPartOf\":{\"@id\":\"https:\/\/drcuneytunsal.com\/en\/#website\"},\"primaryImageOfPage\":{\"@id\":\"https:\/\/drcuneytunsal.com\/en\/articles\/#primaryimage\"},\"image\":{\"@id\":\"https:\/\/drcuneytunsal.com\/en\/articles\/#primaryimage\"},\"thumbnailUrl\":\"https:\/\/drcuneytunsal.com\/en\/wp-content\/uploads\/cuneyt-unsal.jpg\",\"datePublished\":\"2025-08-12T08:31:38+00:00\",\"dateModified\":\"2025-10-30T11:43:40+00:00\",\"description\":\"Private Practice Appointment & Online Therapy --- Fenerbah\u00e7e Mh. Ba\u011fdat Cd. Temel Apt. No:146\/7 Kad\u0131k\u00f6y, \u0130stanbul, TURKEY\",\"breadcrumb\":{\"@id\":\"https:\/\/drcuneytunsal.com\/en\/articles\/#breadcrumb\"},\"inLanguage\":\"en-US\",\"potentialAction\":[{\"@type\":\"ReadAction\",\"target\":[\"https:\/\/drcuneytunsal.com\/en\/articles\/\"]}]},{\"@type\":\"ImageObject\",\"inLanguage\":\"en-US\",\"@id\":\"https:\/\/drcuneytunsal.com\/en\/articles\/#primaryimage\",\"url\":\"https:\/\/drcuneytunsal.com\/en\/wp-content\/uploads\/cuneyt-unsal.jpg\",\"contentUrl\":\"https:\/\/drcuneytunsal.com\/en\/wp-content\/uploads\/cuneyt-unsal.jpg\",\"width\":850,\"height\":400},{\"@type\":\"BreadcrumbList\",\"@id\":\"https:\/\/drcuneytunsal.com\/en\/articles\/#breadcrumb\",\"itemListElement\":[{\"@type\":\"ListItem\",\"position\":1,\"name\":\"Anasayfa\",\"item\":\"https:\/\/drcuneytunsal.com\/en\/\"},{\"@type\":\"ListItem\",\"position\":2,\"name\":\"Articles\"}]},{\"@type\":\"WebSite\",\"@id\":\"https:\/\/drcuneytunsal.com\/en\/#website\",\"url\":\"https:\/\/drcuneytunsal.com\/en\/\",\"name\":\"Assoc. Prof. Dr. Cuneyt Unsal\",\"description\":\"Psychiatrist \u2013 Psychotherapist\",\"potentialAction\":[{\"@type\":\"SearchAction\",\"target\":{\"@type\":\"EntryPoint\",\"urlTemplate\":\"https:\/\/drcuneytunsal.com\/en\/?s={search_term_string}\"},\"query-input\":{\"@type\":\"PropertyValueSpecification\",\"valueRequired\":true,\"valueName\":\"search_term_string\"}}],\"inLanguage\":\"en-US\"}]}<\/script>\n<!-- \/ Yoast SEO plugin. -->","yoast_head_json":{"title":"Articles - Assoc. Prof. Dr. Cuneyt Unsal","description":"Private Practice Appointment & Online Therapy --- Fenerbah\u00e7e Mh. Ba\u011fdat Cd. Temel Apt. No:146\/7 Kad\u0131k\u00f6y, \u0130stanbul, TURKEY","robots":{"index":"index","follow":"follow","max-snippet":"max-snippet:-1","max-image-preview":"max-image-preview:large","max-video-preview":"max-video-preview:-1"},"canonical":"https:\/\/drcuneytunsal.com\/en\/articles\/","og_locale":"en_US","og_type":"article","og_title":"Articles - Assoc. Prof. Dr. Cuneyt Unsal","og_description":"Private Practice Appointment & Online Therapy --- Fenerbah\u00e7e Mh. Ba\u011fdat Cd. Temel Apt. No:146\/7 Kad\u0131k\u00f6y, \u0130stanbul, TURKEY","og_url":"https:\/\/drcuneytunsal.com\/en\/articles\/","og_site_name":"Assoc. Prof. Dr. Cuneyt Unsal","article_modified_time":"2025-10-30T11:43:40+00:00","og_image":[{"width":850,"height":400,"url":"https:\/\/drcuneytunsal.com\/en\/wp-content\/uploads\/cuneyt-unsal.jpg","type":"image\/jpeg"}],"twitter_card":"summary_large_image","twitter_misc":{"Est. reading time":"3 minutes"},"schema":{"@context":"https:\/\/schema.org","@graph":[{"@type":"WebPage","@id":"https:\/\/drcuneytunsal.com\/en\/articles\/","url":"https:\/\/drcuneytunsal.com\/en\/articles\/","name":"Articles - Assoc. Prof. Dr. Cuneyt Unsal","isPartOf":{"@id":"https:\/\/drcuneytunsal.com\/en\/#website"},"primaryImageOfPage":{"@id":"https:\/\/drcuneytunsal.com\/en\/articles\/#primaryimage"},"image":{"@id":"https:\/\/drcuneytunsal.com\/en\/articles\/#primaryimage"},"thumbnailUrl":"https:\/\/drcuneytunsal.com\/en\/wp-content\/uploads\/cuneyt-unsal.jpg","datePublished":"2025-08-12T08:31:38+00:00","dateModified":"2025-10-30T11:43:40+00:00","description":"Private Practice Appointment & Online Therapy --- Fenerbah\u00e7e Mh. Ba\u011fdat Cd. Temel Apt. No:146\/7 Kad\u0131k\u00f6y, \u0130stanbul, TURKEY","breadcrumb":{"@id":"https:\/\/drcuneytunsal.com\/en\/articles\/#breadcrumb"},"inLanguage":"en-US","potentialAction":[{"@type":"ReadAction","target":["https:\/\/drcuneytunsal.com\/en\/articles\/"]}]},{"@type":"ImageObject","inLanguage":"en-US","@id":"https:\/\/drcuneytunsal.com\/en\/articles\/#primaryimage","url":"https:\/\/drcuneytunsal.com\/en\/wp-content\/uploads\/cuneyt-unsal.jpg","contentUrl":"https:\/\/drcuneytunsal.com\/en\/wp-content\/uploads\/cuneyt-unsal.jpg","width":850,"height":400},{"@type":"BreadcrumbList","@id":"https:\/\/drcuneytunsal.com\/en\/articles\/#breadcrumb","itemListElement":[{"@type":"ListItem","position":1,"name":"Anasayfa","item":"https:\/\/drcuneytunsal.com\/en\/"},{"@type":"ListItem","position":2,"name":"Articles"}]},{"@type":"WebSite","@id":"https:\/\/drcuneytunsal.com\/en\/#website","url":"https:\/\/drcuneytunsal.com\/en\/","name":"Assoc. Prof. Dr. Cuneyt Unsal","description":"Psychiatrist \u2013 Psychotherapist","potentialAction":[{"@type":"SearchAction","target":{"@type":"EntryPoint","urlTemplate":"https:\/\/drcuneytunsal.com\/en\/?s={search_term_string}"},"query-input":{"@type":"PropertyValueSpecification","valueRequired":true,"valueName":"search_term_string"}}],"inLanguage":"en-US"}]}},"_links":{"self":[{"href":"https:\/\/drcuneytunsal.com\/en\/wp-json\/wp\/v2\/pages\/1142","targetHints":{"allow":["GET"]}}],"collection":[{"href":"https:\/\/drcuneytunsal.com\/en\/wp-json\/wp\/v2\/pages"}],"about":[{"href":"https:\/\/drcuneytunsal.com\/en\/wp-json\/wp\/v2\/types\/page"}],"author":[{"embeddable":true,"href":"https:\/\/drcuneytunsal.com\/en\/wp-json\/wp\/v2\/users\/1"}],"replies":[{"embeddable":true,"href":"https:\/\/drcuneytunsal.com\/en\/wp-json\/wp\/v2\/comments?post=1142"}],"version-history":[{"count":6,"href":"https:\/\/drcuneytunsal.com\/en\/wp-json\/wp\/v2\/pages\/1142\/revisions"}],"predecessor-version":[{"id":1573,"href":"https:\/\/drcuneytunsal.com\/en\/wp-json\/wp\/v2\/pages\/1142\/revisions\/1573"}],"wp:featuredmedia":[{"embeddable":true,"href":"https:\/\/drcuneytunsal.com\/en\/wp-json\/wp\/v2\/media\/1079"}],"wp:attachment":[{"href":"https:\/\/drcuneytunsal.com\/en\/wp-json\/wp\/v2\/media?parent=1142"}],"curies":[{"name":"wp","href":"https:\/\/api.w.org\/{rel}","templated":true}]}}